{"id":4190,"date":"2023-04-04T14:31:22","date_gmt":"2023-04-04T12:31:22","guid":{"rendered":"https:\/\/www.camping-anduze.net\/?page_id=4190"},"modified":"2024-05-28T15:09:55","modified_gmt":"2024-05-28T13:09:55","slug":"das-meer","status":"publish","type":"page","link":"https:\/\/www.camping-anduze.net\/de\/das-meer\/","title":{"rendered":"Das Meer"},"content":{"rendered":"<section id=\"section-608fce38aab3f\"\" class=\"section bg-white p-t-0 p-b-0\" \/><div class=\"container full\"><div class=\"colonnes-wrap valign-middle modele\"><div class=\"element colonne modele_image\"><div class=\"element images scroll-x-mobile\"><div class=\"image\"><img decoding=\"async\" src=\"https:\/\/www.camping-anduze.net\/wp-content\/uploads\/2021\/05\/grau-du-roi-tourisme-100x78.jpg\" data-src=\"https:\/\/www.camping-anduze.net\/wp-content\/uploads\/2021\/05\/grau-du-roi-tourisme.jpg\" alt=\"grau du roi tourisme\" class=\"images_image\" \/><\/div><\/div><\/div><div class=\"element colonne modele_texte\"><h1 class=\"element section-title left\">Campingplatz am Meer<\/h1><div class=\"element bloc-text justify \">\n\t<p>Von <strong>Anduze<\/strong> aus &#8230; ein unumg\u00e4nglicher Ausflug zu den Horizonten der <strong>Camargue Gardoise<\/strong> f\u00fcr einen totalen Tapetenwechsel! Die nat\u00fcrlichen und gesch\u00fctzten Sandstr\u00e4nde, das Vogelschutzgebiet, die typischen D\u00f6rfer&#8230; eine sch\u00f6ne Vielfalt.<\/p>\n<\/div><h2 class=\"element section-title left m-t-4\">Die verschiedenen D\u00f6rfer <\/h2><div class=\"element bloc-text left \">\n\t<p><strong>Grau-du-Roi<\/strong> ist ein <strong>Fischerhafen<\/strong>, 18 km Strand, kleine H\u00e4user, die sich in die <strong>wilde Natur einf\u00fcgen<\/strong>, und der <strong>erste Jachthafen Europas<\/strong>. Der sch\u00f6ne lange <strong>Strand von Espiguette<\/strong> wartet nur auf Sie, um in der Sonne zu faulenzen oder einen Ausritt entlang des Strandes zu machen.<\/p>\n<p>Und wenn Sie Lust auf <strong>alte Steine<\/strong> und <strong>Geschichte<\/strong> haben, fahren Sie ins wenige Kilometer entfernte <strong>Aigues-Mortes<\/strong>, um die Stadtmauern zu besichtigen oder die Salinen von Aigues-Mortes zu besuchen, wo Sie entlang des Kanals wahrscheinlich <strong>rosa Flamingos<\/strong> sehen werden. Halten Sie die Augen offen!<\/p>\n<p>Und vergessen Sie vor allem nicht, dass Sie sich in der <strong>Camargue<\/strong> befinden! Stiere, Manade, Messer, Salze, seine Weine, die Lederverarbeitung&#8230; Les <strong>Saintes-Maries-de-la-Mer,<\/strong> ein typisches Dorf der Camargue, erwartet Sie zu einer kleinen Fahrt mit dem Touristenzug.<\/p>\n<\/div><\/div><\/div><\/div><\/section>\n\n<section id=\"section-6090f8c2f072a\"\" data-bg-opacite=\"1\"data-background=\"https:\/\/www.camping-anduze.net\/wp-content\/uploads\/2021\/06\/camping-bord-mer-anduze.jpg\"data-speed=\"0.8\"class=\"section modele separateurImage aventure oiseau bg-white section--has-bg-img section_bg-parallax\" \/><div class=\"container full\"><div class=\"colonnes-wrap valign-top \"><div class=\"element colonne \"><h2 class=\"element section-title left\">Aktivit\u00e4ten am Meer<\/h2><div class=\"element bloc-text left \">\n\t<p><span style=\"font-weight: 400; color: white;\">Reiten, Schwimmen, Bootsverleih f\u00fcr <strong style=\"color: #f4c74b;\">ein Spaziergang auf dem Meer<\/strong>, genie\u00dfen Sie auch die Strohh\u00fctten und Strandbars, die an den verschiedenen <strong style=\"color: #f4c74b;\">Str\u00e4nde in Okzitanien<\/strong> ! Sie k\u00f6nnen auch Fahrr\u00e4der mieten und am Meer entlang schlendern oder ins Seaquarium von Le grau du roi gehen, um die Meeresumwelt zu entdecken, zu verstehen und zu sch\u00fctzen, <strong style=\"color: #f4c74b;\">ein sch\u00f6ner Familienausflug in den Gard<\/strong> !<\/span><\/p>\n<\/div><\/div><\/div><\/div><\/section>\n\n<section id=\"section-608fce38aaecb\"\" class=\"section bg-white p-t-0 p-b-0\" \/><div class=\"container full\"><div class=\"colonnes-wrap valign-middle modele textLeft\"><div class=\"element colonne modele_texte\"><h2 class=\"element section-title justify\">Campingplatz 45 Minuten vom Meer entfernt<\/h2><div class=\"element bloc-text justify \">\n\t<p>Der Flower Camping les Fauvettes im Departement Gard liegt 45 Minuten von Palavas entfernt. Sie werden von seiner idealen Lage zwischen Meer und <a href=\"https:\/\/www.camping-anduze.net\/de\/die-cevennen\/\">Bergen<\/a> profitieren, <a href=\"https:\/\/www.camping-anduze.net\/de\/rund-um-den-campingplatz\/\">um das Gard<\/a> und seine sch\u00f6nen Landschaften zu entdecken.<\/p>\n<p>W\u00e4hrend Ihres Aufenthalts auf dem Campingplatz Anduze k\u00f6nnen Sie an den <strong>7 km langen Sandstr\u00e4nden<\/strong> entlang des Mittelmeers spazieren gehen, <a href=\"https:\/\/www.camping-anduze.net\/de\/nimes\/\">N\u00eemes<\/a> besuchen und seine Gastronomie kennenlernen. Sie k\u00f6nnen aber auch am <strong>&#8222;gro\u00dfen blauen Meer&#8220;<\/strong> baden, sich entspannen, durch die Einkaufsstra\u00dfen von Palavas schlendern oder ein Eis essen&#8230;<\/p>\n<p>In Anduze ist unser <a href=\"https:\/\/www.camping-anduze.net\/de\/\">Campingplatz am Rande der Cevennen<\/a> die ideale Wahl, um mit den F\u00fc\u00dfen im Wasser zu stehen!<\/p>\n<\/div><\/div><div class=\"element colonne modele_image\"><div class=\"element images scroll-x-mobile\"><div class=\"image\"><img decoding=\"async\" src=\"https:\/\/www.camping-anduze.net\/wp-content\/uploads\/2021\/05\/palavas-tourisme-100x78.jpg\" data-src=\"https:\/\/www.camping-anduze.net\/wp-content\/uploads\/2021\/05\/palavas-tourisme.jpg\" alt=\"palavas tourisme\" class=\"images_image\" \/><\/div><\/div><\/div><\/div><\/div><\/section>\n\n<section id=\"section-6090f8c2f0f2c\"\" class=\"section bg-white\" \/><div class=\"container large\"><div class=\"element section-title center titre-cta\">Die Berge und N\u00eemes in der N\u00e4he des Campingplatzes<\/div><div class=\"colonnes-wrap valign-top \"><div class=\"element colonne \"><div class=\"element call-to-action  call-to-action--style-1 call-to-action--big\"><a href=\"https:\/\/www.camping-anduze.net\/de\/die-cevennen\/\"  class=\"call-to-action_link\" title=\"Mehr \u00fcber die cevennen\"><div class=\"call-to-action_image\"><img decoding=\"async\" src=\"https:\/\/www.camping-anduze.net\/wp-content\/uploads\/2021\/05\/tourisme-anduze-62x100.jpg\" data-src=\"https:\/\/www.camping-anduze.net\/wp-content\/uploads\/2021\/05\/tourisme-anduze.jpg\" alt=\"\" class=\"big\" \/><\/div><div class=\"call-to-action_contenu\"><div class=\"call-to-action_titre\">Die Cevennen<\/div><div class=\"call-to-action_sous-titre\">in Okzitanien<\/div><\/div><\/a><\/div><\/div><div class=\"element colonne \"><div class=\"element call-to-action  call-to-action--style-1 call-to-action--big\"><a href=\"https:\/\/www.camping-anduze.net\/de\/nimes\/\"  class=\"call-to-action_link\" title=\"Mehr \u00fcber n\u00eemes\"><div class=\"call-to-action_image\"><img decoding=\"async\" src=\"https:\/\/www.camping-anduze.net\/wp-content\/uploads\/2021\/05\/visite-nimes-62x100.jpg\" data-src=\"https:\/\/www.camping-anduze.net\/wp-content\/uploads\/2021\/05\/visite-nimes.jpg\" alt=\"\" class=\"big\" \/><\/div><div class=\"call-to-action_contenu\"><div class=\"call-to-action_titre\">N\u00eemes<\/div><div class=\"call-to-action_sous-titre\">in Okzitanien<\/div><\/div><\/a><\/div><\/div><div class=\"element colonne \"><div class=\"element call-to-action  call-to-action--style-1 call-to-action--big\"><a href=\"https:\/\/www.camping-anduze.net\/de\/rund-um-den-campingplatz\/\"  class=\"call-to-action_link\" title=\"Mehr \u00fcber die region\"><div class=\"call-to-action_image\"><img decoding=\"async\" src=\"https:\/\/www.camping-anduze.net\/wp-content\/uploads\/2021\/05\/decouvrir-occitanie-62x100.jpg\" data-src=\"https:\/\/www.camping-anduze.net\/wp-content\/uploads\/2021\/05\/decouvrir-occitanie.jpg\" alt=\"\" class=\"big\" \/><\/div><div class=\"call-to-action_contenu\"><div class=\"call-to-action_titre\">Die Region<\/div><div class=\"call-to-action_sous-titre\">Okzitanien<\/div><\/div><\/a><\/div><\/div><\/div><\/div><\/section>","protected":false},"excerpt":{"rendered":"","protected":false},"author":3,"featured_media":3915,"parent":0,"menu_order":0,"comment_status":"closed","ping_status":"closed","template":"","meta":{"_acf_changed":false,"footnotes":""},"class_list":["post-4190","page","type-page","status-publish","has-post-thumbnail","hentry"],"acf":[],"yoast_head":"<!-- This site is optimized with the Yoast SEO plugin v25.3 - https:\/\/yoast.com\/wordpress\/plugins\/seo\/ -->\n<title>Das Meer - Camping Les Fauvettes<\/title>\n<meta name=\"robots\" content=\"index, follow, max-snippet:-1, max-image-preview:large, max-video-preview:-1\" \/>\n<link rel=\"canonical\" href=\"https:\/\/www.camping-anduze.net\/de\/das-meer\/\" \/>\n<meta property=\"og:locale\" content=\"de_DE\" \/>\n<meta property=\"og:type\" content=\"article\" \/>\n<meta property=\"og:title\" content=\"Das Meer - Camping Les Fauvettes\" \/>\n<meta property=\"og:url\" content=\"https:\/\/www.camping-anduze.net\/de\/das-meer\/\" \/>\n<meta property=\"og:site_name\" content=\"Camping Les Fauvettes\" \/>\n<meta property=\"article:modified_time\" content=\"2024-05-28T13:09:55+00:00\" \/>\n<meta property=\"og:image\" content=\"https:\/\/www.camping-anduze.net\/wp-content\/uploads\/2021\/05\/decouvrir-grau-du-roi.jpg\" \/>\n\t<meta property=\"og:image:width\" content=\"1903\" \/>\n\t<meta property=\"og:image:height\" content=\"450\" \/>\n\t<meta property=\"og:image:type\" content=\"image\/jpeg\" \/>\n<meta name=\"twitter:card\" content=\"summary_large_image\" \/>\n<script type=\"application\/ld+json\" class=\"yoast-schema-graph\">{\"@context\":\"https:\/\/schema.org\",\"@graph\":[{\"@type\":\"WebPage\",\"@id\":\"https:\/\/www.camping-anduze.net\/de\/das-meer\/\",\"url\":\"https:\/\/www.camping-anduze.net\/de\/das-meer\/\",\"name\":\"Das Meer - Camping Les Fauvettes\",\"isPartOf\":{\"@id\":\"https:\/\/www.camping-anduze.net\/de\/#website\"},\"primaryImageOfPage\":{\"@id\":\"https:\/\/www.camping-anduze.net\/de\/das-meer\/#primaryimage\"},\"image\":{\"@id\":\"https:\/\/www.camping-anduze.net\/de\/das-meer\/#primaryimage\"},\"thumbnailUrl\":\"https:\/\/www.camping-anduze.net\/wp-content\/uploads\/2021\/05\/decouvrir-grau-du-roi.jpg\",\"datePublished\":\"2023-04-04T12:31:22+00:00\",\"dateModified\":\"2024-05-28T13:09:55+00:00\",\"breadcrumb\":{\"@id\":\"https:\/\/www.camping-anduze.net\/de\/das-meer\/#breadcrumb\"},\"inLanguage\":\"de\",\"potentialAction\":[{\"@type\":\"ReadAction\",\"target\":[\"https:\/\/www.camping-anduze.net\/de\/das-meer\/\"]}]},{\"@type\":\"ImageObject\",\"inLanguage\":\"de\",\"@id\":\"https:\/\/www.camping-anduze.net\/de\/das-meer\/#primaryimage\",\"url\":\"https:\/\/www.camping-anduze.net\/wp-content\/uploads\/2021\/05\/decouvrir-grau-du-roi.jpg\",\"contentUrl\":\"https:\/\/www.camping-anduze.net\/wp-content\/uploads\/2021\/05\/decouvrir-grau-du-roi.jpg\",\"width\":1903,\"height\":450},{\"@type\":\"BreadcrumbList\",\"@id\":\"https:\/\/www.camping-anduze.net\/de\/das-meer\/#breadcrumb\",\"itemListElement\":[{\"@type\":\"ListItem\",\"position\":1,\"name\":\"Camping Gard\",\"item\":\"https:\/\/www.camping-anduze.net\/de\/\"},{\"@type\":\"ListItem\",\"position\":2,\"name\":\"Das Meer\"}]},{\"@type\":\"WebSite\",\"@id\":\"https:\/\/www.camping-anduze.net\/de\/#website\",\"url\":\"https:\/\/www.camping-anduze.net\/de\/\",\"name\":\"Camping Les Fauvettes\",\"description\":\"\",\"publisher\":{\"@id\":\"https:\/\/www.camping-anduze.net\/de\/#organization\"},\"potentialAction\":[{\"@type\":\"SearchAction\",\"target\":{\"@type\":\"EntryPoint\",\"urlTemplate\":\"https:\/\/www.camping-anduze.net\/de\/?s={search_term_string}\"},\"query-input\":{\"@type\":\"PropertyValueSpecification\",\"valueRequired\":true,\"valueName\":\"search_term_string\"}}],\"inLanguage\":\"de\"},{\"@type\":\"Organization\",\"@id\":\"https:\/\/www.camping-anduze.net\/de\/#organization\",\"name\":\"Les Fauvettes Camping Caravaning Locations\",\"url\":\"https:\/\/www.camping-anduze.net\/de\/\",\"logo\":{\"@type\":\"ImageObject\",\"inLanguage\":\"de\",\"@id\":\"https:\/\/www.camping-anduze.net\/de\/#\/schema\/logo\/image\/\",\"url\":\"https:\/\/www.camping-anduze.net\/wp-content\/uploads\/2021\/05\/camping-fauvettes-logo.png\",\"contentUrl\":\"https:\/\/www.camping-anduze.net\/wp-content\/uploads\/2021\/05\/camping-fauvettes-logo.png\",\"width\":486,\"height\":100,\"caption\":\"Les Fauvettes Camping Caravaning Locations\"},\"image\":{\"@id\":\"https:\/\/www.camping-anduze.net\/de\/#\/schema\/logo\/image\/\"}}]}<\/script>\n<!-- \/ Yoast SEO plugin. -->","yoast_head_json":{"title":"Das Meer - Camping Les Fauvettes","robots":{"index":"index","follow":"follow","max-snippet":"max-snippet:-1","max-image-preview":"max-image-preview:large","max-video-preview":"max-video-preview:-1"},"canonical":"https:\/\/www.camping-anduze.net\/de\/das-meer\/","og_locale":"de_DE","og_type":"article","og_title":"Das Meer - Camping Les Fauvettes","og_url":"https:\/\/www.camping-anduze.net\/de\/das-meer\/","og_site_name":"Camping Les Fauvettes","article_modified_time":"2024-05-28T13:09:55+00:00","og_image":[{"width":1903,"height":450,"url":"https:\/\/www.camping-anduze.net\/wp-content\/uploads\/2021\/05\/decouvrir-grau-du-roi.jpg","type":"image\/jpeg"}],"twitter_card":"summary_large_image","schema":{"@context":"https:\/\/schema.org","@graph":[{"@type":"WebPage","@id":"https:\/\/www.camping-anduze.net\/de\/das-meer\/","url":"https:\/\/www.camping-anduze.net\/de\/das-meer\/","name":"Das Meer - Camping Les Fauvettes","isPartOf":{"@id":"https:\/\/www.camping-anduze.net\/de\/#website"},"primaryImageOfPage":{"@id":"https:\/\/www.camping-anduze.net\/de\/das-meer\/#primaryimage"},"image":{"@id":"https:\/\/www.camping-anduze.net\/de\/das-meer\/#primaryimage"},"thumbnailUrl":"https:\/\/www.camping-anduze.net\/wp-content\/uploads\/2021\/05\/decouvrir-grau-du-roi.jpg","datePublished":"2023-04-04T12:31:22+00:00","dateModified":"2024-05-28T13:09:55+00:00","breadcrumb":{"@id":"https:\/\/www.camping-anduze.net\/de\/das-meer\/#breadcrumb"},"inLanguage":"de","potentialAction":[{"@type":"ReadAction","target":["https:\/\/www.camping-anduze.net\/de\/das-meer\/"]}]},{"@type":"ImageObject","inLanguage":"de","@id":"https:\/\/www.camping-anduze.net\/de\/das-meer\/#primaryimage","url":"https:\/\/www.camping-anduze.net\/wp-content\/uploads\/2021\/05\/decouvrir-grau-du-roi.jpg","contentUrl":"https:\/\/www.camping-anduze.net\/wp-content\/uploads\/2021\/05\/decouvrir-grau-du-roi.jpg","width":1903,"height":450},{"@type":"BreadcrumbList","@id":"https:\/\/www.camping-anduze.net\/de\/das-meer\/#breadcrumb","itemListElement":[{"@type":"ListItem","position":1,"name":"Camping Gard","item":"https:\/\/www.camping-anduze.net\/de\/"},{"@type":"ListItem","position":2,"name":"Das Meer"}]},{"@type":"WebSite","@id":"https:\/\/www.camping-anduze.net\/de\/#website","url":"https:\/\/www.camping-anduze.net\/de\/","name":"Camping Les Fauvettes","description":"","publisher":{"@id":"https:\/\/www.camping-anduze.net\/de\/#organization"},"potentialAction":[{"@type":"SearchAction","target":{"@type":"EntryPoint","urlTemplate":"https:\/\/www.camping-anduze.net\/de\/?s={search_term_string}"},"query-input":{"@type":"PropertyValueSpecification","valueRequired":true,"valueName":"search_term_string"}}],"inLanguage":"de"},{"@type":"Organization","@id":"https:\/\/www.camping-anduze.net\/de\/#organization","name":"Les Fauvettes Camping Caravaning Locations","url":"https:\/\/www.camping-anduze.net\/de\/","logo":{"@type":"ImageObject","inLanguage":"de","@id":"https:\/\/www.camping-anduze.net\/de\/#\/schema\/logo\/image\/","url":"https:\/\/www.camping-anduze.net\/wp-content\/uploads\/2021\/05\/camping-fauvettes-logo.png","contentUrl":"https:\/\/www.camping-anduze.net\/wp-content\/uploads\/2021\/05\/camping-fauvettes-logo.png","width":486,"height":100,"caption":"Les Fauvettes Camping Caravaning Locations"},"image":{"@id":"https:\/\/www.camping-anduze.net\/de\/#\/schema\/logo\/image\/"}}]}},"_links":{"self":[{"href":"https:\/\/www.camping-anduze.net\/de\/wp-json\/wp\/v2\/pages\/4190","targetHints":{"allow":["GET"]}}],"collection":[{"href":"https:\/\/www.camping-anduze.net\/de\/wp-json\/wp\/v2\/pages"}],"about":[{"href":"https:\/\/www.camping-anduze.net\/de\/wp-json\/wp\/v2\/types\/page"}],"author":[{"embeddable":true,"href":"https:\/\/www.camping-anduze.net\/de\/wp-json\/wp\/v2\/users\/3"}],"replies":[{"embeddable":true,"href":"https:\/\/www.camping-anduze.net\/de\/wp-json\/wp\/v2\/comments?post=4190"}],"version-history":[{"count":18,"href":"https:\/\/www.camping-anduze.net\/de\/wp-json\/wp\/v2\/pages\/4190\/revisions"}],"predecessor-version":[{"id":4812,"href":"https:\/\/www.camping-anduze.net\/de\/wp-json\/wp\/v2\/pages\/4190\/revisions\/4812"}],"wp:featuredmedia":[{"embeddable":true,"href":"https:\/\/www.camping-anduze.net\/de\/wp-json\/wp\/v2\/media\/3915"}],"wp:attachment":[{"href":"https:\/\/www.camping-anduze.net\/de\/wp-json\/wp\/v2\/media?parent=4190"}],"curies":[{"name":"wp","href":"https:\/\/api.w.org\/{rel}","templated":true}]}}