{"id":2020,"date":"2021-05-03T11:15:31","date_gmt":"2021-05-03T09:15:31","guid":{"rendered":"https:\/\/www.camping-anduze.net\/camping-nimes\/"},"modified":"2021-06-09T14:17:39","modified_gmt":"2021-06-09T12:17:39","slug":"campsite-nimes","status":"publish","type":"page","link":"https:\/\/www.camping-anduze.net\/en\/campsite-nimes\/","title":{"rendered":"Nimes"},"content":{"rendered":"<section id=\"section-608fce38aab3f\"\" class=\"section bg-white p-t-0 p-b-0\" \/><div class=\"container full\"><div class=\"colonnes-wrap valign-middle modele\"><div class=\"element colonne modele_image\"><div class=\"element images scroll-x-mobile\"><div class=\"image\"><img decoding=\"async\" src=\"https:\/\/www.camping-anduze.net\/wp-content\/uploads\/2021\/05\/visite-arene-nimes-100x78.jpg\" data-src=\"https:\/\/www.camping-anduze.net\/wp-content\/uploads\/2021\/05\/visite-arene-nimes.jpg\" alt=\"visite arene nimes\" class=\"images_image\" \/><\/div><\/div><\/div><div class=\"element colonne modele_texte\"><h1 class=\"element section-title left\">Campsite near N\u00eemes<\/h1><h2 class=\"element section-title justify\">Tourism in N\u00eemes<\/h2><div class=\"element bloc-text justify \">\n\t<p>The Gard, we couldn&#8217;t talk about it without mentioning its <strong class=\"bold color2\">chef-lieu<\/strong>: N\u00eemes, nicknamed the <strong class=\"bold color2\">&#8216;French Rome&#8217;<\/strong>. <\/p>\n<p>A few kilometres from Anduze: <a href=\"https:\/\/www.nimes.fr\/\"target=\"_blank\" rel=\"noopener\"\">N\u00eemes<\/a> dates back to the <strong class=\"bold color2\">Roman era<\/strong> and retains many monuments, it is a must-see tourist attraction in the Gard thanks to its history and its climate! Its arenas, its parks, the mus\u00e9e de la romanit\u00e9, the pont du Gard! <\/p>\n<\/div><h2 class=\"element section-title left m-t-4\">What to see in N\u00eemes<\/h2><div class=\"element bloc-text left \">\n\t<p>You can visit, among others, the N\u00eemes arenas, the Roman museum, the maison carr\u00e9e&#8230; and to continue with the history, you can go a few kilometres to the Pont du Gard.<\/p>\n<p>The <a href=\"https:\/\/www.arenes-nimes.com\/\"target=\"_blank\" rel=\"noopener\"\">arenes of N\u00eemes<\/a>: Roman amphitheatre of the city, you can visit them and discover the life of gladiators or understand the practice of bullfighting.<\/p>\n<p><strong class=\"bold color2\">The square house<\/strong>: former Roman temple. It owes its name to its geometric shape.<\/p>\n<p>The <a href=\"https:\/\/museedelaromanite.fr\/\"target=\"_blank\" rel=\"noopener\"\">Romanity Museum<\/a>: a recent and modern museum have an extraordinary experience that will immerse you in 25 centuries of history to explore in front of the bullring. You will also find ephemeral exhibitions.<\/p>\n<p>A little relaxation, the <strong class=\"bold color2\">Fountain Gardens<\/strong> await you&#8230; dating from the Roman era you can walk through them or relax there while imagining yourself living in the Roman era. <\/p>\n<p>Now you want to relax and get away from it all&#8230; go to the Mediterranean coast.<\/p>\n<\/div><\/div><\/div><\/div><\/section>\n\n<section id=\"section-6090f8c2f072a\"\" data-bg-opacite=\"1\"data-background=\"https:\/\/www.camping-anduze.net\/wp-content\/uploads\/2021\/05\/tourisme-pont-gard-nimes.jpg\"data-speed=\"0.8\"class=\"section modele separateurImage aventure oiseau bg-white section--has-bg-img section_bg-parallax\" \/><div class=\"container full\"><div class=\"colonnes-wrap valign-top \"><div class=\"element colonne \"><h2 class=\"element section-title left\">Things to do in N\u00eemes<\/h2><div class=\"element bloc-text left \">\n\t<p>You can, find every morning, <strong class=\"bold color1\">&#8220;les halles de N\u00eemes&#8221;<\/strong> or you find the Occitan atmosphere that reigns there, while buying <strong class=\"bold color1\">local products<\/strong>, discover the <strong class=\"bold color1\">gastronomy<\/strong>: brandade spices, wine,&#8230; but also oyster tasting!<\/p>\n<p>At 35 min by car, go and admire the panorama of the <strong class=\"bold color1\">pont du Gard<\/strong>, <strong class=\"bold color1\">vestige of the Roman aqueduct<\/strong> of more than 2000 years old, make superb panoramic shots and walk along the path provided for this purpose! <\/p>\n<\/div><\/div><\/div><\/div><\/section>\n\n<section id=\"section-608fce38aaecb\"\" class=\"section bg-white p-t-0 p-b-0\" \/><div class=\"container full\"><div class=\"colonnes-wrap valign-middle modele textLeft\"><div class=\"element colonne modele_texte\"><h2 class=\"element section-title justify\">Campsite near N\u00eemes<\/h2><div class=\"element bloc-text left \">\n\t<p>During your stay at the Gard campsite in the heart of the montane where you can go on many hikes, make a diversion to N\u00eemes and discover its <strong class=\"bold color2\">history<\/strong> and its <strong class=\"bold color2\">gastronomy<\/strong> that will delight your taste buds.  <\/p>\n<p>Culturally rich, you will have many visits to make and with your family before passing by the <strong class=\"bold color2\">pont du Gard<\/strong> which reserves a sublime view. As well as the unforgettable memories you&#8217;ll create for yourself, take home some <strong class=\"bold color2\">local produce<\/strong> in your suitcases. <\/p>\n<p>The camping in Anduze near the sea is easily accessible from N\u00eemes, airport, train, bus station, only a min drive away, find the peace and quiet in Anduze, all near N\u00eemes.<\/p>\n<\/div><\/div><div class=\"element colonne modele_image\"><div class=\"element images scroll-x-mobile\"><div class=\"image\"><img decoding=\"async\" src=\"https:\/\/www.camping-anduze.net\/wp-content\/uploads\/2021\/05\/tourisme-nimes-100x78.jpg\" data-src=\"https:\/\/www.camping-anduze.net\/wp-content\/uploads\/2021\/05\/tourisme-nimes.jpg\" alt=\"tourisme nimes\" class=\"images_image\" \/><\/div><\/div><\/div><\/div><\/div><\/section>\n\n<section id=\"section-6090f8c2f0f2c\"\" class=\"section bg-white\" \/><div class=\"container large\"><div class=\"element section-title center titre-cta\">Nos animations et nos locations \u00e0 Anduze<\/div><div class=\"colonnes-wrap valign-top \"><div class=\"element colonne \"><div class=\"element call-to-action  call-to-action--style-1 call-to-action--big\"><a href=\"https:\/\/www.camping-anduze.net\/en\/camping-by-the-sea\/\"  class=\"call-to-action_link\" title=\"Read more about the sea\"><div class=\"call-to-action_image\"><img decoding=\"async\" src=\"https:\/\/www.camping-anduze.net\/wp-content\/uploads\/2021\/05\/visite-grau-du-roi-1-62x100.jpg\" data-src=\"https:\/\/www.camping-anduze.net\/wp-content\/uploads\/2021\/05\/visite-grau-du-roi-1.jpg\" alt=\"visite-grau-du-roi\" class=\"big\" \/><\/div><div class=\"call-to-action_contenu\"><div class=\"call-to-action_titre\">The sea<\/div><div class=\"call-to-action_sous-titre\">in Occitania<\/div><\/div><\/a><\/div><\/div><div class=\"element colonne \"><div class=\"element call-to-action  call-to-action--style-1 call-to-action--big\"><a href=\"https:\/\/www.camping-anduze.net\/en\/campsite-cevennes\/\"  class=\"call-to-action_link\" title=\"Read more about les c\u00e9vennes\"><div class=\"call-to-action_image\"><img decoding=\"async\" src=\"https:\/\/www.camping-anduze.net\/wp-content\/uploads\/2021\/05\/tourisme-anduze-62x100.jpg\" data-src=\"https:\/\/www.camping-anduze.net\/wp-content\/uploads\/2021\/05\/tourisme-anduze.jpg\" alt=\"tourisme-anduze\" class=\"big\" \/><\/div><div class=\"call-to-action_contenu\"><div class=\"call-to-action_titre\">Les C\u00e9vennes<\/div><div class=\"call-to-action_sous-titre\">in Occitania<\/div><\/div><\/a><\/div><\/div><div class=\"element colonne \"><div class=\"element call-to-action  call-to-action--style-1 call-to-action--big\"><a href=\"https:\/\/www.camping-anduze.net\/en\/tourism-occitania\/\"  class=\"call-to-action_link\" title=\"Read more about the region\"><div class=\"call-to-action_image\"><img decoding=\"async\" src=\"https:\/\/www.camping-anduze.net\/wp-content\/uploads\/2021\/05\/decouvrir-occitanie-62x100.jpg\" data-src=\"https:\/\/www.camping-anduze.net\/wp-content\/uploads\/2021\/05\/decouvrir-occitanie.jpg\" alt=\"decouvrir-occitanie\" class=\"big\" \/><\/div><div class=\"call-to-action_contenu\"><div class=\"call-to-action_titre\">The region<\/div><div class=\"call-to-action_sous-titre\">Occitanie<\/div><\/div><\/a><\/div><\/div><\/div><\/div><\/section>","protected":false},"excerpt":{"rendered":"","protected":false},"author":1,"featured_media":2841,"parent":0,"menu_order":0,"comment_status":"closed","ping_status":"closed","template":"","meta":{"_acf_changed":false,"footnotes":""},"class_list":["post-2020","page","type-page","status-publish","has-post-thumbnail","hentry"],"acf":[],"yoast_head":"<!-- This site is optimized with the Yoast SEO plugin v25.3 - https:\/\/yoast.com\/wordpress\/plugins\/seo\/ -->\n<title>Camping near N\u00eemes | Discover N\u00eemes | Tourism and visits in N\u00eemes<\/title>\n<meta name=\"robots\" content=\"index, follow, max-snippet:-1, max-image-preview:large, max-video-preview:-1\" \/>\n<link rel=\"canonical\" href=\"https:\/\/www.camping-anduze.net\/en\/campsite-nimes\/\" \/>\n<meta property=\"og:locale\" content=\"en_US\" \/>\n<meta property=\"og:type\" content=\"article\" \/>\n<meta property=\"og:title\" content=\"Camping near N\u00eemes | Discover N\u00eemes | Tourism and visits in N\u00eemes\" \/>\n<meta property=\"og:url\" content=\"https:\/\/www.camping-anduze.net\/en\/campsite-nimes\/\" \/>\n<meta property=\"og:site_name\" content=\"Camping Les Fauvettes\" \/>\n<meta property=\"article:modified_time\" content=\"2021-06-09T12:17:39+00:00\" \/>\n<meta property=\"og:image\" content=\"https:\/\/www.camping-anduze.net\/wp-content\/uploads\/2021\/06\/decouvrir-nimes.jpg\" \/>\n\t<meta property=\"og:image:width\" content=\"1903\" \/>\n\t<meta property=\"og:image:height\" content=\"450\" \/>\n\t<meta property=\"og:image:type\" content=\"image\/jpeg\" \/>\n<meta name=\"twitter:card\" content=\"summary_large_image\" \/>\n<script type=\"application\/ld+json\" class=\"yoast-schema-graph\">{\"@context\":\"https:\/\/schema.org\",\"@graph\":[{\"@type\":\"WebPage\",\"@id\":\"https:\/\/www.camping-anduze.net\/en\/campsite-nimes\/\",\"url\":\"https:\/\/www.camping-anduze.net\/en\/campsite-nimes\/\",\"name\":\"Camping near N\u00eemes | Discover N\u00eemes | Tourism and visits in N\u00eemes\",\"isPartOf\":{\"@id\":\"https:\/\/www.camping-anduze.net\/en\/#website\"},\"primaryImageOfPage\":{\"@id\":\"https:\/\/www.camping-anduze.net\/en\/campsite-nimes\/#primaryimage\"},\"image\":{\"@id\":\"https:\/\/www.camping-anduze.net\/en\/campsite-nimes\/#primaryimage\"},\"thumbnailUrl\":\"https:\/\/www.camping-anduze.net\/wp-content\/uploads\/2021\/06\/decouvrir-nimes.jpg\",\"datePublished\":\"2021-05-03T09:15:31+00:00\",\"dateModified\":\"2021-06-09T12:17:39+00:00\",\"breadcrumb\":{\"@id\":\"https:\/\/www.camping-anduze.net\/en\/campsite-nimes\/#breadcrumb\"},\"inLanguage\":\"en-US\",\"potentialAction\":[{\"@type\":\"ReadAction\",\"target\":[\"https:\/\/www.camping-anduze.net\/en\/campsite-nimes\/\"]}]},{\"@type\":\"ImageObject\",\"inLanguage\":\"en-US\",\"@id\":\"https:\/\/www.camping-anduze.net\/en\/campsite-nimes\/#primaryimage\",\"url\":\"https:\/\/www.camping-anduze.net\/wp-content\/uploads\/2021\/06\/decouvrir-nimes.jpg\",\"contentUrl\":\"https:\/\/www.camping-anduze.net\/wp-content\/uploads\/2021\/06\/decouvrir-nimes.jpg\",\"width\":1903,\"height\":450,\"caption\":\"decouvrir nimes\"},{\"@type\":\"BreadcrumbList\",\"@id\":\"https:\/\/www.camping-anduze.net\/en\/campsite-nimes\/#breadcrumb\",\"itemListElement\":[{\"@type\":\"ListItem\",\"position\":1,\"name\":\"Camping Gard\",\"item\":\"https:\/\/www.camping-anduze.net\/en\/\"},{\"@type\":\"ListItem\",\"position\":2,\"name\":\"Campsite near N\u00eemes\"}]},{\"@type\":\"WebSite\",\"@id\":\"https:\/\/www.camping-anduze.net\/en\/#website\",\"url\":\"https:\/\/www.camping-anduze.net\/en\/\",\"name\":\"Camping Les Fauvettes\",\"description\":\"\",\"publisher\":{\"@id\":\"https:\/\/www.camping-anduze.net\/en\/#organization\"},\"potentialAction\":[{\"@type\":\"SearchAction\",\"target\":{\"@type\":\"EntryPoint\",\"urlTemplate\":\"https:\/\/www.camping-anduze.net\/en\/?s={search_term_string}\"},\"query-input\":{\"@type\":\"PropertyValueSpecification\",\"valueRequired\":true,\"valueName\":\"search_term_string\"}}],\"inLanguage\":\"en-US\"},{\"@type\":\"Organization\",\"@id\":\"https:\/\/www.camping-anduze.net\/en\/#organization\",\"name\":\"Les Fauvettes Camping Caravaning Locations\",\"url\":\"https:\/\/www.camping-anduze.net\/en\/\",\"logo\":{\"@type\":\"ImageObject\",\"inLanguage\":\"en-US\",\"@id\":\"https:\/\/www.camping-anduze.net\/en\/#\/schema\/logo\/image\/\",\"url\":\"https:\/\/www.camping-anduze.net\/wp-content\/uploads\/2021\/05\/camping-fauvettes-logo.png\",\"contentUrl\":\"https:\/\/www.camping-anduze.net\/wp-content\/uploads\/2021\/05\/camping-fauvettes-logo.png\",\"width\":486,\"height\":100,\"caption\":\"Les Fauvettes Camping Caravaning Locations\"},\"image\":{\"@id\":\"https:\/\/www.camping-anduze.net\/en\/#\/schema\/logo\/image\/\"}}]}<\/script>\n<!-- \/ Yoast SEO plugin. -->","yoast_head_json":{"title":"Camping near N\u00eemes | Discover N\u00eemes | Tourism and visits in N\u00eemes","robots":{"index":"index","follow":"follow","max-snippet":"max-snippet:-1","max-image-preview":"max-image-preview:large","max-video-preview":"max-video-preview:-1"},"canonical":"https:\/\/www.camping-anduze.net\/en\/campsite-nimes\/","og_locale":"en_US","og_type":"article","og_title":"Camping near N\u00eemes | Discover N\u00eemes | Tourism and visits in N\u00eemes","og_url":"https:\/\/www.camping-anduze.net\/en\/campsite-nimes\/","og_site_name":"Camping Les Fauvettes","article_modified_time":"2021-06-09T12:17:39+00:00","og_image":[{"width":1903,"height":450,"url":"https:\/\/www.camping-anduze.net\/wp-content\/uploads\/2021\/06\/decouvrir-nimes.jpg","type":"image\/jpeg"}],"twitter_card":"summary_large_image","schema":{"@context":"https:\/\/schema.org","@graph":[{"@type":"WebPage","@id":"https:\/\/www.camping-anduze.net\/en\/campsite-nimes\/","url":"https:\/\/www.camping-anduze.net\/en\/campsite-nimes\/","name":"Camping near N\u00eemes | Discover N\u00eemes | Tourism and visits in N\u00eemes","isPartOf":{"@id":"https:\/\/www.camping-anduze.net\/en\/#website"},"primaryImageOfPage":{"@id":"https:\/\/www.camping-anduze.net\/en\/campsite-nimes\/#primaryimage"},"image":{"@id":"https:\/\/www.camping-anduze.net\/en\/campsite-nimes\/#primaryimage"},"thumbnailUrl":"https:\/\/www.camping-anduze.net\/wp-content\/uploads\/2021\/06\/decouvrir-nimes.jpg","datePublished":"2021-05-03T09:15:31+00:00","dateModified":"2021-06-09T12:17:39+00:00","breadcrumb":{"@id":"https:\/\/www.camping-anduze.net\/en\/campsite-nimes\/#breadcrumb"},"inLanguage":"en-US","potentialAction":[{"@type":"ReadAction","target":["https:\/\/www.camping-anduze.net\/en\/campsite-nimes\/"]}]},{"@type":"ImageObject","inLanguage":"en-US","@id":"https:\/\/www.camping-anduze.net\/en\/campsite-nimes\/#primaryimage","url":"https:\/\/www.camping-anduze.net\/wp-content\/uploads\/2021\/06\/decouvrir-nimes.jpg","contentUrl":"https:\/\/www.camping-anduze.net\/wp-content\/uploads\/2021\/06\/decouvrir-nimes.jpg","width":1903,"height":450,"caption":"decouvrir nimes"},{"@type":"BreadcrumbList","@id":"https:\/\/www.camping-anduze.net\/en\/campsite-nimes\/#breadcrumb","itemListElement":[{"@type":"ListItem","position":1,"name":"Camping Gard","item":"https:\/\/www.camping-anduze.net\/en\/"},{"@type":"ListItem","position":2,"name":"Campsite near N\u00eemes"}]},{"@type":"WebSite","@id":"https:\/\/www.camping-anduze.net\/en\/#website","url":"https:\/\/www.camping-anduze.net\/en\/","name":"Camping Les Fauvettes","description":"","publisher":{"@id":"https:\/\/www.camping-anduze.net\/en\/#organization"},"potentialAction":[{"@type":"SearchAction","target":{"@type":"EntryPoint","urlTemplate":"https:\/\/www.camping-anduze.net\/en\/?s={search_term_string}"},"query-input":{"@type":"PropertyValueSpecification","valueRequired":true,"valueName":"search_term_string"}}],"inLanguage":"en-US"},{"@type":"Organization","@id":"https:\/\/www.camping-anduze.net\/en\/#organization","name":"Les Fauvettes Camping Caravaning Locations","url":"https:\/\/www.camping-anduze.net\/en\/","logo":{"@type":"ImageObject","inLanguage":"en-US","@id":"https:\/\/www.camping-anduze.net\/en\/#\/schema\/logo\/image\/","url":"https:\/\/www.camping-anduze.net\/wp-content\/uploads\/2021\/05\/camping-fauvettes-logo.png","contentUrl":"https:\/\/www.camping-anduze.net\/wp-content\/uploads\/2021\/05\/camping-fauvettes-logo.png","width":486,"height":100,"caption":"Les Fauvettes Camping Caravaning Locations"},"image":{"@id":"https:\/\/www.camping-anduze.net\/en\/#\/schema\/logo\/image\/"}}]}},"_links":{"self":[{"href":"https:\/\/www.camping-anduze.net\/en\/wp-json\/wp\/v2\/pages\/2020","targetHints":{"allow":["GET"]}}],"collection":[{"href":"https:\/\/www.camping-anduze.net\/en\/wp-json\/wp\/v2\/pages"}],"about":[{"href":"https:\/\/www.camping-anduze.net\/en\/wp-json\/wp\/v2\/types\/page"}],"author":[{"embeddable":true,"href":"https:\/\/www.camping-anduze.net\/en\/wp-json\/wp\/v2\/users\/1"}],"replies":[{"embeddable":true,"href":"https:\/\/www.camping-anduze.net\/en\/wp-json\/wp\/v2\/comments?post=2020"}],"version-history":[{"count":10,"href":"https:\/\/www.camping-anduze.net\/en\/wp-json\/wp\/v2\/pages\/2020\/revisions"}],"predecessor-version":[{"id":2654,"href":"https:\/\/www.camping-anduze.net\/en\/wp-json\/wp\/v2\/pages\/2020\/revisions\/2654"}],"wp:featuredmedia":[{"embeddable":true,"href":"https:\/\/www.camping-anduze.net\/en\/wp-json\/wp\/v2\/media\/2841"}],"wp:attachment":[{"href":"https:\/\/www.camping-anduze.net\/en\/wp-json\/wp\/v2\/media?parent=2020"}],"curies":[{"name":"wp","href":"https:\/\/api.w.org\/{rel}","templated":true}]}}