{"id":1891,"date":"2021-06-01T10:26:57","date_gmt":"2021-06-01T08:26:57","guid":{"rendered":"https:\/\/www.camping-anduze.net\/faq-camping\/"},"modified":"2021-06-11T12:01:45","modified_gmt":"2021-06-11T10:01:45","slug":"faq-campsite","status":"publish","type":"page","link":"https:\/\/www.camping-anduze.net\/en\/faq-campsite\/","title":{"rendered":"FAQ du Camping"},"content":{"rendered":"<section id=\"section-60b4f44ea7df7\"\" class=\"section bg-white\" \/><div class=\"container extralarge\"><h1 class=\"element section-title justify\">Campsite FAQ<\/h1><h2 class=\"element section-title justify\">About my booking<\/h2><div class=\"element bloc-text\">\n\t<details>\r\n    <summary>Quels sont <strong class=\"bold color1\">les modes de paiement accept\u00e9s<\/strong> ?<\/summary>\r\n\t\t\t\t<br>\r\nVous avez la possibilit\u00e9 de r\u00e9gler par virement bancaire (vous pouvez t\u00e9l\u00e9charger notre RIB), par carte bancaire, ideal, sofort, bancontact, ch\u00e8ques ANCV ou esp\u00e8ces.\r\n<\/details>\r\n<br>\r\n<details>\r\n    <summary>Quand dois-je <strong class=\"bold color1\">r\u00e9gler<\/strong> ?<\/summary>\r\n\t\t\t\t<br>\r\nLe <strong class=\"bold color1\">contrat de r\u00e9servation sous format papier ou la r\u00e9servation en ligne avec un versement d\u2019acompte<\/strong> est obligatoire afin de valider votre r\u00e9servation. Pour les emplacements camping le solde se fera le jour de votre arriv\u00e9e. Pour les locations, le solde est \u00e0 r\u00e9gler un mois avant votre date d\u2019arriv\u00e9e.\r\n<\/details>\r\n<br>\r\n<details>\r\n    <summary>Pourquoi souscrire <strong class=\"bold color1\">l\u2019assurance annulation<\/strong> et que couvre t-elle ?<\/summary>\r\n\t\t\t\t<br>\r\nLes \u00e9v\u00e9nements couverts par <strong class=\"bold color1\">l\u2019assurance annulation sont (liste exhaustive) :<\/strong> d\u00e9c\u00e8s, maladie, accident corporel grave, hospitalisation, de vous-m\u00eame ou d\u2019un membre de la famille proche, licenciement, ou obtention d\u2019un emploi, cambriolage ou d\u00e9g\u00e2ts mat\u00e9riels importants de votre r\u00e9sidence principale. D\u2019un montant de 3,5% du s\u00e9jour et payable int\u00e9gralement uniquement \u00e0 la r\u00e9servation, ce montant s\u2019ajoute \u00e0 celui de l\u2019acompte qui doit \u00eatre vers\u00e9. Vous pouvez t\u00e9l\u00e9charger sur notre site les conditions g\u00e9n\u00e9rales de l\u2019assurance annulation\r\n<strong class=\"bold color1\">Sans souscription<\/strong> et si vous annulez votre r\u00e9servation plus de 30 jours avant la date de d\u00e9but de s\u00e9jour, l\u2019acompte vers\u00e9 sera conserv\u00e9. \u00c0 moins de 30 jours avant la date de d\u00e9but de s\u00e9jour, le solde vous sera demand\u00e9 en int\u00e9gralit\u00e9.\r\n<\/details>\r\n<br><\/div><h2 class=\"element section-title justify\">About my stay<\/h2><div class=\"element bloc-text\">\n\t<details>\r\n    <summary>What to do in case of <strong class=\"bold color1\">late arrival<\/strong>?<\/summary>\r\n\t\t\t\t<br>\r\nArrivals are made <strong class=\"bold color1\">between 3pm and 6pm,<\/strong> if you arrive later than 6pm, you must imperatively inform the reception. Departures for camping pitches are by 12 noon and departures for rentals are by 10am with an appointment.\r\n<\/details>\r\n<br>\r\n<details>\r\n    <summary>Is the children&#8217;s club <strong class=\"bold color1\">paying<\/strong>?<\/summary>\r\n\t\t\t\t<br>\r\nThe kids club is <strong class=\"bold color1\">open Monday to Friday mornings from 10am to 12pm for children aged 5 to 12 years old.<\/strong> This service is free of charge. A minimum of 5 children present is required to maintain the activity.\r\n<\/details>\r\n<br>\r\n<details>\r\n    <summary>Are barbecues <strong class=\"bold color1\">permitted<\/strong>?<\/summary>\r\n\t\t\t\t<br>\r\nCharcoal and electric barbecues are <strong class=\"bold color1\">strictly forbidden on the campsite,<\/strong> only gas ones are allowed. If you wish we can rent them for 5\u20ac per day (gas included).\r\n<\/details>\r\n<br>\r\n<details>\r\n    <summary>Can we park <strong class=\"bold color1\">our vehicle on the pitch<\/strong>?<\/summary>\r\n\t\t\t\t<br>\r\nWhether you are camping or renting <strong class=\"bold color1\">you are entitled to one vehicle on your pitch,<\/strong> if you have a second vehicle, this will also have to be parked on your pitch and a fee of 4\u20ac per day will be charged. Under no circumstances should vehicles be parked during your stay on the reception car park.\r\n<\/details>\r\n<br>\r\n<details>\r\n    <summary> Is access to the swimming pool <strong class=\"bold color1\">free<\/strong>?<\/summary>\r\n\t\t\t\t<br>\r\nAccess is reserved for campsite guests from <strong class=\"bold color1\">10am to 7pm, the waterslide is open from 10am to 12pm and from 3pm to 6pm.<\/strong> To access the pools, wearing a wristband is mandatory . For hygiene measures, shorts and swimming trunks are forbidden, only swimming costumes are allowed.\r\n<\/details>\r\n<br>\r\n<details>\r\n    <summary>Are dogs <strong class=\"bold color1\">allowed<\/strong>?<\/summary>\r\n\t\t\t\t<br>\r\nDogs of <strong class=\"bold color1\">category 1 and 2 are strictly prohibited<\/strong> You must have an up-to-date vaccination record and the dog must be kept on a lead. Dogs must not enter the sanitary blocks, nor be left locked up in the rentals, caravans or cars during the day. A fee according to the period is payable.\r\n<\/details>\r\n<br>\r\n<details>\r\n    <summary><strong class=\"bold color1\">Friends come to spend the day,<\/strong> how does that work?<\/summary>\r\n\t\t\t\t<br>\r\nVisitors must <strong class=\"bold color1\">represent themselves imperatively at the reception,<\/strong> we identify the vehicle, a fee of 4\u20ac per person is due, access to the swimming pool is strictly forbidden.\r\n<\/details>\r\n<br>\r\n<details>\r\n    <summary>What is <strong class=\"bold color1\">the amperage on the pitches<\/strong> of the campsite?<\/summary>\r\n\t\t\t\t<br>\r\nEach pitch has electricity with <strong class=\"bold color1\">10 amps.<\/strong> Don&#8217;t forget to bring a European plug and an extension cord.\r\n<\/details>\r\n\r\n\r\n\r\n<\/div><\/div><\/section>","protected":false},"excerpt":{"rendered":"","protected":false},"author":1,"featured_media":0,"parent":0,"menu_order":0,"comment_status":"closed","ping_status":"closed","template":"","meta":{"_acf_changed":false,"footnotes":""},"class_list":["post-1891","page","type-page","status-publish","hentry"],"acf":[],"yoast_head":"<!-- This site is optimized with the Yoast SEO plugin v25.3 - https:\/\/yoast.com\/wordpress\/plugins\/seo\/ -->\n<title>Camping FAQ | Practical information | FAQ les Fauvettes<\/title>\n<meta name=\"robots\" content=\"index, follow, max-snippet:-1, max-image-preview:large, max-video-preview:-1\" \/>\n<link rel=\"canonical\" href=\"https:\/\/www.camping-anduze.net\/en\/faq-campsite\/\" \/>\n<meta property=\"og:locale\" content=\"en_US\" \/>\n<meta property=\"og:type\" content=\"article\" \/>\n<meta property=\"og:title\" content=\"Camping FAQ | Practical information | FAQ les Fauvettes\" \/>\n<meta property=\"og:url\" content=\"https:\/\/www.camping-anduze.net\/en\/faq-campsite\/\" \/>\n<meta property=\"og:site_name\" content=\"Camping Les Fauvettes\" \/>\n<meta property=\"article:modified_time\" content=\"2021-06-11T10:01:45+00:00\" \/>\n<meta name=\"twitter:card\" content=\"summary_large_image\" \/>\n<script type=\"application\/ld+json\" class=\"yoast-schema-graph\">{\"@context\":\"https:\/\/schema.org\",\"@graph\":[{\"@type\":\"WebPage\",\"@id\":\"https:\/\/www.camping-anduze.net\/en\/faq-campsite\/\",\"url\":\"https:\/\/www.camping-anduze.net\/en\/faq-campsite\/\",\"name\":\"Camping FAQ | Practical information | FAQ les Fauvettes\",\"isPartOf\":{\"@id\":\"https:\/\/www.camping-anduze.net\/en\/#website\"},\"datePublished\":\"2021-06-01T08:26:57+00:00\",\"dateModified\":\"2021-06-11T10:01:45+00:00\",\"breadcrumb\":{\"@id\":\"https:\/\/www.camping-anduze.net\/en\/faq-campsite\/#breadcrumb\"},\"inLanguage\":\"en-US\",\"potentialAction\":[{\"@type\":\"ReadAction\",\"target\":[\"https:\/\/www.camping-anduze.net\/en\/faq-campsite\/\"]}]},{\"@type\":\"BreadcrumbList\",\"@id\":\"https:\/\/www.camping-anduze.net\/en\/faq-campsite\/#breadcrumb\",\"itemListElement\":[{\"@type\":\"ListItem\",\"position\":1,\"name\":\"Camping Gard\",\"item\":\"https:\/\/www.camping-anduze.net\/en\/\"},{\"@type\":\"ListItem\",\"position\":2,\"name\":\"Frequently asked questions\"}]},{\"@type\":\"WebSite\",\"@id\":\"https:\/\/www.camping-anduze.net\/en\/#website\",\"url\":\"https:\/\/www.camping-anduze.net\/en\/\",\"name\":\"Camping Les Fauvettes\",\"description\":\"\",\"publisher\":{\"@id\":\"https:\/\/www.camping-anduze.net\/en\/#organization\"},\"potentialAction\":[{\"@type\":\"SearchAction\",\"target\":{\"@type\":\"EntryPoint\",\"urlTemplate\":\"https:\/\/www.camping-anduze.net\/en\/?s={search_term_string}\"},\"query-input\":{\"@type\":\"PropertyValueSpecification\",\"valueRequired\":true,\"valueName\":\"search_term_string\"}}],\"inLanguage\":\"en-US\"},{\"@type\":\"Organization\",\"@id\":\"https:\/\/www.camping-anduze.net\/en\/#organization\",\"name\":\"Les Fauvettes Camping Caravaning Locations\",\"url\":\"https:\/\/www.camping-anduze.net\/en\/\",\"logo\":{\"@type\":\"ImageObject\",\"inLanguage\":\"en-US\",\"@id\":\"https:\/\/www.camping-anduze.net\/en\/#\/schema\/logo\/image\/\",\"url\":\"https:\/\/www.camping-anduze.net\/wp-content\/uploads\/2021\/05\/camping-fauvettes-logo.png\",\"contentUrl\":\"https:\/\/www.camping-anduze.net\/wp-content\/uploads\/2021\/05\/camping-fauvettes-logo.png\",\"width\":486,\"height\":100,\"caption\":\"Les Fauvettes Camping Caravaning Locations\"},\"image\":{\"@id\":\"https:\/\/www.camping-anduze.net\/en\/#\/schema\/logo\/image\/\"}}]}<\/script>\n<!-- \/ Yoast SEO plugin. -->","yoast_head_json":{"title":"Camping FAQ | Practical information | FAQ les Fauvettes","robots":{"index":"index","follow":"follow","max-snippet":"max-snippet:-1","max-image-preview":"max-image-preview:large","max-video-preview":"max-video-preview:-1"},"canonical":"https:\/\/www.camping-anduze.net\/en\/faq-campsite\/","og_locale":"en_US","og_type":"article","og_title":"Camping FAQ | Practical information | FAQ les Fauvettes","og_url":"https:\/\/www.camping-anduze.net\/en\/faq-campsite\/","og_site_name":"Camping Les Fauvettes","article_modified_time":"2021-06-11T10:01:45+00:00","twitter_card":"summary_large_image","schema":{"@context":"https:\/\/schema.org","@graph":[{"@type":"WebPage","@id":"https:\/\/www.camping-anduze.net\/en\/faq-campsite\/","url":"https:\/\/www.camping-anduze.net\/en\/faq-campsite\/","name":"Camping FAQ | Practical information | FAQ les Fauvettes","isPartOf":{"@id":"https:\/\/www.camping-anduze.net\/en\/#website"},"datePublished":"2021-06-01T08:26:57+00:00","dateModified":"2021-06-11T10:01:45+00:00","breadcrumb":{"@id":"https:\/\/www.camping-anduze.net\/en\/faq-campsite\/#breadcrumb"},"inLanguage":"en-US","potentialAction":[{"@type":"ReadAction","target":["https:\/\/www.camping-anduze.net\/en\/faq-campsite\/"]}]},{"@type":"BreadcrumbList","@id":"https:\/\/www.camping-anduze.net\/en\/faq-campsite\/#breadcrumb","itemListElement":[{"@type":"ListItem","position":1,"name":"Camping Gard","item":"https:\/\/www.camping-anduze.net\/en\/"},{"@type":"ListItem","position":2,"name":"Frequently asked questions"}]},{"@type":"WebSite","@id":"https:\/\/www.camping-anduze.net\/en\/#website","url":"https:\/\/www.camping-anduze.net\/en\/","name":"Camping Les Fauvettes","description":"","publisher":{"@id":"https:\/\/www.camping-anduze.net\/en\/#organization"},"potentialAction":[{"@type":"SearchAction","target":{"@type":"EntryPoint","urlTemplate":"https:\/\/www.camping-anduze.net\/en\/?s={search_term_string}"},"query-input":{"@type":"PropertyValueSpecification","valueRequired":true,"valueName":"search_term_string"}}],"inLanguage":"en-US"},{"@type":"Organization","@id":"https:\/\/www.camping-anduze.net\/en\/#organization","name":"Les Fauvettes Camping Caravaning Locations","url":"https:\/\/www.camping-anduze.net\/en\/","logo":{"@type":"ImageObject","inLanguage":"en-US","@id":"https:\/\/www.camping-anduze.net\/en\/#\/schema\/logo\/image\/","url":"https:\/\/www.camping-anduze.net\/wp-content\/uploads\/2021\/05\/camping-fauvettes-logo.png","contentUrl":"https:\/\/www.camping-anduze.net\/wp-content\/uploads\/2021\/05\/camping-fauvettes-logo.png","width":486,"height":100,"caption":"Les Fauvettes Camping Caravaning Locations"},"image":{"@id":"https:\/\/www.camping-anduze.net\/en\/#\/schema\/logo\/image\/"}}]}},"_links":{"self":[{"href":"https:\/\/www.camping-anduze.net\/en\/wp-json\/wp\/v2\/pages\/1891","targetHints":{"allow":["GET"]}}],"collection":[{"href":"https:\/\/www.camping-anduze.net\/en\/wp-json\/wp\/v2\/pages"}],"about":[{"href":"https:\/\/www.camping-anduze.net\/en\/wp-json\/wp\/v2\/types\/page"}],"author":[{"embeddable":true,"href":"https:\/\/www.camping-anduze.net\/en\/wp-json\/wp\/v2\/users\/1"}],"replies":[{"embeddable":true,"href":"https:\/\/www.camping-anduze.net\/en\/wp-json\/wp\/v2\/comments?post=1891"}],"version-history":[{"count":6,"href":"https:\/\/www.camping-anduze.net\/en\/wp-json\/wp\/v2\/pages\/1891\/revisions"}],"predecessor-version":[{"id":2737,"href":"https:\/\/www.camping-anduze.net\/en\/wp-json\/wp\/v2\/pages\/1891\/revisions\/2737"}],"wp:attachment":[{"href":"https:\/\/www.camping-anduze.net\/en\/wp-json\/wp\/v2\/media?parent=1891"}],"curies":[{"name":"wp","href":"https:\/\/api.w.org\/{rel}","templated":true}]}}