{"id":1860,"date":"2021-06-01T10:26:30","date_gmt":"2021-06-01T08:26:30","guid":{"rendered":"https:\/\/www.camping-anduze.net\/camping-garantie-serenite\/"},"modified":"2021-06-11T15:29:22","modified_gmt":"2021-06-11T13:29:22","slug":"safe-sanitary-protocol-and-camping-garantie-serenite-in-anduze","status":"publish","type":"page","link":"https:\/\/www.camping-anduze.net\/en\/safe-sanitary-protocol-and-camping-garantie-serenite-in-anduze\/","title":{"rendered":"Protocole sanitaire Safe+ et Camping garantie s\u00e9r\u00e9nit\u00e9 \u00e0 Anduze"},"content":{"rendered":"<section id=\"section-60b5edef0bd8b\"\" class=\"section bg-white\" \/><div class=\"container\"><h1 class=\"element section-title justify\">Safe+ sanitary protocol and Camping garantie s\u00e9r\u00e9nit\u00e9 in Anduze<\/h1><div class=\"element bloc-text justify \">\n\t<h2>Safe + sanitary protocol<\/h2>\n<p>Anxious to guarantee you a holiday in Anduze in complete serenity, we apply the FLOWER SAFE+ charter with in particular:<\/p>\n<ul>\n<li>strict application of government measures,<\/li>\n<li>the provision of gel or soap at the entrance to common areas,<\/li>\n<li>disinfecting products made available to customers in the sanitary facilities,<\/li>\n<li>an intensification of cleaning and disinfection in our rentals and common areas,<\/li>\n<li>all our activities take place outdoors.<\/li>\n<\/ul>\n<p>The aquatic area is disinfected regularly, the pool is chlorinated, daily controls take place.<\/p>\n<p>All equipment rented ex: fridge, baby kit &#8230; and disinfected by our teams.<\/p>\n<p>Disposable undersheets are provided on the beds in the rentals.<\/p>\n<h2>Serenity guarantee 2021<\/h2>\n<p>With the cancellation insurance: Serenity Guarantee.<\/p>\n<p>I am covered and reimbursed (according to the general conditions of the cancellation guarantee) and even in case of Covid-19 illness. New flexible and reassuring cancellation conditions.<\/p>\n<p>Don&#8217;t be afraid to book anymore&#8230; and in addition this year, <strong>filing fees: 0\u20ac and reduced deposit of 15% instead of 30%<\/strong>!<\/p>\n<p>In the event of government restrictions such as travel bans or closures, the establishment undertakes to reimburse the client without cancellation insurance.<\/p>\n<\/div><\/div><\/section>","protected":false},"excerpt":{"rendered":"","protected":false},"author":1,"featured_media":0,"parent":0,"menu_order":0,"comment_status":"closed","ping_status":"closed","template":"","meta":{"_acf_changed":false,"footnotes":""},"class_list":["post-1860","page","type-page","status-publish","hentry"],"acf":[],"yoast_head":"<!-- This site is optimized with the Yoast SEO plugin v25.3 - https:\/\/yoast.com\/wordpress\/plugins\/seo\/ -->\n<title>Safe+ sanitary protocol and Camping garantie s\u00e9r\u00e9nit\u00e9 in Anduze<\/title>\n<meta name=\"robots\" content=\"index, follow, max-snippet:-1, max-image-preview:large, max-video-preview:-1\" \/>\n<link rel=\"canonical\" href=\"https:\/\/www.camping-anduze.net\/en\/safe-sanitary-protocol-and-camping-garantie-serenite-in-anduze\/\" \/>\n<meta property=\"og:locale\" content=\"en_US\" \/>\n<meta property=\"og:type\" content=\"article\" \/>\n<meta property=\"og:title\" content=\"Safe+ sanitary protocol and Camping garantie s\u00e9r\u00e9nit\u00e9 in Anduze\" \/>\n<meta property=\"og:url\" content=\"https:\/\/www.camping-anduze.net\/en\/safe-sanitary-protocol-and-camping-garantie-serenite-in-anduze\/\" \/>\n<meta property=\"og:site_name\" content=\"Camping Les Fauvettes\" \/>\n<meta property=\"article:modified_time\" content=\"2021-06-11T13:29:22+00:00\" \/>\n<meta name=\"twitter:card\" content=\"summary_large_image\" \/>\n<script type=\"application\/ld+json\" class=\"yoast-schema-graph\">{\"@context\":\"https:\/\/schema.org\",\"@graph\":[{\"@type\":\"WebPage\",\"@id\":\"https:\/\/www.camping-anduze.net\/en\/safe-sanitary-protocol-and-camping-garantie-serenite-in-anduze\/\",\"url\":\"https:\/\/www.camping-anduze.net\/en\/safe-sanitary-protocol-and-camping-garantie-serenite-in-anduze\/\",\"name\":\"Safe+ sanitary protocol and Camping garantie s\u00e9r\u00e9nit\u00e9 in Anduze\",\"isPartOf\":{\"@id\":\"https:\/\/www.camping-anduze.net\/en\/#website\"},\"datePublished\":\"2021-06-01T08:26:30+00:00\",\"dateModified\":\"2021-06-11T13:29:22+00:00\",\"breadcrumb\":{\"@id\":\"https:\/\/www.camping-anduze.net\/en\/safe-sanitary-protocol-and-camping-garantie-serenite-in-anduze\/#breadcrumb\"},\"inLanguage\":\"en-US\",\"potentialAction\":[{\"@type\":\"ReadAction\",\"target\":[\"https:\/\/www.camping-anduze.net\/en\/safe-sanitary-protocol-and-camping-garantie-serenite-in-anduze\/\"]}]},{\"@type\":\"BreadcrumbList\",\"@id\":\"https:\/\/www.camping-anduze.net\/en\/safe-sanitary-protocol-and-camping-garantie-serenite-in-anduze\/#breadcrumb\",\"itemListElement\":[{\"@type\":\"ListItem\",\"position\":1,\"name\":\"Camping Gard\",\"item\":\"https:\/\/www.camping-anduze.net\/en\/\"},{\"@type\":\"ListItem\",\"position\":2,\"name\":\"Camping cancellation insurance in the Gard\"}]},{\"@type\":\"WebSite\",\"@id\":\"https:\/\/www.camping-anduze.net\/en\/#website\",\"url\":\"https:\/\/www.camping-anduze.net\/en\/\",\"name\":\"Camping Les Fauvettes\",\"description\":\"\",\"publisher\":{\"@id\":\"https:\/\/www.camping-anduze.net\/en\/#organization\"},\"potentialAction\":[{\"@type\":\"SearchAction\",\"target\":{\"@type\":\"EntryPoint\",\"urlTemplate\":\"https:\/\/www.camping-anduze.net\/en\/?s={search_term_string}\"},\"query-input\":{\"@type\":\"PropertyValueSpecification\",\"valueRequired\":true,\"valueName\":\"search_term_string\"}}],\"inLanguage\":\"en-US\"},{\"@type\":\"Organization\",\"@id\":\"https:\/\/www.camping-anduze.net\/en\/#organization\",\"name\":\"Les Fauvettes Camping Caravaning Locations\",\"url\":\"https:\/\/www.camping-anduze.net\/en\/\",\"logo\":{\"@type\":\"ImageObject\",\"inLanguage\":\"en-US\",\"@id\":\"https:\/\/www.camping-anduze.net\/en\/#\/schema\/logo\/image\/\",\"url\":\"https:\/\/www.camping-anduze.net\/wp-content\/uploads\/2021\/05\/camping-fauvettes-logo.png\",\"contentUrl\":\"https:\/\/www.camping-anduze.net\/wp-content\/uploads\/2021\/05\/camping-fauvettes-logo.png\",\"width\":486,\"height\":100,\"caption\":\"Les Fauvettes Camping Caravaning Locations\"},\"image\":{\"@id\":\"https:\/\/www.camping-anduze.net\/en\/#\/schema\/logo\/image\/\"}}]}<\/script>\n<!-- \/ Yoast SEO plugin. -->","yoast_head_json":{"title":"Safe+ sanitary protocol and Camping garantie s\u00e9r\u00e9nit\u00e9 in Anduze","robots":{"index":"index","follow":"follow","max-snippet":"max-snippet:-1","max-image-preview":"max-image-preview:large","max-video-preview":"max-video-preview:-1"},"canonical":"https:\/\/www.camping-anduze.net\/en\/safe-sanitary-protocol-and-camping-garantie-serenite-in-anduze\/","og_locale":"en_US","og_type":"article","og_title":"Safe+ sanitary protocol and Camping garantie s\u00e9r\u00e9nit\u00e9 in Anduze","og_url":"https:\/\/www.camping-anduze.net\/en\/safe-sanitary-protocol-and-camping-garantie-serenite-in-anduze\/","og_site_name":"Camping Les Fauvettes","article_modified_time":"2021-06-11T13:29:22+00:00","twitter_card":"summary_large_image","schema":{"@context":"https:\/\/schema.org","@graph":[{"@type":"WebPage","@id":"https:\/\/www.camping-anduze.net\/en\/safe-sanitary-protocol-and-camping-garantie-serenite-in-anduze\/","url":"https:\/\/www.camping-anduze.net\/en\/safe-sanitary-protocol-and-camping-garantie-serenite-in-anduze\/","name":"Safe+ sanitary protocol and Camping garantie s\u00e9r\u00e9nit\u00e9 in Anduze","isPartOf":{"@id":"https:\/\/www.camping-anduze.net\/en\/#website"},"datePublished":"2021-06-01T08:26:30+00:00","dateModified":"2021-06-11T13:29:22+00:00","breadcrumb":{"@id":"https:\/\/www.camping-anduze.net\/en\/safe-sanitary-protocol-and-camping-garantie-serenite-in-anduze\/#breadcrumb"},"inLanguage":"en-US","potentialAction":[{"@type":"ReadAction","target":["https:\/\/www.camping-anduze.net\/en\/safe-sanitary-protocol-and-camping-garantie-serenite-in-anduze\/"]}]},{"@type":"BreadcrumbList","@id":"https:\/\/www.camping-anduze.net\/en\/safe-sanitary-protocol-and-camping-garantie-serenite-in-anduze\/#breadcrumb","itemListElement":[{"@type":"ListItem","position":1,"name":"Camping Gard","item":"https:\/\/www.camping-anduze.net\/en\/"},{"@type":"ListItem","position":2,"name":"Camping cancellation insurance in the Gard"}]},{"@type":"WebSite","@id":"https:\/\/www.camping-anduze.net\/en\/#website","url":"https:\/\/www.camping-anduze.net\/en\/","name":"Camping Les Fauvettes","description":"","publisher":{"@id":"https:\/\/www.camping-anduze.net\/en\/#organization"},"potentialAction":[{"@type":"SearchAction","target":{"@type":"EntryPoint","urlTemplate":"https:\/\/www.camping-anduze.net\/en\/?s={search_term_string}"},"query-input":{"@type":"PropertyValueSpecification","valueRequired":true,"valueName":"search_term_string"}}],"inLanguage":"en-US"},{"@type":"Organization","@id":"https:\/\/www.camping-anduze.net\/en\/#organization","name":"Les Fauvettes Camping Caravaning Locations","url":"https:\/\/www.camping-anduze.net\/en\/","logo":{"@type":"ImageObject","inLanguage":"en-US","@id":"https:\/\/www.camping-anduze.net\/en\/#\/schema\/logo\/image\/","url":"https:\/\/www.camping-anduze.net\/wp-content\/uploads\/2021\/05\/camping-fauvettes-logo.png","contentUrl":"https:\/\/www.camping-anduze.net\/wp-content\/uploads\/2021\/05\/camping-fauvettes-logo.png","width":486,"height":100,"caption":"Les Fauvettes Camping Caravaning Locations"},"image":{"@id":"https:\/\/www.camping-anduze.net\/en\/#\/schema\/logo\/image\/"}}]}},"_links":{"self":[{"href":"https:\/\/www.camping-anduze.net\/en\/wp-json\/wp\/v2\/pages\/1860","targetHints":{"allow":["GET"]}}],"collection":[{"href":"https:\/\/www.camping-anduze.net\/en\/wp-json\/wp\/v2\/pages"}],"about":[{"href":"https:\/\/www.camping-anduze.net\/en\/wp-json\/wp\/v2\/types\/page"}],"author":[{"embeddable":true,"href":"https:\/\/www.camping-anduze.net\/en\/wp-json\/wp\/v2\/users\/1"}],"replies":[{"embeddable":true,"href":"https:\/\/www.camping-anduze.net\/en\/wp-json\/wp\/v2\/comments?post=1860"}],"version-history":[{"count":4,"href":"https:\/\/www.camping-anduze.net\/en\/wp-json\/wp\/v2\/pages\/1860\/revisions"}],"predecessor-version":[{"id":2787,"href":"https:\/\/www.camping-anduze.net\/en\/wp-json\/wp\/v2\/pages\/1860\/revisions\/2787"}],"wp:attachment":[{"href":"https:\/\/www.camping-anduze.net\/en\/wp-json\/wp\/v2\/media?parent=1860"}],"curies":[{"name":"wp","href":"https:\/\/api.w.org\/{rel}","templated":true}]}}