{"id":4211,"date":"2023-04-04T14:24:21","date_gmt":"2023-04-04T12:24:21","guid":{"rendered":"https:\/\/www.camping-anduze.net\/?page_id=4211"},"modified":"2024-05-29T09:19:24","modified_gmt":"2024-05-29T07:19:24","slug":"der-wasserbereich","status":"publish","type":"page","link":"https:\/\/www.camping-anduze.net\/de\/der-wasserbereich\/","title":{"rendered":"Der Wasserbereich"},"content":{"rendered":"<section id=\"section-608fce38aab3f\"\" class=\"section bg-white p-t-0 p-b-0\" \/><div class=\"container full\"><div class=\"colonnes-wrap valign-middle modele\"><div class=\"element colonne modele_image\"><div class=\"element images scroll-x-mobile\"><div class=\"image\"><img decoding=\"async\" src=\"https:\/\/www.camping-anduze.net\/wp-content\/uploads\/2021\/05\/piscine-chauffee-aquagym-anduze-100x78.jpg\" data-src=\"https:\/\/www.camping-anduze.net\/wp-content\/uploads\/2021\/05\/piscine-chauffee-aquagym-anduze.jpg\" alt=\"piscine chauffee aquagym anduze\" class=\"images_image\" \/><\/div><\/div><\/div><div class=\"element colonne modele_texte\"><h1 class=\"element section-title left\">Campingplatz mit beheiztem Schwimmbad in Anduze<\/h1><div class=\"element bloc-text left \">\n\t<p>Das <strong>beheizte Schwimmbad<\/strong> im Gard in Anduze ist von Mitte Mai bis Mitte September ge\u00f6ffnet.<\/p>\n<p>Genie\u00dfen Sie unseren Wasserbereich mit seinen <strong>4 unabh\u00e4ngigen Becken<\/strong>: gro\u00dfes beheiztes Schwimmbecken, 50 m lange Wasserrutsche, Kinderbecken und neuer Wasserspielbereich f\u00fcr Kinder!<\/p>\n<\/div><h2 class=\"element section-title left m-t-4\">Beheiztes Schwimmbad im Gard<\/h2><div class=\"element bloc-text left \">\n\t<p>In Anduze auf unserem Campingplatz vor den Toren der Cevennen erwartet Sie von Mitte Mai bis Mitte September unser gro\u00dfes beheiztes <strong>Schwimmbad<\/strong>, das in einem mediterranen Blau erstrahlt. In diesem gro\u00dfen beheizten Becken k\u00f6nnen Sie sanft Ihre Muskeln aufwecken, ein paar Bahnen<strong> schwimmen<\/strong> oder sich entspannen, w\u00e4hrend Ihre Kinder sich auf der Rutsche vergn\u00fcgen. Im Juli und August finden einige Stunden <strong>Wasseranimation<\/strong> mit Spielen, Tanzveranstaltungen usw. statt.<\/p>\n<p>Unser beheizter Au\u00dfenpool in Anduze ist ideal, um sich zu erfrischen, ein <strong>Sonnenbad<\/strong> zu nehmen und mit der Familie Zeit zu verbringen. Im gesamten Poolbereich steht Ihnen WLAN zur Verf\u00fcgung.<\/p>\n<\/div><\/div><\/div><\/div><\/section>\n\n<section id=\"section-6090f8c2f072a\"\" data-bg-opacite=\"1\"data-background=\"https:\/\/www.camping-anduze.net\/wp-content\/uploads\/2021\/05\/piscine-toboggan-anduze.jpg\"data-speed=\"0.8\"class=\"section modele separateurImage oiseau plouf bg-white section--has-bg-img section_bg-parallax\" \/><div class=\"container full\"><div class=\"colonnes-wrap valign-top \"><div class=\"element colonne \"><h2 class=\"element section-title justify\">Campingplatz mit Rutsche in Anduze <\/h2><div class=\"element bloc-text justify \">\n\t<p>Im Wasserbereich des Campingplatzes Anduze finden Sie eine Wasserrutsche! Bei der Fahrt auf der 50 m hohen <strong>Wasserrutsche<\/strong> ist Nervenkitzel garantiert!<\/p>\n<p>Die Kleinen werden Spa\u00df daran haben, sie in rasender Geschwindigkeit hinunterzurutschen, w\u00e4hrend die Gro\u00dfen in unserem Wasserpark f\u00fcr einige Augenblicke in ihre Kindheit zur\u00fcckfallen werden. Das von unserer Rutsche getrennte <strong>Becken<\/strong> sorgt f\u00fcr Ihre Sicherheit.<\/p>\n<p>&nbsp;<\/p>\n<\/div><\/div><\/div><\/div><\/section>\n\n<section id=\"section-608fce38aaecb\"\" class=\"section bg-white p-t-0 p-b-0\" \/><div class=\"container full\"><div class=\"colonnes-wrap valign-middle modele textLeft\"><div class=\"element colonne modele_texte\"><h2 class=\"element section-title justify\">Bar und Sonnenliegen im Wasserbereich<\/h2><div class=\"element bloc-text justify \">\n\t<p>Auf<strong> der Sonnenterrasse mit ihren Liegest\u00fchlen<\/strong> k\u00f6nnen Sie sich entspannen und in aller Ruhe ein Sonnenbad genie\u00dfen, w\u00e4hrend Sie auf das Blau des Pools blicken. Die Poolbar ist im Juli und August nachmittags ge\u00f6ffnet. Nach dem Schwimmen k\u00f6nnen Sie an der Bar gegen\u00fcber unserem beheizten Pool mit Rutsche Eis, <strong>Erfrischungsgetr\u00e4nke<\/strong> und Donuts genie\u00dfen!<\/p>\n<\/div><h2 class=\"element section-title justify m-t-4\">Kinderbecken im Gard<\/h2><div class=\"element bloc-text justify \">\n\t<p>Der Wasserbereich mit beheiztem Pool auf dem <a href=\"https:\/\/www.camping-anduze.net\/de\/\">Campingplatz im Gard<\/a> verf\u00fcgt \u00fcber ein <strong>Kinderbecken<\/strong>. Unser <strong>Planschbecken<\/strong> ist ideal, um ihnen die Freuden des Wassers n\u00e4her zu bringen und sich unvergessliche Erinnerungen zu schaffen.<\/p>\n<\/div><h2 class=\"element section-title justify m-t-4\">Aqualudikaler Bereich in Anduze<\/h2><div class=\"element bloc-text justify \">\n\t<p>Neben dem Kinderbecken bietet unser <strong>neuer Wasserspielbereich<\/strong> den Kindern die M\u00f6glichkeit, Wasserspiele zu entdecken. Die <strong>Wasserstrahlen<\/strong>, die Tiere und die Minirutsche sorgen f\u00fcr Entspannung nach einem anstrengenden Tag voller Besichtigungen oder einem Nachmittag beim Angeln im <a href=\"https:\/\/www.camping-anduze.net\/de\/der-fluss\/\">Fluss Gardon<\/a>.<\/p>\n<p>&nbsp;<\/p>\n<\/div><\/div><div class=\"element colonne modele_image\"><div class=\"element images scroll-x-mobile\"><div class=\"image\"><img decoding=\"async\" src=\"https:\/\/www.camping-anduze.net\/wp-content\/uploads\/2021\/05\/pataugoeire-piscine-anduze-100x78.jpg\" data-src=\"https:\/\/www.camping-anduze.net\/wp-content\/uploads\/2021\/05\/pataugoeire-piscine-anduze.jpg\" alt=\"pataugoeire piscine anduze\" class=\"images_image\" \/><\/div><\/div><\/div><\/div><\/div><\/section>\n\n<section id=\"section-60b73c09542bc\"\" class=\"section bg-white p-t-0 p-b-0\" \/><div class=\"container full\"><div class=\"carousel scroll-x-mobile\"><div class=\"slide \"><div class=\"slide_image\"><img decoding=\"async\" src=\"https:\/\/www.camping-anduze.net\/wp-content\/uploads\/2021\/06\/Piscine-toboggan-Fauvettes-100x67.jpg\" data-src=\"https:\/\/www.camping-anduze.net\/wp-content\/uploads\/2021\/06\/Piscine-toboggan-Fauvettes.jpg\" alt=\"\" class=\"\" \/><\/div><\/div><div class=\"slide \"><div class=\"slide_image\"><img decoding=\"async\" src=\"https:\/\/www.camping-anduze.net\/wp-content\/uploads\/2021\/06\/Piscine-principal-camping-fauvettes-100x67.jpg\" data-src=\"https:\/\/www.camping-anduze.net\/wp-content\/uploads\/2021\/06\/Piscine-principal-camping-fauvettes.jpg\" alt=\"\" class=\"\" \/><\/div><\/div><div class=\"slide \"><div class=\"slide_image\"><img decoding=\"async\" src=\"https:\/\/www.camping-anduze.net\/wp-content\/uploads\/2021\/06\/pisicine-toboggan-camping-fauvettes-100x67.jpg\" data-src=\"https:\/\/www.camping-anduze.net\/wp-content\/uploads\/2021\/06\/pisicine-toboggan-camping-fauvettes.jpg\" alt=\"\" class=\"\" \/><\/div><\/div><div class=\"slide \"><div class=\"slide_image\"><img decoding=\"async\" src=\"https:\/\/www.camping-anduze.net\/wp-content\/uploads\/2021\/06\/vue-piscine-camping-fauvettes-100x67.jpg\" data-src=\"https:\/\/www.camping-anduze.net\/wp-content\/uploads\/2021\/06\/vue-piscine-camping-fauvettes.jpg\" alt=\"\" class=\"\" \/><\/div><\/div><div class=\"slide \"><div class=\"slide_image\"><img decoding=\"async\" src=\"https:\/\/www.camping-anduze.net\/wp-content\/uploads\/2021\/06\/piscine-principal-camping-100x67.jpg\" data-src=\"https:\/\/www.camping-anduze.net\/wp-content\/uploads\/2021\/06\/piscine-principal-camping.jpg\" alt=\"\" class=\"\" \/><\/div><\/div><div class=\"slide \"><div class=\"slide_image\"><img decoding=\"async\" src=\"https:\/\/www.camping-anduze.net\/wp-content\/uploads\/2021\/06\/vue-ensemble-piscine-camping-fauvettes-100x67.jpg\" data-src=\"https:\/\/www.camping-anduze.net\/wp-content\/uploads\/2021\/06\/vue-ensemble-piscine-camping-fauvettes.jpg\" alt=\"\" class=\"\" \/><\/div><\/div><\/div><\/div><\/section>\n\n<section id=\"section-6090f8c2f0f2c\"\" class=\"section bg-white\" \/><div class=\"container large\"><div class=\"element section-title justify titre-cta\">Nos animations et nos locations \u00e0 Anduze<\/div><div class=\"colonnes-wrap valign-top \"><div class=\"element colonne \"><div class=\"element call-to-action  call-to-action--style-1 call-to-action--big\"><a href=\"https:\/\/www.camping-anduze.net\/de\/der-fluss\/\"  class=\"call-to-action_link\" title=\"Mehr \u00fcber der fluss\"><div class=\"call-to-action_image\"><img decoding=\"async\" src=\"https:\/\/www.camping-anduze.net\/wp-content\/uploads\/2021\/05\/camping-riviere-anduze-61x100.jpg\" data-src=\"https:\/\/www.camping-anduze.net\/wp-content\/uploads\/2021\/05\/camping-riviere-anduze.jpg\" alt=\"\" class=\"big\" \/><\/div><div class=\"call-to-action_contenu\"><div class=\"call-to-action_titre\">Der Fluss<\/div><div class=\"call-to-action_sous-titre\">am Rande des Campingplatzes<\/div><\/div><\/a><\/div><\/div><div class=\"element colonne \"><div class=\"element call-to-action  call-to-action--style-1 call-to-action--big\"><a href=\"https:\/\/www.camping-anduze.net\/de\/der-campingplatz-und-seine-dienstleistungen\/\"  class=\"call-to-action_link\" title=\"Mehr \u00fcber die animationen\"><div class=\"call-to-action_image\"><img decoding=\"async\" src=\"https:\/\/www.camping-anduze.net\/wp-content\/uploads\/2021\/05\/animations-camping-anduze-62x100.jpg\" data-src=\"https:\/\/www.camping-anduze.net\/wp-content\/uploads\/2021\/05\/animations-camping-anduze.jpg\" alt=\"\" class=\"big\" \/><\/div><div class=\"call-to-action_contenu\"><div class=\"call-to-action_titre\">Die Animationen<\/div><div class=\"call-to-action_sous-titre\">im Herzen des Campingplatzes<\/div><\/div><\/a><\/div><\/div><div class=\"element colonne \"><div class=\"element call-to-action  call-to-action--style-1 call-to-action--big\"><a href=\"https:\/\/www.camping-anduze.net\/de\/unsere-vermietungen\/\"  class=\"call-to-action_link\" title=\"Mehr \u00fcber die vermietungen\"><div class=\"call-to-action_image\"><img decoding=\"async\" src=\"https:\/\/www.camping-anduze.net\/wp-content\/uploads\/2021\/05\/location-mobil-home-anduze-62x100.jpg\" data-src=\"https:\/\/www.camping-anduze.net\/wp-content\/uploads\/2021\/05\/location-mobil-home-anduze.jpg\" alt=\"\" class=\"big\" \/><\/div><div class=\"call-to-action_contenu\"><div class=\"call-to-action_titre\">Die Vermietungen<\/div><div class=\"call-to-action_sous-titre\">im Herzen des Campingplatzes<\/div><\/div><\/a><\/div><\/div><\/div><\/div><\/section>","protected":false},"excerpt":{"rendered":"","protected":false},"author":3,"featured_media":3874,"parent":0,"menu_order":0,"comment_status":"closed","ping_status":"closed","template":"","meta":{"_acf_changed":false,"footnotes":""},"class_list":["post-4211","page","type-page","status-publish","has-post-thumbnail","hentry"],"acf":[],"yoast_head":"<!-- This site is optimized with the Yoast SEO plugin v25.3 - https:\/\/yoast.com\/wordpress\/plugins\/seo\/ -->\n<title>Der Wasserbereich - Camping Les Fauvettes<\/title>\n<meta name=\"robots\" content=\"index, follow, max-snippet:-1, max-image-preview:large, max-video-preview:-1\" \/>\n<link rel=\"canonical\" href=\"https:\/\/www.camping-anduze.net\/de\/der-wasserbereich\/\" \/>\n<meta property=\"og:locale\" content=\"de_DE\" \/>\n<meta property=\"og:type\" content=\"article\" \/>\n<meta property=\"og:title\" content=\"Der Wasserbereich - Camping Les Fauvettes\" \/>\n<meta property=\"og:url\" content=\"https:\/\/www.camping-anduze.net\/de\/der-wasserbereich\/\" \/>\n<meta property=\"og:site_name\" content=\"Camping Les Fauvettes\" \/>\n<meta property=\"article:modified_time\" content=\"2024-05-29T07:19:24+00:00\" \/>\n<meta property=\"og:image\" content=\"https:\/\/www.camping-anduze.net\/wp-content\/uploads\/2021\/05\/anduze-piscine-chauffee.jpg\" \/>\n\t<meta property=\"og:image:width\" content=\"1903\" \/>\n\t<meta property=\"og:image:height\" content=\"450\" \/>\n\t<meta property=\"og:image:type\" content=\"image\/jpeg\" \/>\n<meta name=\"twitter:card\" content=\"summary_large_image\" \/>\n<script type=\"application\/ld+json\" class=\"yoast-schema-graph\">{\"@context\":\"https:\/\/schema.org\",\"@graph\":[{\"@type\":\"WebPage\",\"@id\":\"https:\/\/www.camping-anduze.net\/de\/der-wasserbereich\/\",\"url\":\"https:\/\/www.camping-anduze.net\/de\/der-wasserbereich\/\",\"name\":\"Der Wasserbereich - Camping Les Fauvettes\",\"isPartOf\":{\"@id\":\"https:\/\/www.camping-anduze.net\/de\/#website\"},\"primaryImageOfPage\":{\"@id\":\"https:\/\/www.camping-anduze.net\/de\/der-wasserbereich\/#primaryimage\"},\"image\":{\"@id\":\"https:\/\/www.camping-anduze.net\/de\/der-wasserbereich\/#primaryimage\"},\"thumbnailUrl\":\"https:\/\/www.camping-anduze.net\/wp-content\/uploads\/2021\/05\/anduze-piscine-chauffee.jpg\",\"datePublished\":\"2023-04-04T12:24:21+00:00\",\"dateModified\":\"2024-05-29T07:19:24+00:00\",\"breadcrumb\":{\"@id\":\"https:\/\/www.camping-anduze.net\/de\/der-wasserbereich\/#breadcrumb\"},\"inLanguage\":\"de\",\"potentialAction\":[{\"@type\":\"ReadAction\",\"target\":[\"https:\/\/www.camping-anduze.net\/de\/der-wasserbereich\/\"]}]},{\"@type\":\"ImageObject\",\"inLanguage\":\"de\",\"@id\":\"https:\/\/www.camping-anduze.net\/de\/der-wasserbereich\/#primaryimage\",\"url\":\"https:\/\/www.camping-anduze.net\/wp-content\/uploads\/2021\/05\/anduze-piscine-chauffee.jpg\",\"contentUrl\":\"https:\/\/www.camping-anduze.net\/wp-content\/uploads\/2021\/05\/anduze-piscine-chauffee.jpg\",\"width\":1903,\"height\":450},{\"@type\":\"BreadcrumbList\",\"@id\":\"https:\/\/www.camping-anduze.net\/de\/der-wasserbereich\/#breadcrumb\",\"itemListElement\":[{\"@type\":\"ListItem\",\"position\":1,\"name\":\"Camping Gard\",\"item\":\"https:\/\/www.camping-anduze.net\/de\/\"},{\"@type\":\"ListItem\",\"position\":2,\"name\":\"Der Wasserbereich\"}]},{\"@type\":\"WebSite\",\"@id\":\"https:\/\/www.camping-anduze.net\/de\/#website\",\"url\":\"https:\/\/www.camping-anduze.net\/de\/\",\"name\":\"Camping Les Fauvettes\",\"description\":\"\",\"publisher\":{\"@id\":\"https:\/\/www.camping-anduze.net\/de\/#organization\"},\"potentialAction\":[{\"@type\":\"SearchAction\",\"target\":{\"@type\":\"EntryPoint\",\"urlTemplate\":\"https:\/\/www.camping-anduze.net\/de\/?s={search_term_string}\"},\"query-input\":{\"@type\":\"PropertyValueSpecification\",\"valueRequired\":true,\"valueName\":\"search_term_string\"}}],\"inLanguage\":\"de\"},{\"@type\":\"Organization\",\"@id\":\"https:\/\/www.camping-anduze.net\/de\/#organization\",\"name\":\"Les Fauvettes Camping Caravaning Locations\",\"url\":\"https:\/\/www.camping-anduze.net\/de\/\",\"logo\":{\"@type\":\"ImageObject\",\"inLanguage\":\"de\",\"@id\":\"https:\/\/www.camping-anduze.net\/de\/#\/schema\/logo\/image\/\",\"url\":\"https:\/\/www.camping-anduze.net\/wp-content\/uploads\/2021\/05\/camping-fauvettes-logo.png\",\"contentUrl\":\"https:\/\/www.camping-anduze.net\/wp-content\/uploads\/2021\/05\/camping-fauvettes-logo.png\",\"width\":486,\"height\":100,\"caption\":\"Les Fauvettes Camping Caravaning Locations\"},\"image\":{\"@id\":\"https:\/\/www.camping-anduze.net\/de\/#\/schema\/logo\/image\/\"}}]}<\/script>\n<!-- \/ Yoast SEO plugin. -->","yoast_head_json":{"title":"Der Wasserbereich - Camping Les Fauvettes","robots":{"index":"index","follow":"follow","max-snippet":"max-snippet:-1","max-image-preview":"max-image-preview:large","max-video-preview":"max-video-preview:-1"},"canonical":"https:\/\/www.camping-anduze.net\/de\/der-wasserbereich\/","og_locale":"de_DE","og_type":"article","og_title":"Der Wasserbereich - Camping Les Fauvettes","og_url":"https:\/\/www.camping-anduze.net\/de\/der-wasserbereich\/","og_site_name":"Camping Les Fauvettes","article_modified_time":"2024-05-29T07:19:24+00:00","og_image":[{"width":1903,"height":450,"url":"https:\/\/www.camping-anduze.net\/wp-content\/uploads\/2021\/05\/anduze-piscine-chauffee.jpg","type":"image\/jpeg"}],"twitter_card":"summary_large_image","schema":{"@context":"https:\/\/schema.org","@graph":[{"@type":"WebPage","@id":"https:\/\/www.camping-anduze.net\/de\/der-wasserbereich\/","url":"https:\/\/www.camping-anduze.net\/de\/der-wasserbereich\/","name":"Der Wasserbereich - Camping Les Fauvettes","isPartOf":{"@id":"https:\/\/www.camping-anduze.net\/de\/#website"},"primaryImageOfPage":{"@id":"https:\/\/www.camping-anduze.net\/de\/der-wasserbereich\/#primaryimage"},"image":{"@id":"https:\/\/www.camping-anduze.net\/de\/der-wasserbereich\/#primaryimage"},"thumbnailUrl":"https:\/\/www.camping-anduze.net\/wp-content\/uploads\/2021\/05\/anduze-piscine-chauffee.jpg","datePublished":"2023-04-04T12:24:21+00:00","dateModified":"2024-05-29T07:19:24+00:00","breadcrumb":{"@id":"https:\/\/www.camping-anduze.net\/de\/der-wasserbereich\/#breadcrumb"},"inLanguage":"de","potentialAction":[{"@type":"ReadAction","target":["https:\/\/www.camping-anduze.net\/de\/der-wasserbereich\/"]}]},{"@type":"ImageObject","inLanguage":"de","@id":"https:\/\/www.camping-anduze.net\/de\/der-wasserbereich\/#primaryimage","url":"https:\/\/www.camping-anduze.net\/wp-content\/uploads\/2021\/05\/anduze-piscine-chauffee.jpg","contentUrl":"https:\/\/www.camping-anduze.net\/wp-content\/uploads\/2021\/05\/anduze-piscine-chauffee.jpg","width":1903,"height":450},{"@type":"BreadcrumbList","@id":"https:\/\/www.camping-anduze.net\/de\/der-wasserbereich\/#breadcrumb","itemListElement":[{"@type":"ListItem","position":1,"name":"Camping Gard","item":"https:\/\/www.camping-anduze.net\/de\/"},{"@type":"ListItem","position":2,"name":"Der Wasserbereich"}]},{"@type":"WebSite","@id":"https:\/\/www.camping-anduze.net\/de\/#website","url":"https:\/\/www.camping-anduze.net\/de\/","name":"Camping Les Fauvettes","description":"","publisher":{"@id":"https:\/\/www.camping-anduze.net\/de\/#organization"},"potentialAction":[{"@type":"SearchAction","target":{"@type":"EntryPoint","urlTemplate":"https:\/\/www.camping-anduze.net\/de\/?s={search_term_string}"},"query-input":{"@type":"PropertyValueSpecification","valueRequired":true,"valueName":"search_term_string"}}],"inLanguage":"de"},{"@type":"Organization","@id":"https:\/\/www.camping-anduze.net\/de\/#organization","name":"Les Fauvettes Camping Caravaning Locations","url":"https:\/\/www.camping-anduze.net\/de\/","logo":{"@type":"ImageObject","inLanguage":"de","@id":"https:\/\/www.camping-anduze.net\/de\/#\/schema\/logo\/image\/","url":"https:\/\/www.camping-anduze.net\/wp-content\/uploads\/2021\/05\/camping-fauvettes-logo.png","contentUrl":"https:\/\/www.camping-anduze.net\/wp-content\/uploads\/2021\/05\/camping-fauvettes-logo.png","width":486,"height":100,"caption":"Les Fauvettes Camping Caravaning Locations"},"image":{"@id":"https:\/\/www.camping-anduze.net\/de\/#\/schema\/logo\/image\/"}}]}},"_links":{"self":[{"href":"https:\/\/www.camping-anduze.net\/de\/wp-json\/wp\/v2\/pages\/4211","targetHints":{"allow":["GET"]}}],"collection":[{"href":"https:\/\/www.camping-anduze.net\/de\/wp-json\/wp\/v2\/pages"}],"about":[{"href":"https:\/\/www.camping-anduze.net\/de\/wp-json\/wp\/v2\/types\/page"}],"author":[{"embeddable":true,"href":"https:\/\/www.camping-anduze.net\/de\/wp-json\/wp\/v2\/users\/3"}],"replies":[{"embeddable":true,"href":"https:\/\/www.camping-anduze.net\/de\/wp-json\/wp\/v2\/comments?post=4211"}],"version-history":[{"count":11,"href":"https:\/\/www.camping-anduze.net\/de\/wp-json\/wp\/v2\/pages\/4211\/revisions"}],"predecessor-version":[{"id":4857,"href":"https:\/\/www.camping-anduze.net\/de\/wp-json\/wp\/v2\/pages\/4211\/revisions\/4857"}],"wp:featuredmedia":[{"embeddable":true,"href":"https:\/\/www.camping-anduze.net\/de\/wp-json\/wp\/v2\/media\/3874"}],"wp:attachment":[{"href":"https:\/\/www.camping-anduze.net\/de\/wp-json\/wp\/v2\/media?parent=4211"}],"curies":[{"name":"wp","href":"https:\/\/api.w.org\/{rel}","templated":true}]}}