{"id":4204,"date":"2023-04-04T14:25:42","date_gmt":"2023-04-04T12:25:42","guid":{"rendered":"https:\/\/www.camping-anduze.net\/?page_id=4204"},"modified":"2024-05-28T15:46:32","modified_gmt":"2024-05-28T13:46:32","slug":"unsere-vermietungen","status":"publish","type":"page","link":"https:\/\/www.camping-anduze.net\/de\/unsere-vermietungen\/","title":{"rendered":"Unsere Vermietungen"},"content":{"rendered":"<section id=\"section-60af61bde73d4\"\" class=\"section bg-white p-t-0 p-b-0\" \/><div class=\"container extralarge\"><h1 class=\"element section-title center\">Mieten Sie ein Mobilheim in Anduze<\/h1><\/div><\/section>\n\n<section id=\"section-60af61bde7669\"\" class=\"section bg-white\" \/><div class=\"container extralarge\"><div class=\"filtres\"><\/div><ul class=\"liste-de-page hebergements\"><div class=\"row scroll-x-mobile\"><li class=\"element hebergement call-to-action call-to-action--style-2   anzahl-der-zimmer-2 anzahl-der-personen-5 flche-27\" id=\"110480\"><div class=\"hebergement_link\" id=\"4410\"><div class=\"call-to-action_image\"><img decoding=\"async\" src=\"https:\/\/www.camping-anduze.net\/wp-content\/uploads\/2022\/03\/gecko-8.jpg\" data-src=\"https:\/\/www.camping-anduze.net\/wp-content\/uploads\/2022\/03\/gecko-8.jpg\" alt=\"\" class=\"\" \/><\/div><div class=\"call-to-action_contenu\"><div class=\"call-to-action_titre\">Chalet GECKO<\/div><\/div><div class=\"hebergement-attributs\"><span class=\"attribut anzahl-der-zimmer\">2 <\/span><span class=\"attribut anzahl-der-personen\">5 <\/span><span class=\"attribut flche\">27m\u00b2<\/span><\/div><\/div><\/li><\/ul><\/div><\/section>\n\n<section id=\"section-60af61bde7cdb\"\" class=\"section bg-white\" \/><div class=\"container full\"><div class=\"colonnes-wrap valign-top p-x-5\"><div class=\"element colonne \"><h2 class=\"element section-title justify\">Mieten Sie ein Mobilheim in den Cevennen<\/h2><div class=\"element bloc-text justify \">\n\t<p>Der Flower camping les Fauvettes bietet Ihnen 8 Mietunterk\u00fcnfte vom Typ Mobilheim, ausgestattetes Zelt, Zeltbungalow oder Chalet (f\u00fcr 3 bis 10 Personen) und 133 zahlreiche <a href=\"https:\/\/www.camping-anduze.net\/de\/unsere-standorte\/\">Stellpl\u00e4tze im Gard<\/a> (f\u00fcr bis zu 6 Personen).<\/p>\n<ul>\n<li><strong>2015<\/strong>: Testen Sie die Vermietung eines <strong>ausgestatteten Zeltes<\/strong>! Die ideale L\u00f6sung, um die wahren Freuden des Campings zu erleben.<\/li>\n<li><strong>2020<\/strong>: Das <strong>Mobilheim Tribu<\/strong> f\u00fcr 10 Personen besteht aus 2 Mobilheimen und einer gro\u00dfen Gemeinschaftsterrasse!<\/li>\n<li><strong>2021<\/strong>: Entdecken Sie unsere <strong>Mobilheime Domino<\/strong>!<\/li>\n<\/ul>\n<p><strong>Unsere Miet-Mobilheime<\/strong>, die von einem unschlagbaren Preis-Leistungs-Verh\u00e4ltnis profitieren, bestehen aus :<\/p>\n<ul>\n<li><strong>2 Schlafzimmern<\/strong>, eines davon mit 3 Einzelbetten,<\/li>\n<li>einer <strong>K\u00fcchenzeile<\/strong>, die mit einem K\u00fchlschrank mit Gefrierfach ausgestattet ist,<\/li>\n<li>einem <strong>Badezimmer<\/strong> mit einer gro\u00dfen Dusche und WC,<\/li>\n<li>einer <strong>\u00fcberdachten Terrasse<\/strong>.<\/li>\n<\/ul>\n<p>Sie haben die M\u00f6glichkeit, die Unterk\u00fcnfte, die Sie interessieren, nach Ihren W\u00fcnschen zu filtern und oben anzuzeigen.<\/p>\n<\/div><h2 class=\"element section-title justify m-t-4\"> Mobilheimvermietung mit allem Komfort im Gard <\/h2><div class=\"element bloc-text justify \">\n\t<p>Auf dem Flower <a href=\"https:\/\/www.camping-anduze.net\/de\/\">Camping les Fauvettes<\/a> stehen Ihnen verschiedene Arten von Mobilheimvermietungen zur Verf\u00fcgung. Je nach gew\u00e4hlter Modellreihe verf\u00fcgen unsere Mietunterk\u00fcnfte im Departement Gard \u00fcber :<\/p>\n<ul>\n<li><strong>Klimaanlage,<\/strong><\/li>\n<li><strong>TV<\/strong>,<\/li>\n<li><strong>\u00fcberdachte Terrasse<\/strong>,<\/li>\n<li>eine ausgestattete <strong>K\u00fcchenzeile<\/strong> mit Mikrowelle, Kaffeemaschine, Gaskochstellen,<\/li>\n<li><strong>Geschirrsp\u00fcler<\/strong>,<\/li>\n<li><strong>Gasplancha<\/strong>.<\/li>\n<\/ul>\n<p>Sie werden von einem Maximum an Komfort w\u00e4hrend Ihres Aufenthalts in einer Mietwohnung in Anduze profitieren.<\/p>\n<\/div><\/div><div class=\"element colonne \"><h2 class=\"element section-title justify\">Chaletvermietung in den Cevennen<\/h2><div class=\"element bloc-text justify \">\n\t<p>Entdecken Sie auch unsere Auswahl an <strong>Holzchalets<\/strong> unter der Sonne der Cevennen mit <strong>\u00fcberdachter Terrasse<\/strong>.<\/p>\n<p>Die <strong>charmante Einrichtung<\/strong> und der <strong>Komfort<\/strong>, \u00fcber den unsere Chalets zur Vermietung im Gard verf\u00fcgen, werden Ihre ganze Familie ode<strong>r<\/strong>Ihre Freunde begeistern. Auf der h\u00fcbschen \u00fcberdachten <strong>Terrasse k\u00f6nnen<\/strong> Sie gemeinsam mit der Familie essen. Gesellige Momente und viel Lachen erwarten Sie in <strong>unseren komfortablen<\/strong> Mietunterk\u00fcnften.<\/p>\n<\/div><h2 class=\"element section-title justify m-t-4\">Vermietung von ausgestatteten Zelten in Anduze <\/h2><div class=\"element bloc-text justify \">\n\t<p>In Anduze im Departement Gard k\u00f6nnen Sie die Freuden des Campings im Herzen der Natur mit unseren <strong>echten Campingzelten<\/strong> entdecken, die bereits aufgestellt und mit Campingmaterial ausgestattet sind! Schluss mit dem l\u00e4stigen Aufbau und dem \u00fcberladenen Auto! Wir k\u00fcmmern uns um alles.<\/p>\n<\/div><h2 class=\"element section-title justify m-t-4\">Verschiedene Mietkapazit\u00e4ten <\/h2><div class=\"element bloc-text justify \">\n\t<p>Die Mietobjekte haben <strong>unterschiedliche Kapazit\u00e4ten<\/strong>, vom Chalet mit einem Schlafzimmer bis zum Doppel-Mobilheim mit 5 Schlafzimmern, kommen Sie mit <strong>bis zu 10 Personen<\/strong> in einer <a href=\"https:\/\/www.camping-anduze.net\/de\/gruppen\/\">Gruppenunterkunft in Anduze unter<\/a>!<\/p>\n<p>Unsere Mietunterk\u00fcnfte sind ideal f\u00fcr gro\u00dfe Familien oder Gruppen von Freunden, die von den <a href=\"https:\/\/www.camping-anduze.net\/de\/unsere-preise-und-sonderangebote\/\">besten Preisen im Gard<\/a> profitieren werden. Wir akzeptieren auch unsere tierischen Freunde: Hund oder Katze in unseren Mietunterk\u00fcnften (gegen Aufpreis).<\/p>\n<p>Sie m\u00f6chten <a href=\"https:\/\/www.camping-anduze.net\/de\/werden-sie-eigentuemer\/\">das ganze Jahr \u00fcber mieten<\/a>? Entdecken Sie unsere Angebote an Parzellen f\u00fcr Mobilheime oder Wohnwagen zur ganzj\u00e4hrigen Vermietung im Gard.<\/p>\n<\/div><\/div><\/div><\/div><\/section>\n\n<section id=\"section-60b09966bfa56\"\" class=\"section bg-white\" \/><div class=\"container\"><div class=\"element section-title justify \t  div  Centre titre-cta\">Unsere Stellpl\u00e4tze und Preise in Anduze<\/div><div class=\"colonnes-wrap valign-top \"><div class=\"element colonne \"><div class=\"element call-to-action  call-to-action--style-1 call-to-action--big\"><a href=\"https:\/\/www.camping-anduze.net\/de\/unsere-standorte\/\"  class=\"call-to-action_link\" title=\"Mehr \u00fcber die standorte\"><div class=\"call-to-action_image\"><img decoding=\"async\" src=\"https:\/\/www.camping-anduze.net\/wp-content\/uploads\/2021\/05\/louer-emplacement-caravaning-gard-62x100.jpg\" data-src=\"https:\/\/www.camping-anduze.net\/wp-content\/uploads\/2021\/05\/louer-emplacement-caravaning-gard.jpg\" alt=\"\" class=\"big\" \/><\/div><div class=\"call-to-action_contenu\"><div class=\"call-to-action_titre\">Die Standorte<\/div><div class=\"call-to-action_sous-titre\">im Herzen des Campingplatzes<\/div><\/div><\/a><\/div><\/div><div class=\"element colonne \"><div class=\"element call-to-action  call-to-action--style-1 call-to-action--big\"><a href=\"https:\/\/www.camping-anduze.net\/de\/unsere-preise-und-sonderangebote\/\"  class=\"call-to-action_link\" title=\"Mehr \u00fcber die tarife\"><div class=\"call-to-action_image\"><img decoding=\"async\" src=\"https:\/\/www.camping-anduze.net\/wp-content\/uploads\/2021\/05\/location-pas-cher-gard-62x100.jpg\" data-src=\"https:\/\/www.camping-anduze.net\/wp-content\/uploads\/2021\/05\/location-pas-cher-gard.jpg\" alt=\"\" class=\"big\" \/><\/div><div class=\"call-to-action_contenu\"><div class=\"call-to-action_titre\">Die Tarife<\/div><div class=\"call-to-action_sous-titre\">im Herzen des Campingplatzes<\/div><\/div><\/a><\/div><\/div><div class=\"element colonne \"><div class=\"element call-to-action  call-to-action--style-1 call-to-action--big\"><a href=\"https:\/\/www.camping-anduze.net\/de\/gruppen\/\"  class=\"call-to-action_link\" title=\"Mehr \u00fcber vermietungen f\u00fcr veranstaltungen\"><div class=\"call-to-action_image\"><img decoding=\"async\" src=\"https:\/\/www.camping-anduze.net\/wp-content\/uploads\/2021\/05\/camping-groupe-anduze-100x24.jpg\" data-src=\"https:\/\/www.camping-anduze.net\/wp-content\/uploads\/2021\/05\/camping-groupe-anduze.jpg\" alt=\"\" class=\"big\" \/><\/div><div class=\"call-to-action_contenu\"><div class=\"call-to-action_titre\">Vermietungen f\u00fcr Veranstaltungen<\/div><div class=\"call-to-action_sous-titre\">im Herzen des Campingplatzes<\/div><\/div><\/a><\/div><\/div><\/div><\/div><\/section>","protected":false},"excerpt":{"rendered":"","protected":false},"author":3,"featured_media":3886,"parent":0,"menu_order":0,"comment_status":"closed","ping_status":"closed","template":"","meta":{"_acf_changed":false,"footnotes":""},"class_list":["post-4204","page","type-page","status-publish","has-post-thumbnail","hentry"],"acf":[],"yoast_head":"<!-- This site is optimized with the Yoast SEO plugin v25.3 - https:\/\/yoast.com\/wordpress\/plugins\/seo\/ -->\n<title>Unsere Vermietungen - Camping Les Fauvettes<\/title>\n<meta name=\"robots\" content=\"index, follow, max-snippet:-1, max-image-preview:large, max-video-preview:-1\" \/>\n<link rel=\"canonical\" href=\"https:\/\/www.camping-anduze.net\/de\/unsere-vermietungen\/\" \/>\n<meta property=\"og:locale\" content=\"de_DE\" \/>\n<meta property=\"og:type\" content=\"article\" \/>\n<meta property=\"og:title\" content=\"Unsere Vermietungen - Camping Les Fauvettes\" \/>\n<meta property=\"og:url\" content=\"https:\/\/www.camping-anduze.net\/de\/unsere-vermietungen\/\" \/>\n<meta property=\"og:site_name\" content=\"Camping Les Fauvettes\" \/>\n<meta property=\"article:modified_time\" content=\"2024-05-28T13:46:32+00:00\" \/>\n<meta property=\"og:image\" content=\"https:\/\/www.camping-anduze.net\/wp-content\/uploads\/2021\/05\/location-mobil-home-anduze-1.jpg\" \/>\n\t<meta property=\"og:image:width\" content=\"1904\" \/>\n\t<meta property=\"og:image:height\" content=\"450\" \/>\n\t<meta property=\"og:image:type\" content=\"image\/jpeg\" \/>\n<meta name=\"twitter:card\" content=\"summary_large_image\" \/>\n<meta name=\"twitter:label1\" content=\"Gesch\u00e4tzte Lesezeit\" \/>\n\t<meta name=\"twitter:data1\" content=\"1\u00a0Minute\" \/>\n<script type=\"application\/ld+json\" class=\"yoast-schema-graph\">{\"@context\":\"https:\/\/schema.org\",\"@graph\":[{\"@type\":\"WebPage\",\"@id\":\"https:\/\/www.camping-anduze.net\/de\/unsere-vermietungen\/\",\"url\":\"https:\/\/www.camping-anduze.net\/de\/unsere-vermietungen\/\",\"name\":\"Unsere Vermietungen - Camping Les Fauvettes\",\"isPartOf\":{\"@id\":\"https:\/\/www.camping-anduze.net\/de\/#website\"},\"primaryImageOfPage\":{\"@id\":\"https:\/\/www.camping-anduze.net\/de\/unsere-vermietungen\/#primaryimage\"},\"image\":{\"@id\":\"https:\/\/www.camping-anduze.net\/de\/unsere-vermietungen\/#primaryimage\"},\"thumbnailUrl\":\"https:\/\/www.camping-anduze.net\/wp-content\/uploads\/2021\/05\/location-mobil-home-anduze-1.jpg\",\"datePublished\":\"2023-04-04T12:25:42+00:00\",\"dateModified\":\"2024-05-28T13:46:32+00:00\",\"breadcrumb\":{\"@id\":\"https:\/\/www.camping-anduze.net\/de\/unsere-vermietungen\/#breadcrumb\"},\"inLanguage\":\"de\",\"potentialAction\":[{\"@type\":\"ReadAction\",\"target\":[\"https:\/\/www.camping-anduze.net\/de\/unsere-vermietungen\/\"]}]},{\"@type\":\"ImageObject\",\"inLanguage\":\"de\",\"@id\":\"https:\/\/www.camping-anduze.net\/de\/unsere-vermietungen\/#primaryimage\",\"url\":\"https:\/\/www.camping-anduze.net\/wp-content\/uploads\/2021\/05\/location-mobil-home-anduze-1.jpg\",\"contentUrl\":\"https:\/\/www.camping-anduze.net\/wp-content\/uploads\/2021\/05\/location-mobil-home-anduze-1.jpg\",\"width\":1904,\"height\":450},{\"@type\":\"BreadcrumbList\",\"@id\":\"https:\/\/www.camping-anduze.net\/de\/unsere-vermietungen\/#breadcrumb\",\"itemListElement\":[{\"@type\":\"ListItem\",\"position\":1,\"name\":\"Camping Gard\",\"item\":\"https:\/\/www.camping-anduze.net\/de\/\"},{\"@type\":\"ListItem\",\"position\":2,\"name\":\"Unsere Vermietungen\"}]},{\"@type\":\"WebSite\",\"@id\":\"https:\/\/www.camping-anduze.net\/de\/#website\",\"url\":\"https:\/\/www.camping-anduze.net\/de\/\",\"name\":\"Camping Les Fauvettes\",\"description\":\"\",\"publisher\":{\"@id\":\"https:\/\/www.camping-anduze.net\/de\/#organization\"},\"potentialAction\":[{\"@type\":\"SearchAction\",\"target\":{\"@type\":\"EntryPoint\",\"urlTemplate\":\"https:\/\/www.camping-anduze.net\/de\/?s={search_term_string}\"},\"query-input\":{\"@type\":\"PropertyValueSpecification\",\"valueRequired\":true,\"valueName\":\"search_term_string\"}}],\"inLanguage\":\"de\"},{\"@type\":\"Organization\",\"@id\":\"https:\/\/www.camping-anduze.net\/de\/#organization\",\"name\":\"Les Fauvettes Camping Caravaning Locations\",\"url\":\"https:\/\/www.camping-anduze.net\/de\/\",\"logo\":{\"@type\":\"ImageObject\",\"inLanguage\":\"de\",\"@id\":\"https:\/\/www.camping-anduze.net\/de\/#\/schema\/logo\/image\/\",\"url\":\"https:\/\/www.camping-anduze.net\/wp-content\/uploads\/2021\/05\/camping-fauvettes-logo.png\",\"contentUrl\":\"https:\/\/www.camping-anduze.net\/wp-content\/uploads\/2021\/05\/camping-fauvettes-logo.png\",\"width\":486,\"height\":100,\"caption\":\"Les Fauvettes Camping Caravaning Locations\"},\"image\":{\"@id\":\"https:\/\/www.camping-anduze.net\/de\/#\/schema\/logo\/image\/\"}}]}<\/script>\n<!-- \/ Yoast SEO plugin. -->","yoast_head_json":{"title":"Unsere Vermietungen - Camping Les Fauvettes","robots":{"index":"index","follow":"follow","max-snippet":"max-snippet:-1","max-image-preview":"max-image-preview:large","max-video-preview":"max-video-preview:-1"},"canonical":"https:\/\/www.camping-anduze.net\/de\/unsere-vermietungen\/","og_locale":"de_DE","og_type":"article","og_title":"Unsere Vermietungen - Camping Les Fauvettes","og_url":"https:\/\/www.camping-anduze.net\/de\/unsere-vermietungen\/","og_site_name":"Camping Les Fauvettes","article_modified_time":"2024-05-28T13:46:32+00:00","og_image":[{"width":1904,"height":450,"url":"https:\/\/www.camping-anduze.net\/wp-content\/uploads\/2021\/05\/location-mobil-home-anduze-1.jpg","type":"image\/jpeg"}],"twitter_card":"summary_large_image","twitter_misc":{"Gesch\u00e4tzte Lesezeit":"1\u00a0Minute"},"schema":{"@context":"https:\/\/schema.org","@graph":[{"@type":"WebPage","@id":"https:\/\/www.camping-anduze.net\/de\/unsere-vermietungen\/","url":"https:\/\/www.camping-anduze.net\/de\/unsere-vermietungen\/","name":"Unsere Vermietungen - Camping Les Fauvettes","isPartOf":{"@id":"https:\/\/www.camping-anduze.net\/de\/#website"},"primaryImageOfPage":{"@id":"https:\/\/www.camping-anduze.net\/de\/unsere-vermietungen\/#primaryimage"},"image":{"@id":"https:\/\/www.camping-anduze.net\/de\/unsere-vermietungen\/#primaryimage"},"thumbnailUrl":"https:\/\/www.camping-anduze.net\/wp-content\/uploads\/2021\/05\/location-mobil-home-anduze-1.jpg","datePublished":"2023-04-04T12:25:42+00:00","dateModified":"2024-05-28T13:46:32+00:00","breadcrumb":{"@id":"https:\/\/www.camping-anduze.net\/de\/unsere-vermietungen\/#breadcrumb"},"inLanguage":"de","potentialAction":[{"@type":"ReadAction","target":["https:\/\/www.camping-anduze.net\/de\/unsere-vermietungen\/"]}]},{"@type":"ImageObject","inLanguage":"de","@id":"https:\/\/www.camping-anduze.net\/de\/unsere-vermietungen\/#primaryimage","url":"https:\/\/www.camping-anduze.net\/wp-content\/uploads\/2021\/05\/location-mobil-home-anduze-1.jpg","contentUrl":"https:\/\/www.camping-anduze.net\/wp-content\/uploads\/2021\/05\/location-mobil-home-anduze-1.jpg","width":1904,"height":450},{"@type":"BreadcrumbList","@id":"https:\/\/www.camping-anduze.net\/de\/unsere-vermietungen\/#breadcrumb","itemListElement":[{"@type":"ListItem","position":1,"name":"Camping Gard","item":"https:\/\/www.camping-anduze.net\/de\/"},{"@type":"ListItem","position":2,"name":"Unsere Vermietungen"}]},{"@type":"WebSite","@id":"https:\/\/www.camping-anduze.net\/de\/#website","url":"https:\/\/www.camping-anduze.net\/de\/","name":"Camping Les Fauvettes","description":"","publisher":{"@id":"https:\/\/www.camping-anduze.net\/de\/#organization"},"potentialAction":[{"@type":"SearchAction","target":{"@type":"EntryPoint","urlTemplate":"https:\/\/www.camping-anduze.net\/de\/?s={search_term_string}"},"query-input":{"@type":"PropertyValueSpecification","valueRequired":true,"valueName":"search_term_string"}}],"inLanguage":"de"},{"@type":"Organization","@id":"https:\/\/www.camping-anduze.net\/de\/#organization","name":"Les Fauvettes Camping Caravaning Locations","url":"https:\/\/www.camping-anduze.net\/de\/","logo":{"@type":"ImageObject","inLanguage":"de","@id":"https:\/\/www.camping-anduze.net\/de\/#\/schema\/logo\/image\/","url":"https:\/\/www.camping-anduze.net\/wp-content\/uploads\/2021\/05\/camping-fauvettes-logo.png","contentUrl":"https:\/\/www.camping-anduze.net\/wp-content\/uploads\/2021\/05\/camping-fauvettes-logo.png","width":486,"height":100,"caption":"Les Fauvettes Camping Caravaning Locations"},"image":{"@id":"https:\/\/www.camping-anduze.net\/de\/#\/schema\/logo\/image\/"}}]}},"_links":{"self":[{"href":"https:\/\/www.camping-anduze.net\/de\/wp-json\/wp\/v2\/pages\/4204","targetHints":{"allow":["GET"]}}],"collection":[{"href":"https:\/\/www.camping-anduze.net\/de\/wp-json\/wp\/v2\/pages"}],"about":[{"href":"https:\/\/www.camping-anduze.net\/de\/wp-json\/wp\/v2\/types\/page"}],"author":[{"embeddable":true,"href":"https:\/\/www.camping-anduze.net\/de\/wp-json\/wp\/v2\/users\/3"}],"replies":[{"embeddable":true,"href":"https:\/\/www.camping-anduze.net\/de\/wp-json\/wp\/v2\/comments?post=4204"}],"version-history":[{"count":12,"href":"https:\/\/www.camping-anduze.net\/de\/wp-json\/wp\/v2\/pages\/4204\/revisions"}],"predecessor-version":[{"id":4826,"href":"https:\/\/www.camping-anduze.net\/de\/wp-json\/wp\/v2\/pages\/4204\/revisions\/4826"}],"wp:featuredmedia":[{"embeddable":true,"href":"https:\/\/www.camping-anduze.net\/de\/wp-json\/wp\/v2\/media\/3886"}],"wp:attachment":[{"href":"https:\/\/www.camping-anduze.net\/de\/wp-json\/wp\/v2\/media?parent=4204"}],"curies":[{"name":"wp","href":"https:\/\/api.w.org\/{rel}","templated":true}]}}