{"id":4202,"date":"2023-04-04T14:26:24","date_gmt":"2023-04-04T12:26:24","guid":{"rendered":"https:\/\/www.camping-anduze.net\/?page_id=4202"},"modified":"2024-05-29T09:23:44","modified_gmt":"2024-05-29T07:23:44","slug":"unsere-standorte","status":"publish","type":"page","link":"https:\/\/www.camping-anduze.net\/de\/unsere-standorte\/","title":{"rendered":"Unsere Standorte"},"content":{"rendered":"<section id=\"section-608fce38aab3f\"\" class=\"section bg-white p-t-0 p-b-0\" \/><div class=\"container extralarge\"><h1 class=\"element section-title center\">Stellplatz in Anduze mieten<\/h1><\/div><\/section>\n\n<section id=\"section-608fce38aab3f\"\" class=\"section bg-white p-t-0 p-b-0\" \/><div class=\"container extralarge\"><div class=\"element bloc-text\">\n\t\r\n<ctv-availability data-product-type='pitch' data-background-color='#FFFFFFFF' ><\/ctv-availability><\/div><\/div><\/section>\n\n<section id=\"section-groupe6\"\" class=\"section bg-white p-t-0 p-b-0\" \/><div class=\"container full\"><div class=\"colonnes-wrap valign-middle modele\"><div class=\"element colonne modele_image\"><div class=\"element images scroll-x-mobile\"><div class=\"image\"><img decoding=\"async\" src=\"https:\/\/www.camping-anduze.net\/wp-content\/uploads\/2021\/05\/louer-emplacement-caravane-anduze-1-100x67.jpg\" data-src=\"https:\/\/www.camping-anduze.net\/wp-content\/uploads\/2021\/05\/louer-emplacement-caravane-anduze-1.jpg\" alt=\"mieten wohnwagenplatz anduze\" class=\"images_image\" \/><\/div><\/div><\/div><div class=\"element colonne modele_texte\"><h2 class=\"element section-title justify\">Komfortable Stellpl\u00e4tze im Gard<\/h2><div class=\"element bloc-text justify \">\n\t<p>Ein Urlaub auf dem Campingplatz bedeutet, mit der Natur zusammenzuleben. Unsere Stellpl\u00e4tze sowie unsere <a href=\"https:\/\/www.camping-anduze.net\/de\/unsere-vermietungen\/\">Mobilheime zur Vermietung in Anduze<\/a> geben <strong>Raum<\/strong> und <strong>Ruhe<\/strong> den Vorzug.<\/p>\n<p>Der <a href=\"https:\/\/www.camping-anduze.net\/de\/\">Campingplatz in Anduze<\/a> verf\u00fcgt \u00fcber abgegrenzte, grasbewachsene und gepflegte Stellpl\u00e4tze. Die Caravaning-Stellpl\u00e4tze f\u00fcr Zelte, Wohnwagen oder Wohnmobile sind harmonisch \u00fcber den baumbestandenen Park verteilt. Sie finden also schattige <strong>oder halbschattige Caravaning-Stellpl\u00e4tze<\/strong>, auf denen Sie das s\u00fc\u00dfe Leben auf dem Campingplatz in den Cevennen genie\u00dfen k\u00f6nnen. Wir akzeptieren Hunde auf den Stellpl\u00e4tzen und in der Vermietung auf dem Campingplatz.<\/p>\n<p>Alle unsere Stellpl\u00e4tze sind durchschnittlich <strong>90 bis 100 m2<\/strong> gro\u00df und Sie k\u00f6nnen bis zu maximal 6 Personen pro Stellplatz unterbringen. F\u00fcr <a href=\"https:\/\/www.camping-anduze.net\/de\/gruppen\/\">Gruppen<\/a> haben wir Mobilheime zu vermieten, die auf Ihre Bed\u00fcrfnisse zugeschnitten sind.<\/p>\n<\/div><\/div><\/div><\/div><\/section>\n\n<section id=\"section-6090f8c2f072a\"\" data-bg-opacite=\"1\"data-background=\"https:\/\/www.camping-anduze.net\/wp-content\/uploads\/2021\/05\/louer-emplacement-anduze.jpg\"data-speed=\"0.8\"class=\"section modele separateurImage promo oiseau bg-white section--has-bg-img section_bg-parallax\" \/><div class=\"container full\"><div class=\"colonnes-wrap valign-top \"><div class=\"element colonne \"><h2 class=\"element section-title justify\">Premium Stellpl\u00e4tze in Anduze<\/h2><div class=\"element bloc-text justify \">\n\t<p>Der Flower Camping des Fauvettes verf\u00fcgt \u00fcber einige <strong>Premium-Wohnwagenstellpl\u00e4tze<\/strong>, die etwas weiter von den Aktivit\u00e4ten des Campingplatzes entfernt und etwas gr\u00f6\u00dfer als die <strong>Komfortstellpl\u00e4tze<\/strong> sind. Mit der Anmietung eines Premium-Stellplatzes k\u00f6nnen Sie einen erholsamen und ergiebigen Urlaub zum <a href=\"https:\/\/www.camping-anduze.net\/de\/unsere-preise-und-sonderangebote\/\">kleinen Preis in Anduze<\/a> verbringen.<\/p>\n<p>Alle unsere Stellpl\u00e4tze k\u00f6nnen mit einem europ\u00e4ischen Stecker an den <strong>10-Ampere-Strom<\/strong> angeschlossen werden.<\/p>\n<\/div><\/div><\/div><\/div><\/section>\n\n<section id=\"section-608fce38aaecb\"\" class=\"section bg-white p-t-0 p-b-0\" \/><div class=\"container full\"><div class=\"colonnes-wrap valign-middle modele textLeft\"><div class=\"element colonne modele_texte\"><h2 class=\"element section-title justify\">Qualitativ hochwertige Sanit\u00e4ranlagen in den Cevennen<\/h2><div class=\"element bloc-text justify \">\n\t<p>Da uns der Komfort aller am Herzen liegt, verf\u00fcgen wir \u00fcber :<\/p>\n<ul>\n<li>einen Sanit\u00e4rblock mit einer <strong>PMR-Kabine<\/strong>,<\/li>\n<li>einen Sanit\u00e4rblock mit einer <strong>Babykabine<\/strong>,<\/li>\n<li><strong>Familienkabinen<\/strong><\/li>\n<li>und<strong> zwei Waschmaschinen<\/strong>.<\/li>\n<\/ul>\n<p>Unsere Sanit\u00e4rbl\u00f6cke werden mehrmals t\u00e4glich unter Einhaltung der <strong>Sanit\u00e4rcharta flower +<\/strong> im Rahmen des COVID 19-Protokolls gewartet. Da uns unsere Umwelt am Herzen liegt, h\u00e4lt sich der Campingplatz in Anduze im Departement Gard an die <strong>M\u00fclltrennung<\/strong> und wir setzen verschiedene Vorrichtungen zur Verwaltung von <strong>Wasser und Strom ein.<\/strong><\/p>\n<\/div><h2 class=\"element section-title justify m-t-4\">Locations de kit pour les emplacements<\/h2><div class=\"element bloc-text justify \">\n\t<p>Kein Platz in Ihrem Fahrzeug?<\/p>\n<p>Wir bieten Ihnen unser <strong>Kit zum Mieten an<\/strong>, das bei Ihrer Ankunft auf Ihrem Stellplatz in Anduze bereitgestellt wird:<\/p>\n<ul>\n<li>einen <strong>Top-K\u00fchlschrank<\/strong> (denken Sie daran, ihn bei Regen unterstellen zu k\u00f6nnen),<\/li>\n<li><strong>Tische<\/strong> und <strong>St\u00fchle im Campingtyp<\/strong><\/li>\n<li>sowie eine<strong> Aufbewahrungskiste<\/strong>!<\/li>\n<\/ul>\n<\/div><\/div><div class=\"element colonne modele_image\"><div class=\"element images scroll-x-mobile\"><div class=\"image\"><img decoding=\"async\" src=\"https:\/\/www.camping-anduze.net\/wp-content\/uploads\/2021\/05\/location-emplacement-gard-100x78.jpg\" data-src=\"https:\/\/www.camping-anduze.net\/wp-content\/uploads\/2021\/05\/location-emplacement-gard.jpg\" alt=\"vermietung stellplatz gard\" class=\"images_image\" \/><\/div><\/div><\/div><\/div><\/div><\/section>\n\n<section id=\"section-6090f8c2f0f2c\"\" class=\"section bg-white\" \/><div class=\"container large\"><div class=\"element section-title justify titre-cta\">Unsere Mobilheime und unsere Preise in Anduze<\/div><div class=\"colonnes-wrap valign-top \"><div class=\"element colonne \"><div class=\"element call-to-action  call-to-action--style-1 call-to-action--big\"><a href=\"https:\/\/www.camping-anduze.net\/de\/unsere-vermietungen\/\"  class=\"call-to-action_link\" title=\"Mehr \u00fcber die mobilheime\"><div class=\"call-to-action_image\"><img decoding=\"async\" src=\"https:\/\/www.camping-anduze.net\/wp-content\/uploads\/2021\/05\/location-mobil-home-anduze-1-100x24.jpg\" data-src=\"https:\/\/www.camping-anduze.net\/wp-content\/uploads\/2021\/05\/location-mobil-home-anduze-1.jpg\" alt=\"\" class=\"big\" \/><\/div><div class=\"call-to-action_contenu\"><div class=\"call-to-action_titre\">Die Mobilheime<\/div><div class=\"call-to-action_sous-titre\">im Herzen des Campingplatzes<\/div><\/div><\/a><\/div><\/div><div class=\"element colonne \"><div class=\"element call-to-action  call-to-action--style-1 call-to-action--big\"><a href=\"https:\/\/www.camping-anduze.net\/de\/unsere-preise-und-sonderangebote\/\"  class=\"call-to-action_link\" title=\"Mehr \u00fcber die tarife\"><div class=\"call-to-action_image\"><img decoding=\"async\" src=\"https:\/\/www.camping-anduze.net\/wp-content\/uploads\/2021\/05\/location-pas-cher-gard-62x100.jpg\" data-src=\"https:\/\/www.camping-anduze.net\/wp-content\/uploads\/2021\/05\/location-pas-cher-gard.jpg\" alt=\"\" class=\"big\" \/><\/div><div class=\"call-to-action_contenu\"><div class=\"call-to-action_titre\">Die Tarife<\/div><div class=\"call-to-action_sous-titre\">im Herzen des Campingplatzes<\/div><\/div><\/a><\/div><\/div><div class=\"element colonne \"><div class=\"element call-to-action  call-to-action--style-1 call-to-action--big\"><a href=\"https:\/\/www.camping-anduze.net\/de\/der-wasserbereich\/\"  class=\"call-to-action_link\" title=\"Mehr \u00fcber der wasserbereich\"><div class=\"call-to-action_image\"><img decoding=\"async\" src=\"https:\/\/www.camping-anduze.net\/wp-content\/uploads\/2021\/05\/piscine-chauffee-gard-62x100.jpg\" data-src=\"https:\/\/www.camping-anduze.net\/wp-content\/uploads\/2021\/05\/piscine-chauffee-gard.jpg\" alt=\"\" class=\"big\" \/><\/div><div class=\"call-to-action_contenu\"><div class=\"call-to-action_titre\">Der Wasserbereich<\/div><div class=\"call-to-action_sous-titre\">im Herzen des Campingplatzes<\/div><\/div><\/a><\/div><\/div><\/div><\/div><\/section>","protected":false},"excerpt":{"rendered":"","protected":false},"author":3,"featured_media":3887,"parent":0,"menu_order":0,"comment_status":"closed","ping_status":"closed","template":"","meta":{"_acf_changed":false,"footnotes":""},"class_list":["post-4202","page","type-page","status-publish","has-post-thumbnail","hentry"],"acf":[],"yoast_head":"<!-- This site is optimized with the Yoast SEO plugin v25.3 - https:\/\/yoast.com\/wordpress\/plugins\/seo\/ -->\n<title>Unsere Standorte - Camping Les Fauvettes<\/title>\n<meta name=\"robots\" content=\"index, follow, max-snippet:-1, max-image-preview:large, max-video-preview:-1\" \/>\n<link rel=\"canonical\" href=\"https:\/\/www.camping-anduze.net\/de\/unsere-standorte\/\" \/>\n<meta property=\"og:locale\" content=\"de_DE\" \/>\n<meta property=\"og:type\" content=\"article\" \/>\n<meta property=\"og:title\" content=\"Unsere Standorte - Camping Les Fauvettes\" \/>\n<meta property=\"og:url\" content=\"https:\/\/www.camping-anduze.net\/de\/unsere-standorte\/\" \/>\n<meta property=\"og:site_name\" content=\"Camping Les Fauvettes\" \/>\n<meta property=\"article:modified_time\" content=\"2024-05-29T07:23:44+00:00\" \/>\n<meta property=\"og:image\" content=\"https:\/\/www.camping-anduze.net\/wp-content\/uploads\/2021\/05\/louer-emplacement-caravaning-anduze.jpg\" \/>\n\t<meta property=\"og:image:width\" content=\"1903\" \/>\n\t<meta property=\"og:image:height\" content=\"450\" \/>\n\t<meta property=\"og:image:type\" content=\"image\/jpeg\" \/>\n<meta name=\"twitter:card\" content=\"summary_large_image\" \/>\n<meta name=\"twitter:label1\" content=\"Gesch\u00e4tzte Lesezeit\" \/>\n\t<meta name=\"twitter:data1\" content=\"1\u00a0Minute\" \/>\n<script type=\"application\/ld+json\" class=\"yoast-schema-graph\">{\"@context\":\"https:\/\/schema.org\",\"@graph\":[{\"@type\":\"WebPage\",\"@id\":\"https:\/\/www.camping-anduze.net\/de\/unsere-standorte\/\",\"url\":\"https:\/\/www.camping-anduze.net\/de\/unsere-standorte\/\",\"name\":\"Unsere Standorte - Camping Les Fauvettes\",\"isPartOf\":{\"@id\":\"https:\/\/www.camping-anduze.net\/de\/#website\"},\"primaryImageOfPage\":{\"@id\":\"https:\/\/www.camping-anduze.net\/de\/unsere-standorte\/#primaryimage\"},\"image\":{\"@id\":\"https:\/\/www.camping-anduze.net\/de\/unsere-standorte\/#primaryimage\"},\"thumbnailUrl\":\"https:\/\/www.camping-anduze.net\/wp-content\/uploads\/2021\/05\/louer-emplacement-caravaning-anduze.jpg\",\"datePublished\":\"2023-04-04T12:26:24+00:00\",\"dateModified\":\"2024-05-29T07:23:44+00:00\",\"breadcrumb\":{\"@id\":\"https:\/\/www.camping-anduze.net\/de\/unsere-standorte\/#breadcrumb\"},\"inLanguage\":\"de\",\"potentialAction\":[{\"@type\":\"ReadAction\",\"target\":[\"https:\/\/www.camping-anduze.net\/de\/unsere-standorte\/\"]}]},{\"@type\":\"ImageObject\",\"inLanguage\":\"de\",\"@id\":\"https:\/\/www.camping-anduze.net\/de\/unsere-standorte\/#primaryimage\",\"url\":\"https:\/\/www.camping-anduze.net\/wp-content\/uploads\/2021\/05\/louer-emplacement-caravaning-anduze.jpg\",\"contentUrl\":\"https:\/\/www.camping-anduze.net\/wp-content\/uploads\/2021\/05\/louer-emplacement-caravaning-anduze.jpg\",\"width\":1903,\"height\":450},{\"@type\":\"BreadcrumbList\",\"@id\":\"https:\/\/www.camping-anduze.net\/de\/unsere-standorte\/#breadcrumb\",\"itemListElement\":[{\"@type\":\"ListItem\",\"position\":1,\"name\":\"Camping Gard\",\"item\":\"https:\/\/www.camping-anduze.net\/de\/\"},{\"@type\":\"ListItem\",\"position\":2,\"name\":\"Unsere Standorte\"}]},{\"@type\":\"WebSite\",\"@id\":\"https:\/\/www.camping-anduze.net\/de\/#website\",\"url\":\"https:\/\/www.camping-anduze.net\/de\/\",\"name\":\"Camping Les Fauvettes\",\"description\":\"\",\"publisher\":{\"@id\":\"https:\/\/www.camping-anduze.net\/de\/#organization\"},\"potentialAction\":[{\"@type\":\"SearchAction\",\"target\":{\"@type\":\"EntryPoint\",\"urlTemplate\":\"https:\/\/www.camping-anduze.net\/de\/?s={search_term_string}\"},\"query-input\":{\"@type\":\"PropertyValueSpecification\",\"valueRequired\":true,\"valueName\":\"search_term_string\"}}],\"inLanguage\":\"de\"},{\"@type\":\"Organization\",\"@id\":\"https:\/\/www.camping-anduze.net\/de\/#organization\",\"name\":\"Les Fauvettes Camping Caravaning Locations\",\"url\":\"https:\/\/www.camping-anduze.net\/de\/\",\"logo\":{\"@type\":\"ImageObject\",\"inLanguage\":\"de\",\"@id\":\"https:\/\/www.camping-anduze.net\/de\/#\/schema\/logo\/image\/\",\"url\":\"https:\/\/www.camping-anduze.net\/wp-content\/uploads\/2021\/05\/camping-fauvettes-logo.png\",\"contentUrl\":\"https:\/\/www.camping-anduze.net\/wp-content\/uploads\/2021\/05\/camping-fauvettes-logo.png\",\"width\":486,\"height\":100,\"caption\":\"Les Fauvettes Camping Caravaning Locations\"},\"image\":{\"@id\":\"https:\/\/www.camping-anduze.net\/de\/#\/schema\/logo\/image\/\"}}]}<\/script>\n<!-- \/ Yoast SEO plugin. -->","yoast_head_json":{"title":"Unsere Standorte - Camping Les Fauvettes","robots":{"index":"index","follow":"follow","max-snippet":"max-snippet:-1","max-image-preview":"max-image-preview:large","max-video-preview":"max-video-preview:-1"},"canonical":"https:\/\/www.camping-anduze.net\/de\/unsere-standorte\/","og_locale":"de_DE","og_type":"article","og_title":"Unsere Standorte - Camping Les Fauvettes","og_url":"https:\/\/www.camping-anduze.net\/de\/unsere-standorte\/","og_site_name":"Camping Les Fauvettes","article_modified_time":"2024-05-29T07:23:44+00:00","og_image":[{"width":1903,"height":450,"url":"https:\/\/www.camping-anduze.net\/wp-content\/uploads\/2021\/05\/louer-emplacement-caravaning-anduze.jpg","type":"image\/jpeg"}],"twitter_card":"summary_large_image","twitter_misc":{"Gesch\u00e4tzte Lesezeit":"1\u00a0Minute"},"schema":{"@context":"https:\/\/schema.org","@graph":[{"@type":"WebPage","@id":"https:\/\/www.camping-anduze.net\/de\/unsere-standorte\/","url":"https:\/\/www.camping-anduze.net\/de\/unsere-standorte\/","name":"Unsere Standorte - Camping Les Fauvettes","isPartOf":{"@id":"https:\/\/www.camping-anduze.net\/de\/#website"},"primaryImageOfPage":{"@id":"https:\/\/www.camping-anduze.net\/de\/unsere-standorte\/#primaryimage"},"image":{"@id":"https:\/\/www.camping-anduze.net\/de\/unsere-standorte\/#primaryimage"},"thumbnailUrl":"https:\/\/www.camping-anduze.net\/wp-content\/uploads\/2021\/05\/louer-emplacement-caravaning-anduze.jpg","datePublished":"2023-04-04T12:26:24+00:00","dateModified":"2024-05-29T07:23:44+00:00","breadcrumb":{"@id":"https:\/\/www.camping-anduze.net\/de\/unsere-standorte\/#breadcrumb"},"inLanguage":"de","potentialAction":[{"@type":"ReadAction","target":["https:\/\/www.camping-anduze.net\/de\/unsere-standorte\/"]}]},{"@type":"ImageObject","inLanguage":"de","@id":"https:\/\/www.camping-anduze.net\/de\/unsere-standorte\/#primaryimage","url":"https:\/\/www.camping-anduze.net\/wp-content\/uploads\/2021\/05\/louer-emplacement-caravaning-anduze.jpg","contentUrl":"https:\/\/www.camping-anduze.net\/wp-content\/uploads\/2021\/05\/louer-emplacement-caravaning-anduze.jpg","width":1903,"height":450},{"@type":"BreadcrumbList","@id":"https:\/\/www.camping-anduze.net\/de\/unsere-standorte\/#breadcrumb","itemListElement":[{"@type":"ListItem","position":1,"name":"Camping Gard","item":"https:\/\/www.camping-anduze.net\/de\/"},{"@type":"ListItem","position":2,"name":"Unsere Standorte"}]},{"@type":"WebSite","@id":"https:\/\/www.camping-anduze.net\/de\/#website","url":"https:\/\/www.camping-anduze.net\/de\/","name":"Camping Les Fauvettes","description":"","publisher":{"@id":"https:\/\/www.camping-anduze.net\/de\/#organization"},"potentialAction":[{"@type":"SearchAction","target":{"@type":"EntryPoint","urlTemplate":"https:\/\/www.camping-anduze.net\/de\/?s={search_term_string}"},"query-input":{"@type":"PropertyValueSpecification","valueRequired":true,"valueName":"search_term_string"}}],"inLanguage":"de"},{"@type":"Organization","@id":"https:\/\/www.camping-anduze.net\/de\/#organization","name":"Les Fauvettes Camping Caravaning Locations","url":"https:\/\/www.camping-anduze.net\/de\/","logo":{"@type":"ImageObject","inLanguage":"de","@id":"https:\/\/www.camping-anduze.net\/de\/#\/schema\/logo\/image\/","url":"https:\/\/www.camping-anduze.net\/wp-content\/uploads\/2021\/05\/camping-fauvettes-logo.png","contentUrl":"https:\/\/www.camping-anduze.net\/wp-content\/uploads\/2021\/05\/camping-fauvettes-logo.png","width":486,"height":100,"caption":"Les Fauvettes Camping Caravaning Locations"},"image":{"@id":"https:\/\/www.camping-anduze.net\/de\/#\/schema\/logo\/image\/"}}]}},"_links":{"self":[{"href":"https:\/\/www.camping-anduze.net\/de\/wp-json\/wp\/v2\/pages\/4202","targetHints":{"allow":["GET"]}}],"collection":[{"href":"https:\/\/www.camping-anduze.net\/de\/wp-json\/wp\/v2\/pages"}],"about":[{"href":"https:\/\/www.camping-anduze.net\/de\/wp-json\/wp\/v2\/types\/page"}],"author":[{"embeddable":true,"href":"https:\/\/www.camping-anduze.net\/de\/wp-json\/wp\/v2\/users\/3"}],"replies":[{"embeddable":true,"href":"https:\/\/www.camping-anduze.net\/de\/wp-json\/wp\/v2\/comments?post=4202"}],"version-history":[{"count":16,"href":"https:\/\/www.camping-anduze.net\/de\/wp-json\/wp\/v2\/pages\/4202\/revisions"}],"predecessor-version":[{"id":4861,"href":"https:\/\/www.camping-anduze.net\/de\/wp-json\/wp\/v2\/pages\/4202\/revisions\/4861"}],"wp:featuredmedia":[{"embeddable":true,"href":"https:\/\/www.camping-anduze.net\/de\/wp-json\/wp\/v2\/media\/3887"}],"wp:attachment":[{"href":"https:\/\/www.camping-anduze.net\/de\/wp-json\/wp\/v2\/media?parent=4202"}],"curies":[{"name":"wp","href":"https:\/\/api.w.org\/{rel}","templated":true}]}}