{"id":4196,"date":"2023-04-04T14:31:55","date_gmt":"2023-04-04T12:31:55","guid":{"rendered":"https:\/\/www.camping-anduze.net\/?page_id=4196"},"modified":"2024-05-28T15:21:17","modified_gmt":"2024-05-28T13:21:17","slug":"die-cevennen","status":"publish","type":"page","link":"https:\/\/www.camping-anduze.net\/de\/die-cevennen\/","title":{"rendered":"Die Cevennen"},"content":{"rendered":"<section id=\"section-608fce38aab3f\"\" class=\"section bg-white p-t-0 p-b-0\" \/><div class=\"container full\"><div class=\"colonnes-wrap valign-middle modele\"><div class=\"element colonne modele_image\"><div class=\"element images scroll-x-mobile\"><div class=\"image\"><img decoding=\"async\" src=\"https:\/\/www.camping-anduze.net\/wp-content\/uploads\/2021\/05\/decouvrir-montagne-anduze-100x78.jpg\" data-src=\"https:\/\/www.camping-anduze.net\/wp-content\/uploads\/2021\/05\/decouvrir-montagne-anduze.jpg\" alt=\"decouvrir montagne anduze\" class=\"images_image\" \/><\/div><\/div><\/div><div class=\"element colonne modele_texte\"><h1 class=\"element section-title left\">Das Cevennen-Dorf Anduze<\/h1><div class=\"element bloc-text justify \">\n\t<p>Das malerische und authentische Dorf, das sch\u00f6ne Anduze, ist <strong>typisch f\u00fcr die Cevennen.<\/strong><\/p>\n<p>Entdecken Sie die regionalen Produkte, die unglaublichen Landschaften, Wanderungen insbesondere zum Fort-Rohan, den Capelans-Dolmen (G-R) und sein Kulturerbe. Aber auch Aktivit\u00e4ten wie Canyoning &#8230; es gibt so viel zu tun.<\/p>\n<p>Sie schlendern durch <strong>die kleinen Gassen<\/strong> und entdecken unter anderem <strong>den Uhrenturm<\/strong> aus dem Jahr 1320, die <strong>Fontaine Pagode<\/strong> mit ihrem orientalischen Stil oder <strong>den gr\u00f6\u00dften Tempel Frankreichs<\/strong>. Hier k\u00f6nnen Sie <strong>das lokale Kunsthandwerk<\/strong> mit seinen traditionellen T\u00f6pfereien von Anduze entdecken. Oder Sie k\u00f6nnen sich <strong>am Fluss &#8222;Gardon d&#8217;Anduze&#8220;<\/strong> entspannen.<\/p>\n<p>Auf dem Wochenmarkt am Donnerstagmorgen k\u00f6nnen Sie sich in das <strong>Leben der Cevennen<\/strong> einmischen und Oliven, Tapenaden, P\u00e9lardons, Wurst aus Anduze probieren&#8230; Im Juli und August k\u00f6nnen Sie \u00fcber den <strong>Nachtmarkt schlendern<\/strong>, der jeden Dienstagabend in einer geselligen Atmosph\u00e4re stattfindet.<\/p>\n<p>Sie k\u00f6nnen dort die <strong>Bambuseraie<\/strong> entdecken, einen Park mit Bambus und seltenen Blumen. Tauchen Sie ein <strong>in diesen magischen Park mit seinen tausend Farben.<\/strong><\/p>\n<\/div><\/div><\/div><\/div><\/section>\n\n<section id=\"section-6090f8c2f072a\"\" data-bg-opacite=\"1\"data-background=\"https:\/\/www.camping-anduze.net\/wp-content\/uploads\/2021\/05\/visite-grottes-cevennes.jpg\"data-speed=\"0.8\"class=\"section modele separateurImage aventure oiseau bg-white section--has-bg-img section_bg-parallax\" \/><div class=\"container full\"><div class=\"colonnes-wrap valign-top \"><div class=\"element colonne \"><h2 class=\"element section-title left\">Die H\u00f6hlen der Cevennen<\/h2><div class=\"element bloc-text left \">\n\t<p>In unserem sch\u00f6nen Departement Gard gibt es viele H\u00f6hlen, die Sie w\u00e4hrend Ihres Aufenthalts auf dem Campingplatz Les Fauvettes entdecken k\u00f6nnen. Darunter ist die <a href=\"https:\/\/grotte-de-trabuc.com\">Trabuc-H\u00f6hle<\/a> ein Muss. Sie ist seit der Antike bekannt und wurde von pr\u00e4historischen Menschen bis zur R\u00f6merzeit bewohnt.<\/p>\n<p>Auf Ihrem Weg sollten Sie einen Zwischenstopp einlegen, um weitere H\u00f6hlen zu besichtigen und all ihre Geheimnisse zu entdecken.<\/p>\n<\/div><\/div><\/div><\/div><\/section>\n\n<section id=\"section-608fce38aaecb\"\" class=\"section bg-white p-t-0 p-b-0\" \/><div class=\"container full\"><div class=\"colonnes-wrap valign-middle modele textLeft\"><div class=\"element colonne modele_texte\"><h2 class=\"element section-title justify\">Campingplatz am Fu\u00dfe der Cevennen<\/h2><div class=\"element bloc-text justify \">\n\t<p>Ruhe und Natur bestimmen den Rhythmus Ihres Aufenthalts auf einem <a href=\"https:\/\/www.camping-anduze.net\/de\/\">Campingplatz im Departement Gard<\/a>. Wenn Sie sich f\u00fcr eine Unterkunft am Fu\u00dfe der Cevennen-Berge entscheiden, befinden Sie sich in der N\u00e4he zahlreicher Sehensw\u00fcrdigkeiten in Anduze.<\/p>\n<p>Nutzen Sie einen Familienausflug, um an Bord des <strong>Dampfzugs zu gehen<\/strong>, der Sie durch das Gardon-Tal bis nach Saint-Jean-du-Gard bringt. Auf dem Weg dorthin k\u00f6nnen Sie das Museum &#8222;Maison Rouge&#8220; besuchen und die ganze Geschichte der Cevennen kennenlernen. Oder Sie machen einen Familienausflug mit dem Velorail und genie\u00dfen das Panorama.<\/p>\n<p>Und wie w\u00e4re es mit einer Fahrt \u00fcber die <strong>Corniche des C\u00e9vennes<\/strong> zum 1565 m hohen <a href=\"https:\/\/www.ot-cevennes.com\/mont-aigoual\">Mont Aigoual<\/a> an der Grenze der Departements Gard und Loz\u00e8re, wo Sie das atemberaubende Panorama genie\u00dfen k\u00f6nnen, das sich Ihnen vor allem durch die <a href=\"https:\/\/www.camping-anduze.net\/de\/das-meer\/\">Wetterstation<\/a> bietet.<\/p>\n<p>Aber nur eine Autostunde von Anduze entfernt k\u00f6nnen Sie auch die Szenerie wechseln und sich sowohl auf Entdeckungsreise in N\u00eemes und seiner Geschichte befinden &#8230; als auch am Meer!<\/p>\n<\/div><\/div><div class=\"element colonne modele_image\"><div class=\"element images scroll-x-mobile\"><div class=\"image\"><img decoding=\"async\" src=\"https:\/\/www.camping-anduze.net\/wp-content\/uploads\/2021\/05\/mont-aigoual-tourisme-100x78.jpg\" data-src=\"https:\/\/www.camping-anduze.net\/wp-content\/uploads\/2021\/05\/mont-aigoual-tourisme.jpg\" alt=\"mont aigoual tourisme\" class=\"images_image\" \/><\/div><\/div><\/div><\/div><\/div><\/section>\n\n<section id=\"section-6090f8c2f0f2c\"\" class=\"section bg-white\" \/><div class=\"container large\"><div class=\"element section-title center titre-cta\">Das Meer und N\u00eemes in der N\u00e4he des Campingplatzes<\/div><div class=\"colonnes-wrap valign-top \"><div class=\"element colonne \"><div class=\"element call-to-action  call-to-action--style-1 call-to-action--big\"><a href=\"https:\/\/www.camping-anduze.net\/de\/das-meer\/\"  class=\"call-to-action_link\" title=\"Mehr \u00fcber das meer\"><div class=\"call-to-action_image\"><img decoding=\"async\" src=\"https:\/\/www.camping-anduze.net\/wp-content\/uploads\/2021\/05\/visite-grau-du-roi-1-62x100.jpg\" data-src=\"https:\/\/www.camping-anduze.net\/wp-content\/uploads\/2021\/05\/visite-grau-du-roi-1.jpg\" alt=\"\" class=\"big\" \/><\/div><div class=\"call-to-action_contenu\"><div class=\"call-to-action_titre\">Das Meer<\/div><div class=\"call-to-action_sous-titre\">in Okzitanien<\/div><\/div><\/a><\/div><\/div><div class=\"element colonne \"><div class=\"element call-to-action  call-to-action--style-1 call-to-action--big\"><a href=\"https:\/\/www.camping-anduze.net\/de\/nimes\/\"  class=\"call-to-action_link\" title=\"Mehr \u00fcber n\u00eemes\"><div class=\"call-to-action_image\"><img decoding=\"async\" src=\"https:\/\/www.camping-anduze.net\/wp-content\/uploads\/2021\/05\/visite-nimes-62x100.jpg\" data-src=\"https:\/\/www.camping-anduze.net\/wp-content\/uploads\/2021\/05\/visite-nimes.jpg\" alt=\"\" class=\"big\" \/><\/div><div class=\"call-to-action_contenu\"><div class=\"call-to-action_titre\">N\u00eemes<\/div><div class=\"call-to-action_sous-titre\">in Okzitanien<\/div><\/div><\/a><\/div><\/div><div class=\"element colonne \"><div class=\"element call-to-action  call-to-action--style-1 call-to-action--big\"><a href=\"https:\/\/www.camping-anduze.net\/de\/rund-um-den-campingplatz\/\"  class=\"call-to-action_link\" title=\"Mehr \u00fcber die region\"><div class=\"call-to-action_image\"><img decoding=\"async\" src=\"https:\/\/www.camping-anduze.net\/wp-content\/uploads\/2021\/05\/decouvrir-occitanie-62x100.jpg\" data-src=\"https:\/\/www.camping-anduze.net\/wp-content\/uploads\/2021\/05\/decouvrir-occitanie.jpg\" alt=\"\" class=\"big\" \/><\/div><div class=\"call-to-action_contenu\"><div class=\"call-to-action_titre\">Die Region<\/div><div class=\"call-to-action_sous-titre\">in Okzitanien<\/div><\/div><\/a><\/div><\/div><\/div><\/div><\/section>","protected":false},"excerpt":{"rendered":"","protected":false},"author":3,"featured_media":3918,"parent":0,"menu_order":0,"comment_status":"closed","ping_status":"closed","template":"","meta":{"_acf_changed":false,"footnotes":""},"class_list":["post-4196","page","type-page","status-publish","has-post-thumbnail","hentry"],"acf":[],"yoast_head":"<!-- This site is optimized with the Yoast SEO plugin v25.3 - https:\/\/yoast.com\/wordpress\/plugins\/seo\/ -->\n<title>Die Cevennen - Camping Les Fauvettes<\/title>\n<meta name=\"robots\" content=\"index, follow, max-snippet:-1, max-image-preview:large, max-video-preview:-1\" \/>\n<link rel=\"canonical\" href=\"https:\/\/www.camping-anduze.net\/de\/die-cevennen\/\" \/>\n<meta property=\"og:locale\" content=\"de_DE\" \/>\n<meta property=\"og:type\" content=\"article\" \/>\n<meta property=\"og:title\" content=\"Die Cevennen - Camping Les Fauvettes\" \/>\n<meta property=\"og:url\" content=\"https:\/\/www.camping-anduze.net\/de\/die-cevennen\/\" \/>\n<meta property=\"og:site_name\" content=\"Camping Les Fauvettes\" \/>\n<meta property=\"article:modified_time\" content=\"2024-05-28T13:21:17+00:00\" \/>\n<meta property=\"og:image\" content=\"https:\/\/www.camping-anduze.net\/wp-content\/uploads\/2021\/05\/tourisme-bambouseraie-anduze.jpg\" \/>\n\t<meta property=\"og:image:width\" content=\"1902\" \/>\n\t<meta property=\"og:image:height\" content=\"450\" \/>\n\t<meta property=\"og:image:type\" content=\"image\/jpeg\" \/>\n<meta name=\"twitter:card\" content=\"summary_large_image\" \/>\n<script type=\"application\/ld+json\" class=\"yoast-schema-graph\">{\"@context\":\"https:\/\/schema.org\",\"@graph\":[{\"@type\":\"WebPage\",\"@id\":\"https:\/\/www.camping-anduze.net\/de\/die-cevennen\/\",\"url\":\"https:\/\/www.camping-anduze.net\/de\/die-cevennen\/\",\"name\":\"Die Cevennen - Camping Les Fauvettes\",\"isPartOf\":{\"@id\":\"https:\/\/www.camping-anduze.net\/de\/#website\"},\"primaryImageOfPage\":{\"@id\":\"https:\/\/www.camping-anduze.net\/de\/die-cevennen\/#primaryimage\"},\"image\":{\"@id\":\"https:\/\/www.camping-anduze.net\/de\/die-cevennen\/#primaryimage\"},\"thumbnailUrl\":\"https:\/\/www.camping-anduze.net\/wp-content\/uploads\/2021\/05\/tourisme-bambouseraie-anduze.jpg\",\"datePublished\":\"2023-04-04T12:31:55+00:00\",\"dateModified\":\"2024-05-28T13:21:17+00:00\",\"breadcrumb\":{\"@id\":\"https:\/\/www.camping-anduze.net\/de\/die-cevennen\/#breadcrumb\"},\"inLanguage\":\"de\",\"potentialAction\":[{\"@type\":\"ReadAction\",\"target\":[\"https:\/\/www.camping-anduze.net\/de\/die-cevennen\/\"]}]},{\"@type\":\"ImageObject\",\"inLanguage\":\"de\",\"@id\":\"https:\/\/www.camping-anduze.net\/de\/die-cevennen\/#primaryimage\",\"url\":\"https:\/\/www.camping-anduze.net\/wp-content\/uploads\/2021\/05\/tourisme-bambouseraie-anduze.jpg\",\"contentUrl\":\"https:\/\/www.camping-anduze.net\/wp-content\/uploads\/2021\/05\/tourisme-bambouseraie-anduze.jpg\",\"width\":1902,\"height\":450},{\"@type\":\"BreadcrumbList\",\"@id\":\"https:\/\/www.camping-anduze.net\/de\/die-cevennen\/#breadcrumb\",\"itemListElement\":[{\"@type\":\"ListItem\",\"position\":1,\"name\":\"Camping Gard\",\"item\":\"https:\/\/www.camping-anduze.net\/de\/\"},{\"@type\":\"ListItem\",\"position\":2,\"name\":\"Die Cevennen\"}]},{\"@type\":\"WebSite\",\"@id\":\"https:\/\/www.camping-anduze.net\/de\/#website\",\"url\":\"https:\/\/www.camping-anduze.net\/de\/\",\"name\":\"Camping Les Fauvettes\",\"description\":\"\",\"publisher\":{\"@id\":\"https:\/\/www.camping-anduze.net\/de\/#organization\"},\"potentialAction\":[{\"@type\":\"SearchAction\",\"target\":{\"@type\":\"EntryPoint\",\"urlTemplate\":\"https:\/\/www.camping-anduze.net\/de\/?s={search_term_string}\"},\"query-input\":{\"@type\":\"PropertyValueSpecification\",\"valueRequired\":true,\"valueName\":\"search_term_string\"}}],\"inLanguage\":\"de\"},{\"@type\":\"Organization\",\"@id\":\"https:\/\/www.camping-anduze.net\/de\/#organization\",\"name\":\"Les Fauvettes Camping Caravaning Locations\",\"url\":\"https:\/\/www.camping-anduze.net\/de\/\",\"logo\":{\"@type\":\"ImageObject\",\"inLanguage\":\"de\",\"@id\":\"https:\/\/www.camping-anduze.net\/de\/#\/schema\/logo\/image\/\",\"url\":\"https:\/\/www.camping-anduze.net\/wp-content\/uploads\/2021\/05\/camping-fauvettes-logo.png\",\"contentUrl\":\"https:\/\/www.camping-anduze.net\/wp-content\/uploads\/2021\/05\/camping-fauvettes-logo.png\",\"width\":486,\"height\":100,\"caption\":\"Les Fauvettes Camping Caravaning Locations\"},\"image\":{\"@id\":\"https:\/\/www.camping-anduze.net\/de\/#\/schema\/logo\/image\/\"}}]}<\/script>\n<!-- \/ Yoast SEO plugin. -->","yoast_head_json":{"title":"Die Cevennen - Camping Les Fauvettes","robots":{"index":"index","follow":"follow","max-snippet":"max-snippet:-1","max-image-preview":"max-image-preview:large","max-video-preview":"max-video-preview:-1"},"canonical":"https:\/\/www.camping-anduze.net\/de\/die-cevennen\/","og_locale":"de_DE","og_type":"article","og_title":"Die Cevennen - Camping Les Fauvettes","og_url":"https:\/\/www.camping-anduze.net\/de\/die-cevennen\/","og_site_name":"Camping Les Fauvettes","article_modified_time":"2024-05-28T13:21:17+00:00","og_image":[{"width":1902,"height":450,"url":"https:\/\/www.camping-anduze.net\/wp-content\/uploads\/2021\/05\/tourisme-bambouseraie-anduze.jpg","type":"image\/jpeg"}],"twitter_card":"summary_large_image","schema":{"@context":"https:\/\/schema.org","@graph":[{"@type":"WebPage","@id":"https:\/\/www.camping-anduze.net\/de\/die-cevennen\/","url":"https:\/\/www.camping-anduze.net\/de\/die-cevennen\/","name":"Die Cevennen - Camping Les Fauvettes","isPartOf":{"@id":"https:\/\/www.camping-anduze.net\/de\/#website"},"primaryImageOfPage":{"@id":"https:\/\/www.camping-anduze.net\/de\/die-cevennen\/#primaryimage"},"image":{"@id":"https:\/\/www.camping-anduze.net\/de\/die-cevennen\/#primaryimage"},"thumbnailUrl":"https:\/\/www.camping-anduze.net\/wp-content\/uploads\/2021\/05\/tourisme-bambouseraie-anduze.jpg","datePublished":"2023-04-04T12:31:55+00:00","dateModified":"2024-05-28T13:21:17+00:00","breadcrumb":{"@id":"https:\/\/www.camping-anduze.net\/de\/die-cevennen\/#breadcrumb"},"inLanguage":"de","potentialAction":[{"@type":"ReadAction","target":["https:\/\/www.camping-anduze.net\/de\/die-cevennen\/"]}]},{"@type":"ImageObject","inLanguage":"de","@id":"https:\/\/www.camping-anduze.net\/de\/die-cevennen\/#primaryimage","url":"https:\/\/www.camping-anduze.net\/wp-content\/uploads\/2021\/05\/tourisme-bambouseraie-anduze.jpg","contentUrl":"https:\/\/www.camping-anduze.net\/wp-content\/uploads\/2021\/05\/tourisme-bambouseraie-anduze.jpg","width":1902,"height":450},{"@type":"BreadcrumbList","@id":"https:\/\/www.camping-anduze.net\/de\/die-cevennen\/#breadcrumb","itemListElement":[{"@type":"ListItem","position":1,"name":"Camping Gard","item":"https:\/\/www.camping-anduze.net\/de\/"},{"@type":"ListItem","position":2,"name":"Die Cevennen"}]},{"@type":"WebSite","@id":"https:\/\/www.camping-anduze.net\/de\/#website","url":"https:\/\/www.camping-anduze.net\/de\/","name":"Camping Les Fauvettes","description":"","publisher":{"@id":"https:\/\/www.camping-anduze.net\/de\/#organization"},"potentialAction":[{"@type":"SearchAction","target":{"@type":"EntryPoint","urlTemplate":"https:\/\/www.camping-anduze.net\/de\/?s={search_term_string}"},"query-input":{"@type":"PropertyValueSpecification","valueRequired":true,"valueName":"search_term_string"}}],"inLanguage":"de"},{"@type":"Organization","@id":"https:\/\/www.camping-anduze.net\/de\/#organization","name":"Les Fauvettes Camping Caravaning Locations","url":"https:\/\/www.camping-anduze.net\/de\/","logo":{"@type":"ImageObject","inLanguage":"de","@id":"https:\/\/www.camping-anduze.net\/de\/#\/schema\/logo\/image\/","url":"https:\/\/www.camping-anduze.net\/wp-content\/uploads\/2021\/05\/camping-fauvettes-logo.png","contentUrl":"https:\/\/www.camping-anduze.net\/wp-content\/uploads\/2021\/05\/camping-fauvettes-logo.png","width":486,"height":100,"caption":"Les Fauvettes Camping Caravaning Locations"},"image":{"@id":"https:\/\/www.camping-anduze.net\/de\/#\/schema\/logo\/image\/"}}]}},"_links":{"self":[{"href":"https:\/\/www.camping-anduze.net\/de\/wp-json\/wp\/v2\/pages\/4196","targetHints":{"allow":["GET"]}}],"collection":[{"href":"https:\/\/www.camping-anduze.net\/de\/wp-json\/wp\/v2\/pages"}],"about":[{"href":"https:\/\/www.camping-anduze.net\/de\/wp-json\/wp\/v2\/types\/page"}],"author":[{"embeddable":true,"href":"https:\/\/www.camping-anduze.net\/de\/wp-json\/wp\/v2\/users\/3"}],"replies":[{"embeddable":true,"href":"https:\/\/www.camping-anduze.net\/de\/wp-json\/wp\/v2\/comments?post=4196"}],"version-history":[{"count":26,"href":"https:\/\/www.camping-anduze.net\/de\/wp-json\/wp\/v2\/pages\/4196\/revisions"}],"predecessor-version":[{"id":4819,"href":"https:\/\/www.camping-anduze.net\/de\/wp-json\/wp\/v2\/pages\/4196\/revisions\/4819"}],"wp:featuredmedia":[{"embeddable":true,"href":"https:\/\/www.camping-anduze.net\/de\/wp-json\/wp\/v2\/media\/3918"}],"wp:attachment":[{"href":"https:\/\/www.camping-anduze.net\/de\/wp-json\/wp\/v2\/media?parent=4196"}],"curies":[{"name":"wp","href":"https:\/\/api.w.org\/{rel}","templated":true}]}}