{"id":4184,"date":"2023-04-04T14:34:57","date_gmt":"2023-04-04T12:34:57","guid":{"rendered":"https:\/\/www.camping-anduze.net\/?page_id=4184"},"modified":"2023-04-04T14:34:59","modified_gmt":"2023-04-04T12:34:59","slug":"haeufig-gestellte-fragen","status":"publish","type":"page","link":"https:\/\/www.camping-anduze.net\/de\/haeufig-gestellte-fragen\/","title":{"rendered":"H\u00e4ufig gestellte Fragen"},"content":{"rendered":"<section id=\"section-60b4f44ea7df7\"\" class=\"section bg-white\" \/><div class=\"container extralarge\"><h1 class=\"element section-title justify\">FAQ des Campingplatzes<\/h1><h2 class=\"element section-title justify\">\u00dcber meine Buchung<\/h2><div class=\"element bloc-text\">\n\t<details>\r\n    <summary>Welche sind <strong class=\"bold color1\">die akzeptierten Zahlungsarten<\/strong> ?<\/summary>\r\n\t\t\t\t<br>\r\nSie haben die M\u00f6glichkeit, per Bank\u00fcberweisung (Sie k\u00f6nnen unser RIB herunterladen), per Kreditkarte, ideal, sofort, bancontact, ANCV-Schecks oder in bar zu bezahlen.\r\n<\/details>\r\n<br>\r\n<details>\r\n    <summary> Wann muss ich<strong class=\"bold color1\">einstellen<\/strong> ?<\/summary>\r\n\t\t\t\t<br>\r\nDie <strong class=\"bold color1\">Buchungsvertrag in Papierform oder die Online-Buchung mit einer Anzahlung<\/strong> ist obligatorisch, um Ihre Reservierung zu best\u00e4tigen. Bei Campingpl\u00e4tzen ist der Restbetrag am Tag Ihrer Ankunft f\u00e4llig. Bei Mietunterk\u00fcnften ist der Restbetrag einen Monat vor Ihrem Ankunftsdatum zu begleichen.\r\n<\/details>\r\n<br>\r\n<details>\r\n    <summary>Warum abonnieren <strong class=\"bold color1\">die Reiser\u00fccktrittsversicherung<\/strong>und was deckt sie ab? <\/summary>\r\n\t\t\t\t<br>\r\nEreignisse, die durch <strong class=\"bold color1\">die Reiser\u00fccktrittsversicherung sind (ersch\u00f6pfende Liste) :<\/strong> Tod, Krankheit, schwere K\u00f6rperverletzung, Krankenhausaufenthalt von Ihnen oder einem nahen Familienmitglied, Entlassung oder Arbeitsaufnahme, Einbruch oder erhebliche Sachsch\u00e4den an Ihrem Hauptwohnsitz. Der Betrag von 3,5 % des Aufenthaltspreises ist ausschlie\u00dflich bei der Buchung zu zahlen und wird zus\u00e4tzlich zur Anzahlung f\u00e4llig. Die Allgemeinen Gesch\u00e4ftsbedingungen f\u00fcr die Reiser\u00fccktrittsversicherung k\u00f6nnen Sie auf unserer Website herunterladen.\r\n<strong class=\"bold color1\">Ohne Abonnement<\/strong> und wenn Sie Ihre Buchung mehr als 30 Tage vor Beginn des Aufenthalts stornieren, wird die Anzahlung einbehalten. Bei weniger als 30 Tagen vor Aufenthaltsbeginn wird der gesamte Restbetrag f\u00e4llig.\r\n<\/details>\r\n<br><\/div><h2 class=\"element section-title justify\">\u00dcber meinen Aufenthalt<\/h2><div class=\"element bloc-text\">\n\t<details>\r\n    <summary>Was tun bei <strong class=\"bold color1\">versp\u00e4teter Ankunft<\/strong> ?<\/summary>\r\n\t\t\t\t<br>\r\nDie Ank\u00fcnfte erfolgen <strong class=\"bold color1\">zwischen 15:00 und 18:00 Uhr,<\/strong> Wenn Sie sp\u00e4ter als 18 Uhr ankommen, m\u00fcssen Sie unbedingt die Rezeption benachrichtigen. Die Abreise von Campingpl\u00e4tzen erfolgt bis 12 Uhr, die Abreise von Mietunterk\u00fcnften bis 10 Uhr nach vorheriger Absprache.\r\n<\/details>\r\n<br>\r\n<details>\r\n    <summary> Ist der Kinderclub<strong class=\"bold color1\">kostenpflichtig<\/strong> ?<\/summary>\r\n\t\t\t\t<br>\r\nDer Kinderclub ist <strong class=\"bold color1\">ge\u00f6ffnet Montag bis Freitag vormittags von 10:00 bis 12:00 Uhr f\u00fcr Kinder von 5 bis 12 Jahren.<\/strong> Dieser Service ist kostenlos. Es m\u00fcssen mindestens f\u00fcnf Kinder anwesend sein, damit die Aktivit\u00e4t aufrechterhalten werden kann.\r\n<\/details>\r\n<br>\r\n<details>\r\n    <summary>Sind Grills <strong class=\"bold color1\">erlaubt<\/strong> ?<\/summary>\r\n\t\t\t\t<br>\r\n Kohlegrills und Elektrogrills sind<strong class=\"bold color1\">auf dem Campingplatz strengstens verboten,<\/strong> nur gasbetriebene sind erlaubt. Wenn Sie m\u00f6chten, vermieten wir sie f\u00fcr 5\u20ac pro Tag (inklusive Gas).\r\n<\/details>\r\n<br>\r\n<details>\r\n    <summary>Darf man parken <strong class=\"bold color1\">unser Fahrzeug auf dem Stellplatz<\/strong> ?<\/summary>\r\n\t\t\t\t<br>\r\nOb auf einem Camping-Stellplatz oder in einer Mietunterkunft <strong class=\"bold color1\">haben Sie das Recht auf ein Fahrzeug auf Ihrem Stellplatz,<\/strong> Wenn Sie \u00fcber ein zweites Fahrzeug verf\u00fcgen, muss dieses ebenfalls auf Ihrem Stellplatz geparkt werden und es wird eine Pauschale von 4\u20ac pro Tag erhoben. Auf keinen Fall d\u00fcrfen die Fahrzeuge w\u00e4hrend Ihres Aufenthalts auf dem Parkplatz der Rezeption geparkt werden.\r\n<\/details>\r\n<br>\r\n<details>\r\n    <summary>Ist der Zugang zum Pool <strong class=\"bold color1\">frei<\/strong> ?<\/summary>\r\n\t\t\t\t<br>\r\nDer Zugang ist nur f\u00fcr G\u00e4ste des Campingplatzes von <strong class=\"bold color1\">10:00 bis 19:00 Uhr, die Wasserrutsche ist von 10:00 bis 12:00 Uhr und von 15:00 bis 18:00 Uhr ge\u00f6ffnet.<\/strong>F\u00fcr den Zugang zu den Schwimmb\u00e4dern ist das Tragen des Armbands obligatorisch . Aus hygienischen Gr\u00fcnden sind Badeshorts und Badehosen verboten, nur Badeanz\u00fcge sind erlaubt.\r\n<\/details>\r\n<br>\r\n<details>\r\n    <summary>Sind Hunde <strong class=\"bold color1\">akzeptiert<\/strong> ?<\/summary>\r\n\t\t\t\t<br>\r\nDie Hunde von <strong class=\"bold color1\">Kategorie 1 und 2 sind strengstens verboten<\/strong> Sie m\u00fcssen einen g\u00fcltigen Impfpass mit sich f\u00fchren und der Hund muss an der Leine gehalten werden. Hunde d\u00fcrfen nicht in die Sanit\u00e4ranlagen gelangen oder tagelang in den Mietunterk\u00fcnften, Wohnwagen oder Autos eingesperrt werden. Es wird eine Geb\u00fchr je nach Zeitraum f\u00e4llig.\r\n<\/details>\r\n<br>\r\n<details>\r\n    <summary><strong class=\"bold color1\">Freunde kommen, um den Tag zu verbringen,<\/strong> wie geht es weiter ?<\/summary>\r\n\t\t\t\t<br>\r\nBesucher sollten <strong class=\"bold color1\">sich unbedingt an der Rezeption melden,<\/strong> wir identifizieren das Fahrzeug, es wird eine Geb\u00fchr von 4\u20ac pro Person f\u00e4llig, der Zugang zum Pool ist ihnen strengstens untersagt.\r\n<\/details>\r\n<br>\r\n<details>\r\n    <summary>Was ist <strong class=\"bold color1\">die Amperezahl an den Standorten<\/strong> des Campingplatzes?<\/summary>\r\n\t\t\t\t<br>\r\nJeder Standort an Strom mit <strong class=\"bold color1\">10 Amp\u00e8re.<\/strong> Denken Sie daran, einen europ\u00e4ischen Stecker und ein Verl\u00e4ngerungskabel mitzubringen.\r\n<\/details>\r\n\r\n<\/div><\/div><\/section>","protected":false},"excerpt":{"rendered":"","protected":false},"author":3,"featured_media":0,"parent":0,"menu_order":0,"comment_status":"closed","ping_status":"closed","template":"","meta":{"_acf_changed":false,"footnotes":""},"class_list":["post-4184","page","type-page","status-publish","hentry"],"acf":[],"yoast_head":"<!-- This site is optimized with the Yoast SEO plugin v25.3 - https:\/\/yoast.com\/wordpress\/plugins\/seo\/ -->\n<title>H\u00e4ufig gestellte Fragen - Camping Les Fauvettes<\/title>\n<meta name=\"robots\" content=\"index, follow, max-snippet:-1, max-image-preview:large, max-video-preview:-1\" \/>\n<link rel=\"canonical\" href=\"https:\/\/www.camping-anduze.net\/de\/haeufig-gestellte-fragen\/\" \/>\n<meta property=\"og:locale\" content=\"de_DE\" \/>\n<meta property=\"og:type\" content=\"article\" \/>\n<meta property=\"og:title\" content=\"H\u00e4ufig gestellte Fragen - Camping Les Fauvettes\" \/>\n<meta property=\"og:url\" content=\"https:\/\/www.camping-anduze.net\/de\/haeufig-gestellte-fragen\/\" \/>\n<meta property=\"og:site_name\" content=\"Camping Les Fauvettes\" \/>\n<meta property=\"article:modified_time\" content=\"2023-04-04T12:34:59+00:00\" \/>\n<meta name=\"twitter:card\" content=\"summary_large_image\" \/>\n<script type=\"application\/ld+json\" class=\"yoast-schema-graph\">{\"@context\":\"https:\/\/schema.org\",\"@graph\":[{\"@type\":\"WebPage\",\"@id\":\"https:\/\/www.camping-anduze.net\/de\/haeufig-gestellte-fragen\/\",\"url\":\"https:\/\/www.camping-anduze.net\/de\/haeufig-gestellte-fragen\/\",\"name\":\"H\u00e4ufig gestellte Fragen - Camping Les Fauvettes\",\"isPartOf\":{\"@id\":\"https:\/\/www.camping-anduze.net\/de\/#website\"},\"datePublished\":\"2023-04-04T12:34:57+00:00\",\"dateModified\":\"2023-04-04T12:34:59+00:00\",\"breadcrumb\":{\"@id\":\"https:\/\/www.camping-anduze.net\/de\/haeufig-gestellte-fragen\/#breadcrumb\"},\"inLanguage\":\"de\",\"potentialAction\":[{\"@type\":\"ReadAction\",\"target\":[\"https:\/\/www.camping-anduze.net\/de\/haeufig-gestellte-fragen\/\"]}]},{\"@type\":\"BreadcrumbList\",\"@id\":\"https:\/\/www.camping-anduze.net\/de\/haeufig-gestellte-fragen\/#breadcrumb\",\"itemListElement\":[{\"@type\":\"ListItem\",\"position\":1,\"name\":\"Camping Gard\",\"item\":\"https:\/\/www.camping-anduze.net\/de\/\"},{\"@type\":\"ListItem\",\"position\":2,\"name\":\"H\u00e4ufig gestellte Fragen\"}]},{\"@type\":\"WebSite\",\"@id\":\"https:\/\/www.camping-anduze.net\/de\/#website\",\"url\":\"https:\/\/www.camping-anduze.net\/de\/\",\"name\":\"Camping Les Fauvettes\",\"description\":\"\",\"publisher\":{\"@id\":\"https:\/\/www.camping-anduze.net\/de\/#organization\"},\"potentialAction\":[{\"@type\":\"SearchAction\",\"target\":{\"@type\":\"EntryPoint\",\"urlTemplate\":\"https:\/\/www.camping-anduze.net\/de\/?s={search_term_string}\"},\"query-input\":{\"@type\":\"PropertyValueSpecification\",\"valueRequired\":true,\"valueName\":\"search_term_string\"}}],\"inLanguage\":\"de\"},{\"@type\":\"Organization\",\"@id\":\"https:\/\/www.camping-anduze.net\/de\/#organization\",\"name\":\"Les Fauvettes Camping Caravaning Locations\",\"url\":\"https:\/\/www.camping-anduze.net\/de\/\",\"logo\":{\"@type\":\"ImageObject\",\"inLanguage\":\"de\",\"@id\":\"https:\/\/www.camping-anduze.net\/de\/#\/schema\/logo\/image\/\",\"url\":\"https:\/\/www.camping-anduze.net\/wp-content\/uploads\/2021\/05\/camping-fauvettes-logo.png\",\"contentUrl\":\"https:\/\/www.camping-anduze.net\/wp-content\/uploads\/2021\/05\/camping-fauvettes-logo.png\",\"width\":486,\"height\":100,\"caption\":\"Les Fauvettes Camping Caravaning Locations\"},\"image\":{\"@id\":\"https:\/\/www.camping-anduze.net\/de\/#\/schema\/logo\/image\/\"}}]}<\/script>\n<!-- \/ Yoast SEO plugin. -->","yoast_head_json":{"title":"H\u00e4ufig gestellte Fragen - Camping Les Fauvettes","robots":{"index":"index","follow":"follow","max-snippet":"max-snippet:-1","max-image-preview":"max-image-preview:large","max-video-preview":"max-video-preview:-1"},"canonical":"https:\/\/www.camping-anduze.net\/de\/haeufig-gestellte-fragen\/","og_locale":"de_DE","og_type":"article","og_title":"H\u00e4ufig gestellte Fragen - Camping Les Fauvettes","og_url":"https:\/\/www.camping-anduze.net\/de\/haeufig-gestellte-fragen\/","og_site_name":"Camping Les Fauvettes","article_modified_time":"2023-04-04T12:34:59+00:00","twitter_card":"summary_large_image","schema":{"@context":"https:\/\/schema.org","@graph":[{"@type":"WebPage","@id":"https:\/\/www.camping-anduze.net\/de\/haeufig-gestellte-fragen\/","url":"https:\/\/www.camping-anduze.net\/de\/haeufig-gestellte-fragen\/","name":"H\u00e4ufig gestellte Fragen - Camping Les Fauvettes","isPartOf":{"@id":"https:\/\/www.camping-anduze.net\/de\/#website"},"datePublished":"2023-04-04T12:34:57+00:00","dateModified":"2023-04-04T12:34:59+00:00","breadcrumb":{"@id":"https:\/\/www.camping-anduze.net\/de\/haeufig-gestellte-fragen\/#breadcrumb"},"inLanguage":"de","potentialAction":[{"@type":"ReadAction","target":["https:\/\/www.camping-anduze.net\/de\/haeufig-gestellte-fragen\/"]}]},{"@type":"BreadcrumbList","@id":"https:\/\/www.camping-anduze.net\/de\/haeufig-gestellte-fragen\/#breadcrumb","itemListElement":[{"@type":"ListItem","position":1,"name":"Camping Gard","item":"https:\/\/www.camping-anduze.net\/de\/"},{"@type":"ListItem","position":2,"name":"H\u00e4ufig gestellte Fragen"}]},{"@type":"WebSite","@id":"https:\/\/www.camping-anduze.net\/de\/#website","url":"https:\/\/www.camping-anduze.net\/de\/","name":"Camping Les Fauvettes","description":"","publisher":{"@id":"https:\/\/www.camping-anduze.net\/de\/#organization"},"potentialAction":[{"@type":"SearchAction","target":{"@type":"EntryPoint","urlTemplate":"https:\/\/www.camping-anduze.net\/de\/?s={search_term_string}"},"query-input":{"@type":"PropertyValueSpecification","valueRequired":true,"valueName":"search_term_string"}}],"inLanguage":"de"},{"@type":"Organization","@id":"https:\/\/www.camping-anduze.net\/de\/#organization","name":"Les Fauvettes Camping Caravaning Locations","url":"https:\/\/www.camping-anduze.net\/de\/","logo":{"@type":"ImageObject","inLanguage":"de","@id":"https:\/\/www.camping-anduze.net\/de\/#\/schema\/logo\/image\/","url":"https:\/\/www.camping-anduze.net\/wp-content\/uploads\/2021\/05\/camping-fauvettes-logo.png","contentUrl":"https:\/\/www.camping-anduze.net\/wp-content\/uploads\/2021\/05\/camping-fauvettes-logo.png","width":486,"height":100,"caption":"Les Fauvettes Camping Caravaning Locations"},"image":{"@id":"https:\/\/www.camping-anduze.net\/de\/#\/schema\/logo\/image\/"}}]}},"_links":{"self":[{"href":"https:\/\/www.camping-anduze.net\/de\/wp-json\/wp\/v2\/pages\/4184","targetHints":{"allow":["GET"]}}],"collection":[{"href":"https:\/\/www.camping-anduze.net\/de\/wp-json\/wp\/v2\/pages"}],"about":[{"href":"https:\/\/www.camping-anduze.net\/de\/wp-json\/wp\/v2\/types\/page"}],"author":[{"embeddable":true,"href":"https:\/\/www.camping-anduze.net\/de\/wp-json\/wp\/v2\/users\/3"}],"replies":[{"embeddable":true,"href":"https:\/\/www.camping-anduze.net\/de\/wp-json\/wp\/v2\/comments?post=4184"}],"version-history":[{"count":9,"href":"https:\/\/www.camping-anduze.net\/de\/wp-json\/wp\/v2\/pages\/4184\/revisions"}],"predecessor-version":[{"id":4276,"href":"https:\/\/www.camping-anduze.net\/de\/wp-json\/wp\/v2\/pages\/4184\/revisions\/4276"}],"wp:attachment":[{"href":"https:\/\/www.camping-anduze.net\/de\/wp-json\/wp\/v2\/media?parent=4184"}],"curies":[{"name":"wp","href":"https:\/\/api.w.org\/{rel}","templated":true}]}}