{"id":4130,"date":"2023-04-04T14:59:12","date_gmt":"2023-04-04T12:59:12","guid":{"rendered":"https:\/\/www.camping-anduze.net\/?page_id=4130"},"modified":"2024-05-28T14:46:13","modified_gmt":"2024-05-28T12:46:13","slug":"startseite","status":"publish","type":"page","link":"https:\/\/www.camping-anduze.net\/de\/","title":{"rendered":"Startseite"},"content":{"rendered":"<section id=\"section-608fbe7e99747\"\" class=\"section bg-white\" \/><div class=\"container\"><h1 class=\"element section-title center\">willkommen auf dem campingplatz unter der sonne des languedoc im gard<\/h1><\/div><\/section>\n\n<section id=\"section-609a49365b8e2\"\" class=\"section home-first-2 bg-white p-t-0\" \/><div class=\"container full\"><div class=\"colonnes-wrap valign-middle \"><div class=\"element colonne \"><div class=\"element images scroll-x-mobile\"><div class=\"image\"><img decoding=\"async\" src=\"https:\/\/www.camping-anduze.net\/wp-content\/uploads\/2021\/05\/camping-fauvettes-services-animations-2-100x78.jpg\" data-src=\"https:\/\/www.camping-anduze.net\/wp-content\/uploads\/2021\/05\/camping-fauvettes-services-animations-2.jpg\" alt=\"\" class=\"images_image\" \/><\/div><\/div><h2 class=\"element section-title justify\">Animationen f\u00fcr Gro\u00df und Klein im Gard<\/h2><div class=\"element bloc-text justify \">\n\t<p>Von Mitte Mai bis Mitte September k\u00f6nnen Sie w\u00e4hrend Ihres Urlaubs unseren beheizten Pool nutzen und in der Hochsaison unseren &#8222;Dino Club&#8220; f\u00fcr Kinder von 5 bis 12 Jahren besuchen&#8230; Unsere Kleinen werden sich an alles erinnern!<\/p>\n<p>In der Hauptsaison werden w\u00e4hrend Ihres Urlaubs Boule-, Fu\u00dfball-, Tischtennis- und Dartturniere organisiert und am Abend k\u00f6nnen Sie die Atmosph\u00e4re der Snackbar mit Tanzabenden, Karaoke, Spieleabenden, Doppelg\u00e4ngerabenden usw. genie\u00dfen.<\/p>\n<p>Unser Abend an der Poolbar jeden Montag im Juli und August! Z\u00f6gern Sie aber auch nicht, w\u00e4hrend Ihres Urlaubs auf unserem Campingplatz \u00fcber den Nachtmarkt in Anduze im Departement Gard zu schlendern!<\/p>\n<p>&nbsp;<\/p>\n<\/div><\/div><div class=\"element colonne \"><h2 class=\"element section-title justify\">Die Dienstleistungen des Campingplatzes Les Fauvettes<\/h2><div class=\"element bloc-text justify \">\n\t<p>In Anduze, im Departement Gard, in den Cevennen, empf\u00e4ngt Sie der Flower camping les fauvettes in einer gr\u00fcnen Oase f\u00fcr <strong>einen ruhigen Familienurlaub<\/strong> mit allem Komfort, den Sie f\u00fcr Ihren Urlaub auf unserem Campingplatz ben\u00f6tigen.<\/p>\n<p>Wasserpark mit beheiztem Pool, Flussn\u00e4he, Zugang zum Stadtzentrum und zu allen Annehmlichkeiten zu Fu\u00df, <strong>Snackbar<\/strong> im Juli und August, handwerkliche Entsorgungsstelle f\u00fcr Wohnmobile, WLAN in den Gemeinschaftsbereichen, Besuch des Bambushains nur wenige Minuten von Ihrem Urlaubsort entfernt.<\/p>\n<p>Erleben Sie eine &#8222;Flower-Camping&#8220;-Erfahrung im Herzen des Gard, in den Cevennen.<\/p>\n<\/div><div class=\"element images scroll-x-mobile\"><div class=\"image\"><img decoding=\"async\" src=\"https:\/\/www.camping-anduze.net\/wp-content\/uploads\/2021\/05\/camping-fauvettes-services-animations-1-100x78.jpg\" data-src=\"https:\/\/www.camping-anduze.net\/wp-content\/uploads\/2021\/05\/camping-fauvettes-services-animations-1.jpg\" alt=\"\" class=\"images_image\" \/><\/div><\/div><\/div><\/div><\/div><\/section>\n\n<section id=\"section-609a49365ba80\"\" class=\"section home-second modele separateurImage oiseau plouf bg-white p-b-0 section--has-bg-img\" \/><img decoding=\"async\" src=\"https:\/\/www.camping-anduze.net\/wp-content\/uploads\/2021\/05\/anduze-piscine-exterieure-chauffee-100x39.jpg\" data-src=\"https:\/\/www.camping-anduze.net\/wp-content\/uploads\/2021\/05\/anduze-piscine-exterieure-chauffee.jpg\" alt=\"\" class=\"section_bg-img\" data-opacite=\"1\"\/><div class=\"container full\"><div class=\"colonnes-wrap valign-top \"><div class=\"element colonne \"><h2 class=\"element section-title justify\">Camping gard mit Schwimmbad<\/h2><div class=\"element bloc-text justify \">\n\t<p>Unser Campingplatz im Gard verf\u00fcgt \u00fcber <strong>einen Wasserpark mit beheiztem Schwimmbad<\/strong> (von Mitte Mai bis Mitte September), der sich ideal zum Schwimmen eignet.<\/p>\n<p>Der Wasserpark im Gard, in den Cevennen erwartet Sie mit Planschbecken, 50 Meter langer Wasserrutsche, neuem Wasserspielbereich f\u00fcr Kinder im Jahr 2023, Sonnenterrasse mit Liegest\u00fchlen&#8230; In der Hochsaison k\u00f6nnen Sie nach dem Schwimmen an unserer Poolbar im Herzen des Gard Ihren Durst l\u00f6schen. All dies geschieht unter Einhaltung der Gesundheitsnormen und der Barrieregesten.<\/p>\n<\/div><a href=\"https:\/\/www.camping-anduze.net\/de\/der-wasserbereich\/\" title=\"Der Wasserbereich\" class=\"element bouton justify\" ><span>Der Wasserbereich<\/span><\/a><\/div><\/div><\/div><\/section>\n\n<section id=\"section-609a49365bc1a\"\" class=\"section home-third bg-white p-t-0 p-b-0\" \/><div class=\"container full\"><div class=\"colonnes-wrap valign-middle modele\"><div class=\"element colonne modele_image\"><div class=\"element images scroll-x-mobile\"><div class=\"image\"><img decoding=\"async\" src=\"https:\/\/www.camping-anduze.net\/wp-content\/uploads\/2021\/09\/riviere-camping-fauvettes-100x71.jpg\" data-src=\"https:\/\/www.camping-anduze.net\/wp-content\/uploads\/2021\/09\/riviere-camping-fauvettes.jpg\" alt=\"\" class=\"images_image\" \/><\/div><\/div><a href=\"https:\/\/www.camping-anduze.net\/de\/der-fluss\/\" title=\"Den Fluss entdecken\" class=\"element bouton justify\" ><span>Den Fluss entdecken<\/span><\/a><\/div><div class=\"element colonne modele_texte\"><h2 class=\"element section-title justify\">Der Fluss nahe dem Campingplatz<\/h2><div class=\"element bloc-text justify \">\n\t<p>Lust auf eine Erfrischung? Kommen Sie zum Baden in den Gardon, <strong>der Fluss<\/strong> mit seinem klaren, durchscheinenden Wasser ist 400 m vom Campingplatz entfernt und zu Fu\u00df erreichbar&#8230;<br \/>\nEr ist nicht sehr tief und wird Gro\u00df und Klein begeistern.<\/p>\n<p><strong>Canyoning im Fluss<\/strong> (kostenpflichtige Aktivit\u00e4t) wird im Juli und August mit unserem Partner Bambou canyon angeboten.<\/p>\n<p>Genie\u00dfen Sie die Natur auf dem Flower Camping Les fauvettes in Okzitanien!<\/p>\n<\/div><\/div><\/div><\/div><\/section>\n\n<section id=\"section-609a49365bd27\"\" class=\"section home-fourth bg-white p-b-0\" \/><div class=\"container large\"><h2 class=\"element section-title center\">Camping Gard, entdecken Sie die Unterk\u00fcnfte<\/h2><div class=\"element bloc-text center \">\n\t<p>Der Flower Camping les Fauvettes in Anduze im Departement Gard bietet Ihnen abgegrenzte Stellpl\u00e4tze im Schatten oder Halbschatten sowie eine gro\u00dfe Auswahl an Chalets, Zeltbungalows und Mobilheimen zur Vermietung. Profitieren Sie auch von unserem neuen Angebot &#8222;ready to camp&#8220;, bei dem ein Zelt bereits aufgestellt und ausgestattet ist, oder mieten Sie eines unserer Mobilheime TRIBU f\u00fcr 10 Personen. Das Ganze liegt in einer gr\u00fcnen Umgebung von 4 Hektar auf den Hochebenen der Cevennen.<\/p>\n<\/div><\/div><\/section>\n\n<section id=\"section-609a49365bfd7\"\" class=\"section home-fourth-2 bg-white p-b-0\" \/><div class=\"container full\"><div class=\"colonnes-wrap valign-top \"><div class=\"element colonne \"><div class=\"element call-to-action  call-to-action--style-1 call-to-action--have-description call-to-action--big\"><a href=\"https:\/\/www.camping-anduze.net\/de\/das-meer\/\"  class=\"call-to-action_link\" title=\"Mehr \u00fcber entdecken sie unsere unterk\u00fcnfte\"><div class=\"call-to-action_image\"><img decoding=\"async\" src=\"https:\/\/www.camping-anduze.net\/wp-content\/uploads\/2021\/05\/camping-fauvettes-cta-locations-100x54.jpg\" data-src=\"https:\/\/www.camping-anduze.net\/wp-content\/uploads\/2021\/05\/camping-fauvettes-cta-locations.jpg\" alt=\"\" class=\"big\" \/><\/div><div class=\"call-to-action_contenu\"><div class=\"call-to-action_titre\">Entdecken Sie unsere Unterk\u00fcnfte<\/div><div class=\"call-to-action_description\">Im Departement Gard bietet Ihnen der Campingplatz verschiedene Mietobjekte: Chalets, Mobilheime, Zeltbungalows, ausgestattete Zelte, Mietobjekte f\u00fcr einen Stamm von 10 Personen. Einige unserer Mietunterk\u00fcnfte sind mit TV, Geschirrsp\u00fcler, Klimaanlage und \u00fcberdachten Terrassen ausgestattet.<\/div><\/div><\/a><\/div><\/div><div class=\"element colonne \"><div class=\"element call-to-action  call-to-action--style-1 call-to-action--have-description call-to-action--big\"><a href=\"https:\/\/www.camping-anduze.net\/de\/das-meer\/\"  class=\"call-to-action_link\" title=\"Mehr \u00fcber entdecken sie unsere standorte\"><div class=\"call-to-action_image\"><img decoding=\"async\" src=\"https:\/\/www.camping-anduze.net\/wp-content\/uploads\/2021\/05\/camping-fauvettes-cta-emplacements-100x72.jpg\" data-src=\"https:\/\/www.camping-anduze.net\/wp-content\/uploads\/2021\/05\/camping-fauvettes-cta-emplacements.jpg\" alt=\"\" class=\"big\" \/><\/div><div class=\"call-to-action_contenu\"><div class=\"call-to-action_titre\">Entdecken Sie unsere Standorte<\/div><div class=\"call-to-action_description\">Auf dem Campingplatz Les Fauvettes k\u00f6nnen Sie schattige oder halbschattige Stellpl\u00e4tze f\u00fcr Zelte, Wohnwagen und Wohnmobile mieten. Die Stellpl\u00e4tze sind zwischen 90 und 100m2 gro\u00df, sodass Sie den idealen Platz f\u00fcr Ihren Aufenthalt in Anduze finden werden. <\/div><\/div><\/a><\/div><\/div><div class=\"element colonne \"><div class=\"element call-to-action  call-to-action--style-1 call-to-action--have-description call-to-action--big\"><a href=\"https:\/\/www.camping-anduze.net\/de\/werden-sie-eigentuemer\/\"  class=\"call-to-action_link\" title=\"Mehr \u00fcber entdecken sie unsere preise\"><div class=\"call-to-action_image\"><img decoding=\"async\" src=\"https:\/\/www.camping-anduze.net\/wp-content\/uploads\/2021\/05\/camping-fauvettes-cta-tarifs-90x100.jpg\" data-src=\"https:\/\/www.camping-anduze.net\/wp-content\/uploads\/2021\/05\/camping-fauvettes-cta-tarifs.jpg\" alt=\"\" class=\"big\" \/><\/div><div class=\"call-to-action_contenu\"><div class=\"call-to-action_titre\">Entdecken Sie unsere Preise<\/div><div class=\"call-to-action_description\">Wenn Sie sich f\u00fcr einen Aufenthalt auf dem Campingplatz in Anduze entscheiden, profitieren Sie vom besten Preis-Leistungs-Verh\u00e4ltnis. Ob mit der Familie oder mit Freunden, Sie werden den Komfort unserer Unterk\u00fcnfte f\u00fcr einen erholsamen und kraftspendenden Urlaub nutzen.<\/div><\/div><\/a><\/div><\/div><div class=\"element colonne \"><div class=\"element call-to-action  call-to-action--style-1 call-to-action--have-description call-to-action--big\"><a href=\"https:\/\/www.camping-anduze.net\/de\/werden-sie-eigentuemer\/\"  class=\"call-to-action_link\" title=\"Mehr \u00fcber werden sie eigent\u00fcmer\"><div class=\"call-to-action_image\"><img decoding=\"async\" src=\"https:\/\/www.camping-anduze.net\/wp-content\/uploads\/2021\/06\/location-annee-anduze-100x85.jpg\" data-src=\"https:\/\/www.camping-anduze.net\/wp-content\/uploads\/2021\/06\/location-annee-anduze.jpg\" alt=\"\" class=\"big\" \/><\/div><div class=\"call-to-action_contenu\"><div class=\"call-to-action_titre\">Werden Sie Eigent\u00fcmer<\/div><div class=\"call-to-action_description\">M\u00f6chten Sie Eigent\u00fcmer werden? Entdecken Sie unsere Parzellen f\u00fcr Mobilheime oder Wohnwagen, die Sie ganzj\u00e4hrig mieten k\u00f6nnen, sowie neue oder gebrauchte Mobilheime. Unsere ca. 100 m2 gro\u00dfen Stellpl\u00e4tze sind vom 1. April bis zum 30. Oktober zug\u00e4nglich.<\/div><\/div><\/a><\/div><\/div><\/div><\/div><\/section>\n\n<section id=\"section-609b9879ec177\"\" class=\"section home-fifth modele oiseau aventure bg-color4 p-t-0 p-b-0\" \/><div class=\"container extralarge\"><div class=\"colonnes-wrap valign-middle \"><div class=\"element colonne \"><h2 class=\"element section-title left\">Die Umgebung entdecken<\/h2><div class=\"element bloc-text left \">\n\t<p>Willkommen in Anduze im Gard, auf dem Flower Camping les Fauvettes, in einer famili\u00e4ren und herzlichen Atmosph\u00e4re! Anduze im Departement Gard, das Tor zu den Cevennen, ein malerisches und authentisches Dorf, das vom Campingplatz aus zu Fu\u00df erreichbar ist, markiert die Grenze zwischen den Garrigues der Languedoc-Ebene und den Cevennen. Sie werden durch die kleinen Gassen des Stadtzentrums schlendern und sein reiches Kulturerbe und die wundersch\u00f6nen Landschaften des Gard entdecken!<\/p>\n<\/div><\/div><div class=\"element colonne \"><div class=\"element call-to-action  call-to-action--style-1 call-to-action--big\"><a href=\"https:\/\/www.camping-anduze.net\/de\/das-meer\/\"  class=\"call-to-action_link\" title=\"Mehr \u00fcber das meer\"><div class=\"call-to-action_image\"><img decoding=\"async\" src=\"https:\/\/www.camping-anduze.net\/wp-content\/uploads\/2021\/05\/camping-fauvettes-cta-alentours-mer-62x100.jpg\" data-src=\"https:\/\/www.camping-anduze.net\/wp-content\/uploads\/2021\/05\/camping-fauvettes-cta-alentours-mer.jpg\" alt=\"\" class=\"big\" \/><\/div><div class=\"call-to-action_contenu\"><div class=\"call-to-action_titre\">das Meer<\/div><\/div><\/a><\/div><\/div><div class=\"element colonne \"><div class=\"element call-to-action  call-to-action--style-1 call-to-action--big\"><a href=\"https:\/\/www.camping-anduze.net\/de\/die-cevennen\/\"  class=\"call-to-action_link\" title=\"Mehr \u00fcber die cevennen\"><div class=\"call-to-action_image\"><img decoding=\"async\" src=\"https:\/\/www.camping-anduze.net\/wp-content\/uploads\/2021\/05\/camping-fauvettes-cta-alentours-montagne-62x100.jpg\" data-src=\"https:\/\/www.camping-anduze.net\/wp-content\/uploads\/2021\/05\/camping-fauvettes-cta-alentours-montagne.jpg\" alt=\"\" class=\"big\" \/><\/div><div class=\"call-to-action_contenu\"><div class=\"call-to-action_titre\">die Cevennen<\/div><\/div><\/a><\/div><\/div><div class=\"element colonne \"><div class=\"element call-to-action  call-to-action--style-1 call-to-action--big\"><a href=\"https:\/\/www.camping-anduze.net\/de\/nimes\/\"  class=\"call-to-action_link\" title=\"Mehr \u00fcber n\u00eemes\"><div class=\"call-to-action_image\"><img decoding=\"async\" src=\"https:\/\/www.camping-anduze.net\/wp-content\/uploads\/2021\/05\/camping-fauvettes-cta-alentours-nimes-62x100.jpg\" data-src=\"https:\/\/www.camping-anduze.net\/wp-content\/uploads\/2021\/05\/camping-fauvettes-cta-alentours-nimes.jpg\" alt=\"\" class=\"big\" \/><\/div><div class=\"call-to-action_contenu\"><div class=\"call-to-action_titre\">N\u00eemes<\/div><\/div><\/a><\/div><\/div><\/div><\/div><\/section>\n\n<section id=\"section-609b9879ec355\"\" class=\"section home-sixth bg-white p-t-0\" \/><div class=\"container extralarge\"><h2 class=\"element section-title center\">Lesen Sie unseren Blog<\/h2><div class=\"element bloc-text center \">\n\t<p>Der Flower Camping les Fauvettes in Anduze im Departement Gard bietet Ihnen abgegrenzte Stellpl\u00e4tze im Schatten oder Halbschatten sowie eine gro\u00dfe Auswahl an Chalets, Zeltbungalows und Mobilheimen zur Vermietung. Profitieren Sie auch von unserer neuen Formel ready to camp\/ das ausgestattete Zelt, ein bereits aufgestelltes und ausgestattetes Zelt oder auch Mobilheime TRIBU 10 pers. Das Ganze liegt inmitten einer 4 Hektar gro\u00dfen Gr\u00fcnfl\u00e4che auf den Hochebenen der Cevennen im Departement Gard.<\/p>\n<\/div><ul class=\"liste-de-page articles scroll-x-mobile\"><li class=\"element call-to-action  call-to-action--style-1 call-to-action--have-description call-to-action--big\"><a href=\"https:\/\/www.camping-anduze.net\/de\/unkategorisiert\/neuheiten-in-anduze\/\"  class=\"call-to-action_link\" title=\"Mehr \u00fcber neuheiten in anduze\"><div class=\"call-to-action_image\"><img decoding=\"async\" src=\"https:\/\/www.camping-anduze.net\/wp-content\/uploads\/2021\/06\/camping-fauvettes-header-img-1-100x51.jpg\" data-src=\"https:\/\/www.camping-anduze.net\/wp-content\/uploads\/2021\/06\/camping-fauvettes-header-img-1.jpg\" alt=\"\" class=\"big\" \/><\/div><div class=\"call-to-action_contenu\"><div class=\"call-to-action_titre\">Neuheiten in Anduze<\/div><\/div><\/a><\/li><\/ul><\/div><\/section>","protected":false},"excerpt":{"rendered":"","protected":false},"author":3,"featured_media":0,"parent":0,"menu_order":0,"comment_status":"closed","ping_status":"closed","template":"","meta":{"_acf_changed":false,"footnotes":""},"class_list":["post-4130","page","type-page","status-publish","hentry"],"acf":[],"yoast_head":"<!-- This site is optimized with the Yoast SEO plugin v25.3 - https:\/\/yoast.com\/wordpress\/plugins\/seo\/ -->\n<title>Startseite - Camping Les Fauvettes<\/title>\n<meta name=\"robots\" content=\"index, follow, max-snippet:-1, max-image-preview:large, max-video-preview:-1\" \/>\n<link rel=\"canonical\" href=\"https:\/\/www.camping-anduze.net\/de\/\" \/>\n<meta property=\"og:locale\" content=\"de_DE\" \/>\n<meta property=\"og:type\" content=\"article\" \/>\n<meta property=\"og:title\" content=\"Startseite - Camping Les Fauvettes\" \/>\n<meta property=\"og:url\" content=\"https:\/\/www.camping-anduze.net\/de\/\" \/>\n<meta property=\"og:site_name\" content=\"Camping Les Fauvettes\" \/>\n<meta property=\"article:modified_time\" content=\"2024-05-28T12:46:13+00:00\" \/>\n<meta name=\"twitter:card\" content=\"summary_large_image\" \/>\n<script type=\"application\/ld+json\" class=\"yoast-schema-graph\">{\"@context\":\"https:\/\/schema.org\",\"@graph\":[{\"@type\":\"WebPage\",\"@id\":\"https:\/\/www.camping-anduze.net\/de\/\",\"url\":\"https:\/\/www.camping-anduze.net\/de\/\",\"name\":\"Startseite - Camping Les Fauvettes\",\"isPartOf\":{\"@id\":\"https:\/\/www.camping-anduze.net\/de\/#website\"},\"datePublished\":\"2023-04-04T12:59:12+00:00\",\"dateModified\":\"2024-05-28T12:46:13+00:00\",\"breadcrumb\":{\"@id\":\"https:\/\/www.camping-anduze.net\/de\/#breadcrumb\"},\"inLanguage\":\"de\",\"potentialAction\":[{\"@type\":\"ReadAction\",\"target\":[\"https:\/\/www.camping-anduze.net\/de\/\"]}]},{\"@type\":\"BreadcrumbList\",\"@id\":\"https:\/\/www.camping-anduze.net\/de\/#breadcrumb\",\"itemListElement\":[{\"@type\":\"ListItem\",\"position\":1,\"name\":\"Camping Gard\",\"item\":\"https:\/\/www.camping-anduze.net\/de\/\"},{\"@type\":\"ListItem\",\"position\":2,\"name\":\"Startseite\"}]},{\"@type\":\"WebSite\",\"@id\":\"https:\/\/www.camping-anduze.net\/de\/#website\",\"url\":\"https:\/\/www.camping-anduze.net\/de\/\",\"name\":\"Camping Les Fauvettes\",\"description\":\"\",\"publisher\":{\"@id\":\"https:\/\/www.camping-anduze.net\/de\/#organization\"},\"potentialAction\":[{\"@type\":\"SearchAction\",\"target\":{\"@type\":\"EntryPoint\",\"urlTemplate\":\"https:\/\/www.camping-anduze.net\/de\/?s={search_term_string}\"},\"query-input\":{\"@type\":\"PropertyValueSpecification\",\"valueRequired\":true,\"valueName\":\"search_term_string\"}}],\"inLanguage\":\"de\"},{\"@type\":\"Organization\",\"@id\":\"https:\/\/www.camping-anduze.net\/de\/#organization\",\"name\":\"Les Fauvettes Camping Caravaning Locations\",\"url\":\"https:\/\/www.camping-anduze.net\/de\/\",\"logo\":{\"@type\":\"ImageObject\",\"inLanguage\":\"de\",\"@id\":\"https:\/\/www.camping-anduze.net\/de\/#\/schema\/logo\/image\/\",\"url\":\"https:\/\/www.camping-anduze.net\/wp-content\/uploads\/2021\/05\/camping-fauvettes-logo.png\",\"contentUrl\":\"https:\/\/www.camping-anduze.net\/wp-content\/uploads\/2021\/05\/camping-fauvettes-logo.png\",\"width\":486,\"height\":100,\"caption\":\"Les Fauvettes Camping Caravaning Locations\"},\"image\":{\"@id\":\"https:\/\/www.camping-anduze.net\/de\/#\/schema\/logo\/image\/\"}}]}<\/script>\n<!-- \/ Yoast SEO plugin. -->","yoast_head_json":{"title":"Startseite - Camping Les Fauvettes","robots":{"index":"index","follow":"follow","max-snippet":"max-snippet:-1","max-image-preview":"max-image-preview:large","max-video-preview":"max-video-preview:-1"},"canonical":"https:\/\/www.camping-anduze.net\/de\/","og_locale":"de_DE","og_type":"article","og_title":"Startseite - Camping Les Fauvettes","og_url":"https:\/\/www.camping-anduze.net\/de\/","og_site_name":"Camping Les Fauvettes","article_modified_time":"2024-05-28T12:46:13+00:00","twitter_card":"summary_large_image","schema":{"@context":"https:\/\/schema.org","@graph":[{"@type":"WebPage","@id":"https:\/\/www.camping-anduze.net\/de\/","url":"https:\/\/www.camping-anduze.net\/de\/","name":"Startseite - Camping Les Fauvettes","isPartOf":{"@id":"https:\/\/www.camping-anduze.net\/de\/#website"},"datePublished":"2023-04-04T12:59:12+00:00","dateModified":"2024-05-28T12:46:13+00:00","breadcrumb":{"@id":"https:\/\/www.camping-anduze.net\/de\/#breadcrumb"},"inLanguage":"de","potentialAction":[{"@type":"ReadAction","target":["https:\/\/www.camping-anduze.net\/de\/"]}]},{"@type":"BreadcrumbList","@id":"https:\/\/www.camping-anduze.net\/de\/#breadcrumb","itemListElement":[{"@type":"ListItem","position":1,"name":"Camping Gard","item":"https:\/\/www.camping-anduze.net\/de\/"},{"@type":"ListItem","position":2,"name":"Startseite"}]},{"@type":"WebSite","@id":"https:\/\/www.camping-anduze.net\/de\/#website","url":"https:\/\/www.camping-anduze.net\/de\/","name":"Camping Les Fauvettes","description":"","publisher":{"@id":"https:\/\/www.camping-anduze.net\/de\/#organization"},"potentialAction":[{"@type":"SearchAction","target":{"@type":"EntryPoint","urlTemplate":"https:\/\/www.camping-anduze.net\/de\/?s={search_term_string}"},"query-input":{"@type":"PropertyValueSpecification","valueRequired":true,"valueName":"search_term_string"}}],"inLanguage":"de"},{"@type":"Organization","@id":"https:\/\/www.camping-anduze.net\/de\/#organization","name":"Les Fauvettes Camping Caravaning Locations","url":"https:\/\/www.camping-anduze.net\/de\/","logo":{"@type":"ImageObject","inLanguage":"de","@id":"https:\/\/www.camping-anduze.net\/de\/#\/schema\/logo\/image\/","url":"https:\/\/www.camping-anduze.net\/wp-content\/uploads\/2021\/05\/camping-fauvettes-logo.png","contentUrl":"https:\/\/www.camping-anduze.net\/wp-content\/uploads\/2021\/05\/camping-fauvettes-logo.png","width":486,"height":100,"caption":"Les Fauvettes Camping Caravaning Locations"},"image":{"@id":"https:\/\/www.camping-anduze.net\/de\/#\/schema\/logo\/image\/"}}]}},"_links":{"self":[{"href":"https:\/\/www.camping-anduze.net\/de\/wp-json\/wp\/v2\/pages\/4130","targetHints":{"allow":["GET"]}}],"collection":[{"href":"https:\/\/www.camping-anduze.net\/de\/wp-json\/wp\/v2\/pages"}],"about":[{"href":"https:\/\/www.camping-anduze.net\/de\/wp-json\/wp\/v2\/types\/page"}],"author":[{"embeddable":true,"href":"https:\/\/www.camping-anduze.net\/de\/wp-json\/wp\/v2\/users\/3"}],"replies":[{"embeddable":true,"href":"https:\/\/www.camping-anduze.net\/de\/wp-json\/wp\/v2\/comments?post=4130"}],"version-history":[{"count":66,"href":"https:\/\/www.camping-anduze.net\/de\/wp-json\/wp\/v2\/pages\/4130\/revisions"}],"predecessor-version":[{"id":4798,"href":"https:\/\/www.camping-anduze.net\/de\/wp-json\/wp\/v2\/pages\/4130\/revisions\/4798"}],"wp:attachment":[{"href":"https:\/\/www.camping-anduze.net\/de\/wp-json\/wp\/v2\/media?parent=4130"}],"curies":[{"name":"wp","href":"https:\/\/api.w.org\/{rel}","templated":true}]}}